{"id":2927,"date":"2025-04-13T09:48:55","date_gmt":"2025-04-13T09:48:55","guid":{"rendered":"https:\/\/herbalhorizons.co\/product\/mexicana-kit-de-cultivo-de-cogumelos-magicos\/"},"modified":"2025-04-23T11:25:54","modified_gmt":"2025-04-23T11:25:54","slug":"mexicana-kit-de-cultivo-de-cogumelos-magicos","status":"publish","type":"product","link":"https:\/\/herbalhorizons.co\/pt-pt\/produto\/mexicana-kit-de-cultivo-de-cogumelos-magicos\/","title":{"rendered":"Mexicana &#8211; Kit de cultivo de cogumelos m\u00e1gicos"},"content":{"rendered":"\n<div id=\"wd-67ebcd5c\" class=\"wp-block-wd-row\">\n<div id=\"wd-af8a8c9f\" class=\"wp-block-wd-column\">\n<h2 id=\"wd-3cbb8ed8\" class=\"wp-block-wd-title title\">Porqu\u00ea a Mexicana?<\/h2>\n\n\n\n<ul class=\"wp-block-list\">\n<li><strong>Perfil da viagem:<\/strong> Calmo, euf\u00f3rico, que expande o pensamento &#8211; um \u00f3timo companheiro para a criatividade a solo ou para viagens sociais ligeiras<\/li>\n\n\n\n<li><strong>M\u00e9dia de colheita:<\/strong> 400-500g com os devidos cuidados e m\u00faltiplos fluxos<\/li>\n\n\n\n<li><strong>Origem:<\/strong> Am\u00e9rica Central &#8211; ra\u00edzes espirituais, percep\u00e7\u00f5es universais.<\/li>\n<\/ul>\n<\/div>\n\n\n\n<div id=\"wd-33e24f4e\" class=\"wp-block-wd-column\">\n<div id=\"wd-cf5fd1b7\" class=\"wp-block-wd-table\">\n<figure class=\"wp-block-table\"><table><thead><tr><th>Especifica\u00e7\u00f5es R\u00e1pidas<\/th><\/tr><\/thead><tbody><tr><td><strong>Estirpe:<\/strong> Psilocibo Cubensis Mexicana<\/td><\/tr><tr><td><strong>Dificuldade:<\/strong> F\u00e1cil<\/td><\/tr><tr><td><strong>For\u00e7a: <\/strong>Moderada<\/td><\/tr><tr><td><strong>Coloniza\u00e7\u00e3o: <\/strong>10-14 dias a 28-30\u00b0C<\/td><\/tr><tr><td><strong>Frutifica\u00e7\u00e3o: <\/strong>14-21 dias a 18-27\u00b0C<\/td><\/tr><tr><td><strong>Armazenamento:<\/strong> Utilizar imediatamente ou guardar no frigor\u00edfico (m\u00e1ximo 1 m\u00eas)<\/td><\/tr><\/tbody><\/table><\/figure>\n<\/div>\n<\/div>\n\n\n\n<div id=\"wd-c78be697\" class=\"wp-block-wd-column\">\n<h2 id=\"wd-491a5234\" class=\"wp-block-wd-title title\">O Que Est\u00e1 Inclu\u00eddo<\/h2>\n\n\n\n<ul class=\"wp-block-list\">\n<li>Caixa de cultivo com 1200cc de substrato (100% mic\u00e9lio ativo)<\/li>\n\n\n\n<li>Saco de cultivo filtrado para manter o microclima ideal<\/li>\n\n\n\n<li>Clipes de papel para um fecho limpo<\/li>\n\n\n\n<li>Instru\u00e7\u00f5es f\u00e1ceis de seguir para um cultivo completo<\/li>\n<\/ul>\n<\/div>\n<\/div>\n","protected":false},"excerpt":{"rendered":"<p class=\"\" data-start=\"269\" data-end=\"382\"><strong data-start=\"269\" data-end=\"325\">O cl\u00e1ssico. Suave, claro e espiritualmente curioso. <\/strong><br data-start=\"325\" data-end=\"328\">Adorado por mais de <strong data-start=\"342\" data-end=\"382\">100 micologistas e exploradores da mente<\/strong>.<\/p>\n<h4 class=\"\" data-start=\"592\" data-end=\"619\">Conhe\u00e7a a Mexicana<\/h4>\n<p class=\"\" data-start=\"620\" data-end=\"927\">Entra no caminho suave e dourado dos psicad\u00e9licos com o nosso kit de cultivo <strong data-start=\"679\" data-end=\"718\">Mexicana Psilocybe Cubensis<\/strong>.<br data-start=\"719\" data-end=\"722\">F\u00e1cil de cultivar. Profundamente gratificante. Conhecida pela sua energia quente e introspectiva e pelos seus frutos maravilhosamente estruturados, este kit \u00e9 perfeito tanto para principiantes como para cultivadores experientes que procuram clareza em vez de caos.  <\/p>\n<p class=\"\" data-start=\"929\" data-end=\"1046\">Esta \u00e9 a sua entrada para o arqu\u00e9tipo psicad\u00e9lico &#8211; altos suaves, pensamentos brilhantes e uma vibra\u00e7\u00e3o interior que simplesmente faz clique.<\/p>\n","protected":false},"featured_media":2307,"comment_status":"open","ping_status":"closed","template":"","meta":[],"product_brand":[],"product_cat":[157],"product_tag":[222,223,191],"class_list":{"0":"post-2927","1":"product","2":"type-product","3":"status-publish","4":"has-post-thumbnail","6":"product_cat-mushroom-kits-pt-pt","7":"product_tag-kits-de-cogumelos","8":"product_tag-kits-de-cultivo-pt-pt","9":"product_tag-psilocibina-pt-pt","11":"first","12":"outofstock","13":"shipping-taxable","14":"purchasable","15":"product-type-simple"},"_links":{"self":[{"href":"https:\/\/herbalhorizons.co\/pt-pt\/wp-json\/wp\/v2\/product\/2927","targetHints":{"allow":["GET"]}}],"collection":[{"href":"https:\/\/herbalhorizons.co\/pt-pt\/wp-json\/wp\/v2\/product"}],"about":[{"href":"https:\/\/herbalhorizons.co\/pt-pt\/wp-json\/wp\/v2\/types\/product"}],"replies":[{"embeddable":true,"href":"https:\/\/herbalhorizons.co\/pt-pt\/wp-json\/wp\/v2\/comments?post=2927"}],"wp:featuredmedia":[{"embeddable":true,"href":"https:\/\/herbalhorizons.co\/pt-pt\/wp-json\/wp\/v2\/media\/2307"}],"wp:attachment":[{"href":"https:\/\/herbalhorizons.co\/pt-pt\/wp-json\/wp\/v2\/media?parent=2927"}],"wp:term":[{"taxonomy":"product_brand","embeddable":true,"href":"https:\/\/herbalhorizons.co\/pt-pt\/wp-json\/wp\/v2\/product_brand?post=2927"},{"taxonomy":"product_cat","embeddable":true,"href":"https:\/\/herbalhorizons.co\/pt-pt\/wp-json\/wp\/v2\/product_cat?post=2927"},{"taxonomy":"product_tag","embeddable":true,"href":"https:\/\/herbalhorizons.co\/pt-pt\/wp-json\/wp\/v2\/product_tag?post=2927"}],"curies":[{"name":"wp","href":"https:\/\/api.w.org\/{rel}","templated":true}]}}