{"id":2921,"date":"2025-04-13T09:54:23","date_gmt":"2025-04-13T09:54:23","guid":{"rendered":"https:\/\/herbalhorizons.co\/product\/mckennaii-kit-de-cultivo-de-cogumelos-magicos\/"},"modified":"2025-04-23T11:04:49","modified_gmt":"2025-04-23T11:04:49","slug":"mckennaii-kit-de-cultivo-de-cogumelos-magicos","status":"publish","type":"product","link":"https:\/\/herbalhorizons.co\/pt-pt\/produto\/mckennaii-kit-de-cultivo-de-cogumelos-magicos\/","title":{"rendered":"McKennaii &#8211; Kit de cultivo de cogumelos m\u00e1gicos"},"content":{"rendered":"\n<div id=\"wd-67ebcd5c\" class=\"wp-block-wd-row\">\n<div id=\"wd-af8a8c9f\" class=\"wp-block-wd-column\">\n<h2 id=\"wd-3cbb8ed8\" class=\"wp-block-wd-title title\">Porqu\u00ea McKennaii?<\/h2>\n\n\n\n<ul class=\"wp-block-list\">\n<li><strong>Efeitos:<\/strong> Alucina\u00e7\u00f5es v\u00edvidas, distor\u00e7\u00e3o do tempo, descargas c\u00f3smicas<\/li>\n\n\n\n<li><strong>Pot\u00eancia: <\/strong>Alta &#8211; para viajantes experientes ou iniciados corajosos<\/li>\n\n\n\n<li><strong>Colheita: <\/strong>400-500g com os devidos cuidados e m\u00faltiplos fluxos<\/li>\n\n\n\n<li><strong>Vibe:<\/strong> Crescimento r\u00e1pido, frutifica\u00e7\u00e3o forte, impacto intenso<\/li>\n<\/ul>\n<\/div>\n\n\n\n<div id=\"wd-33e24f4e\" class=\"wp-block-wd-column\">\n<div id=\"wd-cf5fd1b7\" class=\"wp-block-wd-table\">\n<figure class=\"wp-block-table\"><table><thead><tr><th>Especifica\u00e7\u00f5es R\u00e1pidas<\/th><\/tr><\/thead><tbody><tr><td><strong>Estirpe:<\/strong> Psilocibo McKennaii<\/td><\/tr><tr><td><strong>Dificuldade:<\/strong> F\u00e1cil<\/td><\/tr><tr><td><strong>Pot\u00eancia:<\/strong> Alta<\/td><\/tr><tr><td><strong>Tiempo de colonizaci\u00f3n:<\/strong> 12-14 d\u00edas (28-30\u00b0C)<\/td><\/tr><tr><td><strong>Tempo de frutifica\u00e7\u00e3o:<\/strong> 14-21 dias (18-27\u00b0C)<\/td><\/tr><tr><td><strong>Armazenamento:<\/strong> Conservar no frigor\u00edfico at\u00e9 1 m\u00eas antes de utilizar<\/td><\/tr><\/tbody><\/table><\/figure>\n<\/div>\n<\/div>\n\n\n\n<div id=\"wd-c78be697\" class=\"wp-block-wd-column\">\n<h2 id=\"wd-491a5234\" class=\"wp-block-wd-title title\">O Que Est\u00e1 Inclu\u00eddo<\/h2>\n\n\n\n<ul class=\"wp-block-list\">\n<li>Caixa de cultivo de 1200cc (100% mic\u00e9lio ativo)<\/li>\n\n\n\n<li>Saco de cultivo filtrado para criar o microclima correto<\/li>\n\n\n\n<li>Clipes de papel para selagem simples<\/li>\n\n\n\n<li>Instru\u00e7\u00f5es completas de cultivo do in\u00edcio ao fim<\/li>\n<\/ul>\n<\/div>\n<\/div>\n","protected":false},"excerpt":{"rendered":"<p class=\"\" data-start=\"271\" data-end=\"305\"><strong data-start=\"273\" data-end=\"338\">Visuais intensos. Introspe\u00e7\u00e3o radical. Nome de uma lenda.  <\/strong><\/p>\n<p class=\"\" data-start=\"627\" data-end=\"883\">Esta gama \u00e9 uma homenagem a <strong data-start=\"655\" data-end=\"674\">Terence McKenna<\/strong>, psiconauta, fil\u00f3sofo e padrinho do pensamento psicad\u00e9lico profundo. Espere o inesperado: visuais intensos, distor\u00e7\u00e3o do ego e percep\u00e7\u00f5es agudas e em espiral. Esta \u00e9 uma cole\u00e7\u00e3o para os corajosos, n\u00e3o para os curiosos.  <\/p>\n<p data-start=\"627\" data-end=\"883\"><strong data-start=\"1735\" data-end=\"1780\">N\u00e3o \u00e9 para os fracos. Esta \u00e9 a verdadeira viagem. <\/strong><br data-start=\"1780\" data-end=\"1783\">Os cogumelos McKennaii s\u00e3o para aqueles que querem mais do que efeitos visuais &#8211; s\u00e3o para aqueles que procuram a verdade em bruto.<\/p>\n","protected":false},"featured_media":2313,"comment_status":"open","ping_status":"closed","template":"","meta":[],"product_brand":[],"product_cat":[157],"product_tag":[222,223,191],"class_list":{"0":"post-2921","1":"product","2":"type-product","3":"status-publish","4":"has-post-thumbnail","6":"product_cat-mushroom-kits-pt-pt","7":"product_tag-kits-de-cogumelos","8":"product_tag-kits-de-cultivo-pt-pt","9":"product_tag-psilocibina-pt-pt","11":"first","12":"outofstock","13":"shipping-taxable","14":"purchasable","15":"product-type-simple"},"_links":{"self":[{"href":"https:\/\/herbalhorizons.co\/pt-pt\/wp-json\/wp\/v2\/product\/2921","targetHints":{"allow":["GET"]}}],"collection":[{"href":"https:\/\/herbalhorizons.co\/pt-pt\/wp-json\/wp\/v2\/product"}],"about":[{"href":"https:\/\/herbalhorizons.co\/pt-pt\/wp-json\/wp\/v2\/types\/product"}],"replies":[{"embeddable":true,"href":"https:\/\/herbalhorizons.co\/pt-pt\/wp-json\/wp\/v2\/comments?post=2921"}],"wp:featuredmedia":[{"embeddable":true,"href":"https:\/\/herbalhorizons.co\/pt-pt\/wp-json\/wp\/v2\/media\/2313"}],"wp:attachment":[{"href":"https:\/\/herbalhorizons.co\/pt-pt\/wp-json\/wp\/v2\/media?parent=2921"}],"wp:term":[{"taxonomy":"product_brand","embeddable":true,"href":"https:\/\/herbalhorizons.co\/pt-pt\/wp-json\/wp\/v2\/product_brand?post=2921"},{"taxonomy":"product_cat","embeddable":true,"href":"https:\/\/herbalhorizons.co\/pt-pt\/wp-json\/wp\/v2\/product_cat?post=2921"},{"taxonomy":"product_tag","embeddable":true,"href":"https:\/\/herbalhorizons.co\/pt-pt\/wp-json\/wp\/v2\/product_tag?post=2921"}],"curies":[{"name":"wp","href":"https:\/\/api.w.org\/{rel}","templated":true}]}}