{"id":2898,"date":"2024-07-22T14:03:39","date_gmt":"2024-07-22T14:03:39","guid":{"rendered":"https:\/\/herbalhorizons.co\/product\/kit-de-cultivo-de-cogumelos-magicos-golden-teacher\/"},"modified":"2025-04-23T11:39:50","modified_gmt":"2025-04-23T11:39:50","slug":"kit-de-cultivo-de-cogumelos-magicos-golden-teacher","status":"publish","type":"product","link":"https:\/\/herbalhorizons.co\/pt-pt\/produto\/kit-de-cultivo-de-cogumelos-magicos-golden-teacher\/","title":{"rendered":"Kit de Cultivo de Cogumelos M\u00e1gicos &#8211; Golden Teacher"},"content":{"rendered":"\n<div id=\"wd-67ebcd5c\" class=\"wp-block-wd-row\">\n<div id=\"wd-af8a8c9f\" class=\"wp-block-wd-column\">\n<h2 id=\"wd-3cbb8ed8\" class=\"wp-block-wd-title title\">Por que escolher Golden Teacher?<\/h2>\n\n\n\n<ul class=\"wp-block-list\">\n<li><strong>Pot\u00eancia:<\/strong> Proporciona experi\u00eancias profundas e filos\u00f3ficas com luminosidade visual e clareza emocional.<\/li>\n\n\n\n<li><strong>Rendimento:<\/strong> Expectativa de <strong>400-500g<\/strong> de cogumelos frescos com os devidos cuidados e m\u00faltiplas colheitas.<\/li>\n\n\n\n<li><strong>Facilidade:<\/strong> Cultivo simples e limpo. Sem esporos, sem sujidade \u2014 basta cultivar e prosseguir. <\/li>\n<\/ul>\n<\/div>\n\n\n\n<div id=\"wd-33e24f4e\" class=\"wp-block-wd-column\">\n<div id=\"wd-cf5fd1b7\" class=\"wp-block-wd-table\">\n<figure class=\"wp-block-table\"><table><thead><tr><th>Especifica\u00e7\u00f5es R\u00e1pidas<\/th><\/tr><\/thead><tbody><tr><td><strong>Estirpe:<\/strong> Golden Teacher (Psilocybe Cubensis)<\/td><\/tr><tr><td><strong>Dificuldade:<\/strong> F\u00e1cil<\/td><\/tr><tr><td><strong>Tiempo de colonizaci\u00f3n:<\/strong> 12-14 d\u00edas (28-30\u00b0C)<\/td><\/tr><tr><td><strong>Tempo de Frutifica\u00e7\u00e3o:<\/strong> 14-21 dias (23-26\u00b0C)<\/td><\/tr><tr><td><strong>Armazenamento:<\/strong> Pode ser refrigerado (m\u00e1ximo 1 m\u00eas antes da utiliza\u00e7\u00e3o)<\/td><\/tr><\/tbody><\/table><\/figure>\n<\/div>\n<\/div>\n\n\n\n<div id=\"wd-c78be697\" class=\"wp-block-wd-column\">\n<h2 id=\"wd-491a5234\" class=\"wp-block-wd-title title\">O Que Est\u00e1 Inclu\u00eddo<\/h2>\n\n\n\n<ul class=\"wp-block-list\">\n<li>Caixa de cultivo de 1200cc preenchida com 100% de mic\u00e9lio ativo<\/li>\n\n\n\n<li>Saco de cultivo filtrado para criar o microclima ideal<\/li>\n\n\n\n<li>Clipe(s) para fecho seguro<\/li>\n\n\n\n<li>Instru\u00e7\u00f5es completas para uma bem-sucedida inicia\u00e7\u00e3o, frutifica\u00e7\u00e3o e colheita<\/li>\n<\/ul>\n<\/div>\n<\/div>\n","protected":false},"excerpt":{"rendered":"<p class=\"\" data-start=\"674\" data-end=\"848\">Cultive o lend\u00e1rio <strong data-start=\"693\" data-end=\"730\">Psilocybe Cubensis Golden Teacher<\/strong> \u2014 um favorito devido aos seus chap\u00e9us dourados, pot\u00eancia moderada a elevada e capacidade de proporcionar jornadas introspetivas e significativas.<\/p>\n<p class=\"\" data-start=\"850\" data-end=\"932\">Pr\u00e9-inoculado, f\u00e1cil de utilizar e concebido tanto para principiantes como para cultivadores experientes.<\/p>\n","protected":false},"featured_media":2301,"comment_status":"open","ping_status":"closed","template":"","meta":[],"product_brand":[],"product_cat":[157],"product_tag":[222,223,191],"class_list":{"0":"post-2898","1":"product","2":"type-product","3":"status-publish","4":"has-post-thumbnail","6":"product_cat-mushroom-kits-pt-pt","7":"product_tag-kits-de-cogumelos","8":"product_tag-kits-de-cultivo-pt-pt","9":"product_tag-psilocibina-pt-pt","11":"first","12":"outofstock","13":"shipping-taxable","14":"purchasable","15":"product-type-simple"},"_links":{"self":[{"href":"https:\/\/herbalhorizons.co\/pt-pt\/wp-json\/wp\/v2\/product\/2898","targetHints":{"allow":["GET"]}}],"collection":[{"href":"https:\/\/herbalhorizons.co\/pt-pt\/wp-json\/wp\/v2\/product"}],"about":[{"href":"https:\/\/herbalhorizons.co\/pt-pt\/wp-json\/wp\/v2\/types\/product"}],"replies":[{"embeddable":true,"href":"https:\/\/herbalhorizons.co\/pt-pt\/wp-json\/wp\/v2\/comments?post=2898"}],"wp:featuredmedia":[{"embeddable":true,"href":"https:\/\/herbalhorizons.co\/pt-pt\/wp-json\/wp\/v2\/media\/2301"}],"wp:attachment":[{"href":"https:\/\/herbalhorizons.co\/pt-pt\/wp-json\/wp\/v2\/media?parent=2898"}],"wp:term":[{"taxonomy":"product_brand","embeddable":true,"href":"https:\/\/herbalhorizons.co\/pt-pt\/wp-json\/wp\/v2\/product_brand?post=2898"},{"taxonomy":"product_cat","embeddable":true,"href":"https:\/\/herbalhorizons.co\/pt-pt\/wp-json\/wp\/v2\/product_cat?post=2898"},{"taxonomy":"product_tag","embeddable":true,"href":"https:\/\/herbalhorizons.co\/pt-pt\/wp-json\/wp\/v2\/product_tag?post=2898"}],"curies":[{"name":"wp","href":"https:\/\/api.w.org\/{rel}","templated":true}]}}