{"id":2897,"date":"2025-04-14T15:53:02","date_gmt":"2025-04-14T15:53:02","guid":{"rendered":"https:\/\/herbalhorizons.co\/product\/purple-sunset-sementes-de-canabis-autoflorescentes\/"},"modified":"2025-04-23T10:28:39","modified_gmt":"2025-04-23T10:28:39","slug":"purple-sunset-sementes-de-canabis-autoflorescentes","status":"publish","type":"product","link":"https:\/\/herbalhorizons.co\/pt-pt\/produto\/purple-sunset-sementes-de-canabis-autoflorescentes\/","title":{"rendered":"Purple Sunset \u2013 Sementes de Can\u00e1bis Autoflorescentes"},"content":{"rendered":"\n<div id=\"wd-67ebcd5c\" class=\"wp-block-wd-row\">\n<div id=\"wd-af8a8c9f\" class=\"wp-block-wd-column\">\n<h2 id=\"wd-3cbb8ed8\" class=\"wp-block-wd-title title\">Efeitos:<\/h2>\n\n\n\n<ul class=\"wp-block-list\">\n<li>Eleva\u00e7\u00e3o euf\u00f3rica com descida suave<\/li>\n\n\n\n<li>Estimula\u00e7\u00e3o mental equilibrada + relaxamento corporal<\/li>\n\n\n\n<li>Excelente para melhorar o humor e aliviar o stress<\/li>\n\n\n\n<li>Efeito duradouro sem ser avassalador<\/li>\n<\/ul>\n\n\n\n<h2 id=\"wd-58fbe819\" class=\"wp-block-wd-title title\">Sabor e Aroma:<\/h2>\n\n\n\n<ul class=\"wp-block-list\">\n<li>Base cremosa de bolacha com camadas de fruta tropical<\/li>\n\n\n\n<li>Notas de bagas, citrinos e baunilha<\/li>\n\n\n\n<li>Inala\u00e7\u00e3o suave, exala\u00e7\u00e3o doce \u2014 sobremesa em cada baforada<\/li>\n<\/ul>\n<\/div>\n\n\n\n<div id=\"wd-33e24f4e\" class=\"wp-block-wd-column\">\n<div id=\"wd-cf5fd1b7\" class=\"wp-block-wd-table\">\n<figure class=\"wp-block-table\"><table><thead><tr><th>O que Obt\u00e9m:<\/th><\/tr><\/thead><tbody><tr><td><strong>Gen\u00e9tica:<\/strong> Purple Punch x Sunset Sherbet<\/td><\/tr><tr><td><strong>Tipo de Semente:<\/strong> Autoflorescente<\/td><\/tr><tr><td><strong>R\u00e1cio Sativa\/Indica:<\/strong> 50% Sativa \/ 50% Indica<\/td><\/tr><tr><td><strong>Produ\u00e7\u00e3o Interior:<\/strong> 550\u2013650g\/m\u00b2<\/td><\/tr><tr><td><strong>Rendimento no Exterior:<\/strong> 100\u2013200g por planta<\/td><\/tr><tr><td><strong>Tempo de Flora\u00e7\u00e3o:<\/strong> 11 semanas desde a sementeira<\/td><\/tr><tr><td><strong>Altura Interior:<\/strong> 80\u2013110cm \/ <strong>Altura Exterior:<\/strong> 80\u2013110cm<\/td><\/tr><tr><td><strong>THC:<\/strong> 27\u201330% \/ <strong>CBD:<\/strong> M\u00e9dio<\/td><\/tr><tr><td><strong>Resist\u00eancia ao Bolor:<\/strong> M\u00e9dia<\/td><\/tr><\/tbody><\/table><\/figure>\n<\/div>\n<\/div>\n\n\n\n<div id=\"wd-c78be697\" class=\"wp-block-wd-column\">\n<h2 id=\"wd-5b579f2e\" class=\"wp-block-wd-title title\">Por que Escolher Purple Sunset Auto?<\/h2>\n\n\n\n<ul class=\"wp-block-list\">\n<li>Perfil de sabor ousado, semelhante a sobremesa<\/li>\n\n\n\n<li>Efeitos fortes, mas equilibrados<\/li>\n\n\n\n<li>Bot\u00f5es altamente est\u00e9ticos com tons roxos profundos<\/li>\n\n\n\n<li>F\u00e1cil de cultivar com rendimento satisfat\u00f3rio<\/li>\n<\/ul>\n\n\n\n<h2 id=\"wd-f4daca0b\" class=\"wp-block-wd-title title\">Dicas de Cultivo:<\/h2>\n\n\n\n<ul class=\"wp-block-list\">\n<li>Responde bem ao LST ligeiro no in\u00edcio<\/li>\n\n\n\n<li>Esperar tons roxos na flora\u00e7\u00e3o tardia sob temperaturas frescas<\/li>\n\n\n\n<li>Garantir um fluxo de ar s\u00f3lido para prevenir o bolor<\/li>\n\n\n\n<li>Utilizar alimenta\u00e7\u00f5es ricas em terpenos para real\u00e7ar o sabor<\/li>\n\n\n\n<li>Deixar passar as 11 semanas completas para maximizar o THC e o sabor<\/li>\n<\/ul>\n\n\n\n<h2 id=\"wd-37c5c520\" class=\"wp-block-wd-title title\">Ideal Para:<\/h2>\n\n\n\n<ul class=\"wp-block-list\">\n<li>Apreciadores de sabor e ca\u00e7adores de terpenos<\/li>\n\n\n\n<li>Uso equilibrado diurno ou noturno<\/li>\n\n\n\n<li>Cultivadores em busca de variedades com cor e aroma \u00fanicos<\/li>\n\n\n\n<li>F\u00e3s de bot\u00f5es geados, dignos do Instagram<\/li>\n<\/ul>\n<\/div>\n<\/div>\n","protected":false},"excerpt":{"rendered":"<h4 class=\"\" data-start=\"397\" data-end=\"434\"><strong data-start=\"222\" data-end=\"273\">\ud83d\udd25 Vibra\u00e7\u00f5es tropicais. Euforia de creme de bolachas. <br data-start=\"258\" data-end=\"261\"><\/strong><\/h4>\n<p>27\u201330% THC | Purple Punch x Sunset Sherbet | Sabor ousado, efeito equilibrado.<\/p>\n<p class=\"\" data-start=\"460\" data-end=\"718\">A <strong data-start=\"460\" data-end=\"482\">Purple Sunset Auto<\/strong> combina o soco revestido de doce da <strong data-start=\"516\" data-end=\"532\">Purple Punch<\/strong> com o funk c\u00edtrico cremoso da <strong data-start=\"564\" data-end=\"582\">Sunset Sherbet<\/strong>. Este h\u00edbrido perfeitamente equilibrado 50\/50 proporciona um sabor luxuriante, efeitos potentes e uma apar\u00eancia deslumbrante num formato autoflorescente de f\u00e1cil cultivo. <\/p>\n","protected":false},"featured_media":2547,"comment_status":"open","ping_status":"closed","template":"","meta":[],"product_brand":[],"product_cat":[112,151],"product_tag":[169,167,168],"class_list":{"0":"post-2897","1":"product","2":"type-product","3":"status-publish","4":"has-post-thumbnail","6":"product_cat-cannabis-seeds-pt-pt-2","7":"product_cat-autoflowering-seeds-pt-pt-2","8":"product_tag-autoflorescente","9":"product_tag-cannabis-pt-pt","10":"product_tag-sementes","12":"first","13":"outofstock","14":"shipping-taxable","15":"purchasable","16":"product-type-simple"},"_links":{"self":[{"href":"https:\/\/herbalhorizons.co\/pt-pt\/wp-json\/wp\/v2\/product\/2897","targetHints":{"allow":["GET"]}}],"collection":[{"href":"https:\/\/herbalhorizons.co\/pt-pt\/wp-json\/wp\/v2\/product"}],"about":[{"href":"https:\/\/herbalhorizons.co\/pt-pt\/wp-json\/wp\/v2\/types\/product"}],"replies":[{"embeddable":true,"href":"https:\/\/herbalhorizons.co\/pt-pt\/wp-json\/wp\/v2\/comments?post=2897"}],"wp:featuredmedia":[{"embeddable":true,"href":"https:\/\/herbalhorizons.co\/pt-pt\/wp-json\/wp\/v2\/media\/2547"}],"wp:attachment":[{"href":"https:\/\/herbalhorizons.co\/pt-pt\/wp-json\/wp\/v2\/media?parent=2897"}],"wp:term":[{"taxonomy":"product_brand","embeddable":true,"href":"https:\/\/herbalhorizons.co\/pt-pt\/wp-json\/wp\/v2\/product_brand?post=2897"},{"taxonomy":"product_cat","embeddable":true,"href":"https:\/\/herbalhorizons.co\/pt-pt\/wp-json\/wp\/v2\/product_cat?post=2897"},{"taxonomy":"product_tag","embeddable":true,"href":"https:\/\/herbalhorizons.co\/pt-pt\/wp-json\/wp\/v2\/product_tag?post=2897"}],"curies":[{"name":"wp","href":"https:\/\/api.w.org\/{rel}","templated":true}]}}