{"id":2877,"date":"2025-04-14T14:59:15","date_gmt":"2025-04-14T14:59:15","guid":{"rendered":"https:\/\/herbalhorizons.co\/product\/tropicana-wedding-cake-sementes-de-cannabis-autoflorescentes\/"},"modified":"2025-04-23T10:27:47","modified_gmt":"2025-04-23T10:27:47","slug":"tropicana-wedding-cake-sementes-de-cannabis-autoflorescentes","status":"publish","type":"product","link":"https:\/\/herbalhorizons.co\/pt-pt\/produto\/tropicana-wedding-cake-sementes-de-cannabis-autoflorescentes\/","title":{"rendered":"Tropicana Wedding Cake \u2013 Sementes de Cannabis Autoflorescentes"},"content":{"rendered":"\n<div id=\"wd-67ebcd5c\" class=\"wp-block-wd-row\">\n<div id=\"wd-af8a8c9f\" class=\"wp-block-wd-column\">\n<h2 id=\"wd-3cbb8ed8\" class=\"wp-block-wd-title title\">Efeitos:<\/h2>\n\n\n\n<ul class=\"wp-block-list\">\n<li>In\u00edcio energizante com clareza mental<\/li>\n\n\n\n<li>Criativa, estimulante e alegre<\/li>\n\n\n\n<li>Sensa\u00e7\u00e3o corporal calma sem seda\u00e7\u00e3o<\/li>\n\n\n\n<li>Excelente tanto para uso medicinal como recreativo<\/li>\n<\/ul>\n\n\n\n<h2 id=\"wd-58fbe819\" class=\"wp-block-wd-title title\">Sabor e Aroma:<\/h2>\n\n\n\n<ul class=\"wp-block-list\">\n<li>Citrinos doces + bolo cremoso de baunilha<\/li>\n\n\n\n<li>Notas de laranja \u00e1cida e massa de bolacha<\/li>\n\n\n\n<li>Suavidade de sobremesa e intensamente arom\u00e1tica<\/li>\n<\/ul>\n<\/div>\n\n\n\n<div id=\"wd-33e24f4e\" class=\"wp-block-wd-column\">\n<div id=\"wd-cf5fd1b7\" class=\"wp-block-wd-table\">\n<figure class=\"wp-block-table\"><table><thead><tr><th>O que Obt\u00e9m:<\/th><\/tr><\/thead><tbody><tr><td><strong>Gen\u00e9tica:<\/strong> Wedding Cake x Tangie<\/td><\/tr><tr><td><strong>Tipo de Semente:<\/strong> Autoflorescente<\/td><\/tr><tr><td><strong>R\u00e1cio Sativa\/Indica:<\/strong> 50% Sativa \/ 50% Indica<\/td><\/tr><tr><td><strong>Produ\u00e7\u00e3o Interior:<\/strong> 550\u2013650g\/m\u00b2<\/td><\/tr><tr><td><strong>Produ\u00e7\u00e3o Exterior:<\/strong> 50\u2013100g por planta<\/td><\/tr><tr><td><strong>Tempo de Flora\u00e7\u00e3o:<\/strong> 11 semanas (desde a semente)<\/td><\/tr><tr><td><strong>Altura:<\/strong> 85\u2013110cm Interior \/ 80\u2013185cm Exterior<\/td><\/tr><tr><td><strong>THC:<\/strong> 27-30%, <strong>CBD:<\/strong> Baixo<\/td><\/tr><tr><td><strong>Resist\u00eancia ao Bolor:<\/strong> M\u00e9dia<\/td><\/tr><\/tbody><\/table><\/figure>\n<\/div>\n<\/div>\n\n\n\n<div id=\"wd-c78be697\" class=\"wp-block-wd-column\">\n<h2 id=\"wd-5b579f2e\" class=\"wp-block-wd-title title\">Por que escolher Tropicana Wedding Cake?<\/h2>\n\n\n\n<ul class=\"wp-block-list\">\n<li>Elevado THC  efeitos equilibrados<\/li>\n\n\n\n<li>Sabor magn\u00edfico com um acabamento gelado<\/li>\n\n\n\n<li>Elevadas produ\u00e7\u00f5es interiores a partir de uma estrutura compacta<\/li>\n\n\n\n<li>R\u00e1pida, saborosa e perfeita para autoflorescentes<\/li>\n<\/ul>\n\n\n\n<h2 id=\"wd-f4daca0b\" class=\"wp-block-wd-title title\">Dicas de Cultivo:<\/h2>\n\n\n\n<ul class=\"wp-block-list\">\n<li>Manter temperaturas quentes para resultados exteriores \u00f3timos<\/li>\n\n\n\n<li>Melhor desempenho em solo rico ou coco com ilumina\u00e7\u00e3o forte<\/li>\n\n\n\n<li>Alimenta\u00e7\u00e3o moderada \u2013 evitar excesso de fertiliza\u00e7\u00e3o<\/li>\n\n\n\n<li>Boa circula\u00e7\u00e3o de ar = bot\u00f5es mais cheios e gelados<\/li>\n\n\n\n<li>Desfolha\u00e7\u00e3o ligeira durante a flora\u00e7\u00e3o aumenta a produ\u00e7\u00e3o e a resina<\/li>\n<\/ul>\n\n\n\n<h2 id=\"wd-37c5c520\" class=\"wp-block-wd-title title\">Ideal Para:<\/h2>\n\n\n\n<ul class=\"wp-block-list\">\n<li>Utiliza\u00e7\u00e3o durante todo o dia \u2014 social, focada ou relaxante<\/li>\n\n\n\n<li>Apreciadores de variedades doces tipo sobremesa<\/li>\n\n\n\n<li>Cultivadores de interior com espa\u00e7o vertical limitado<\/li>\n\n\n\n<li>Al\u00edvio diurno da dor ou do stress<\/li>\n<\/ul>\n<\/div>\n<\/div>\n","protected":false},"excerpt":{"rendered":"<h4 class=\"\" data-start=\"397\" data-end=\"434\"><strong data-start=\"222\" data-end=\"273\">\ud83d\udd25 Doce, c\u00edtrica e sempre na \u00e9poca.<br data-start=\"258\" data-end=\"261\"><\/strong><\/h4>\n<p>27\u201330% THC | H\u00edbrida equilibrada | Pot\u00eancia autoflorescente com sabor a sobremesa.<\/p>\n<p class=\"\" data-start=\"511\" data-end=\"768\">A <strong data-start=\"511\" data-end=\"542\">Tropicana Wedding Cake Auto<\/strong> combina o melhor da <strong data-start=\"562\" data-end=\"598\">Tropicana Cookies x Wedding Cake<\/strong> numa h\u00edbrida de acabamento r\u00e1pido e sabor proeminente. Antecipe uma motiva\u00e7\u00e3o estimulante com um efeito corporal suave e calmante \u2014 perfeita para uso a qualquer hora e uma excelente op\u00e7\u00e3o para os apreciadores de citrinos. <\/p>\n","protected":false},"featured_media":2511,"comment_status":"open","ping_status":"closed","template":"","meta":[],"product_brand":[],"product_cat":[112,151],"product_tag":[169,167,168],"class_list":{"0":"post-2877","1":"product","2":"type-product","3":"status-publish","4":"has-post-thumbnail","6":"product_cat-cannabis-seeds-pt-pt-2","7":"product_cat-autoflowering-seeds-pt-pt-2","8":"product_tag-autoflorescente","9":"product_tag-cannabis-pt-pt","10":"product_tag-sementes","12":"first","13":"outofstock","14":"shipping-taxable","15":"purchasable","16":"product-type-simple"},"_links":{"self":[{"href":"https:\/\/herbalhorizons.co\/pt-pt\/wp-json\/wp\/v2\/product\/2877","targetHints":{"allow":["GET"]}}],"collection":[{"href":"https:\/\/herbalhorizons.co\/pt-pt\/wp-json\/wp\/v2\/product"}],"about":[{"href":"https:\/\/herbalhorizons.co\/pt-pt\/wp-json\/wp\/v2\/types\/product"}],"replies":[{"embeddable":true,"href":"https:\/\/herbalhorizons.co\/pt-pt\/wp-json\/wp\/v2\/comments?post=2877"}],"wp:featuredmedia":[{"embeddable":true,"href":"https:\/\/herbalhorizons.co\/pt-pt\/wp-json\/wp\/v2\/media\/2511"}],"wp:attachment":[{"href":"https:\/\/herbalhorizons.co\/pt-pt\/wp-json\/wp\/v2\/media?parent=2877"}],"wp:term":[{"taxonomy":"product_brand","embeddable":true,"href":"https:\/\/herbalhorizons.co\/pt-pt\/wp-json\/wp\/v2\/product_brand?post=2877"},{"taxonomy":"product_cat","embeddable":true,"href":"https:\/\/herbalhorizons.co\/pt-pt\/wp-json\/wp\/v2\/product_cat?post=2877"},{"taxonomy":"product_tag","embeddable":true,"href":"https:\/\/herbalhorizons.co\/pt-pt\/wp-json\/wp\/v2\/product_tag?post=2877"}],"curies":[{"name":"wp","href":"https:\/\/api.w.org\/{rel}","templated":true}]}}