{"id":2862,"date":"2025-04-14T11:44:54","date_gmt":"2025-04-14T11:44:54","guid":{"rendered":"https:\/\/herbalhorizons.co\/product\/lemon-cheesecake-caneta-vaporizadora-de-hhc\/"},"modified":"2025-04-23T10:27:19","modified_gmt":"2025-04-23T10:27:19","slug":"lemon-cheesecake-caneta-vaporizadora-de-hhc","status":"publish","type":"product","link":"https:\/\/herbalhorizons.co\/pt-pt\/produto\/lemon-cheesecake-caneta-vaporizadora-de-hhc\/","title":{"rendered":"Lemon Cheesecake \u2013 Caneta Vaporizadora de HHC"},"content":{"rendered":"\n<div id=\"wd-67ebcd5c\" class=\"wp-block-wd-row\">\n<div id=\"wd-af8a8c9f\" class=\"wp-block-wd-column\">\n<h2 id=\"wd-3cbb8ed8\" class=\"wp-block-wd-title title\">Efeitos:<\/h2>\n\n\n\n<ul class=\"wp-block-list\">\n<li>Calma euf\u00f3rica com uma sensa\u00e7\u00e3o de leveza cremosa na cabe\u00e7a<\/li>\n\n\n\n<li>Humor alegre e descontra\u00eddo<\/li>\n\n\n\n<li>Ideal para noites, filmes e encontros relaxados<\/li>\n\n\n\n<li>Final limpo sem efeito de sonol\u00eancia<\/li>\n<\/ul>\n<\/div>\n\n\n\n<div id=\"wd-33e24f4e\" class=\"wp-block-wd-column\">\n<div id=\"wd-cf5fd1b7\" class=\"wp-block-wd-table\">\n<figure class=\"wp-block-table\"><table><thead><tr><th>O que Obt\u00e9m:<\/th><\/tr><\/thead><tbody><tr><td>1000mg de <strong>Hexahidrocanabinol (HHC)<\/strong><\/td><\/tr><tr><td><strong>600\u2013800 inala\u00e7\u00f5es<\/strong> por caneta descart\u00e1vel<\/td><\/tr><tr><td><strong>0% THC<\/strong> \u2013 desfrute legalmente e sem preocupa\u00e7\u00f5es<\/td><\/tr><tr><td>Compostos de sabor naturais<\/td><\/tr><tr><td>Formula\u00e7\u00e3o de sabor totalmente natural<\/td><\/tr><\/tbody><\/table><\/figure>\n<\/div>\n<\/div>\n\n\n\n<div id=\"wd-c78be697\" class=\"wp-block-wd-column\">\n<h2 id=\"wd-58fbe819\" class=\"wp-block-wd-title title\">Por que Escolher Esta Caneta de Vaporiza\u00e7\u00e3o?<\/h2>\n\n\n\n<ul class=\"wp-block-list\">\n<li><strong>Relaxamento orientado pelo paladar<\/strong><\/li>\n\n\n\n<li><strong>F\u00e1cil de transportar e utilizar<\/strong><\/li>\n\n\n\n<li>Sensa\u00e7\u00f5es de sobremesa, efeitos da can\u00e1bis, sem THC<\/li>\n<\/ul>\n<\/div>\n<\/div>\n","protected":false},"excerpt":{"rendered":"<h4 class=\"\" data-start=\"397\" data-end=\"434\">\u26a1  <strong data-start=\"225\" data-end=\"268\">Al\u00edvio doce. Calma c\u00edtrica. \u00caxtase cremoso.  <\/strong><\/h4>\n<p class=\"\" data-start=\"430\" data-end=\"664\"><strong data-start=\"430\" data-end=\"450\">Lemon Cheesecake<\/strong> combina citrinos \u00e1cidos e um creme suave num efeito psicoativo tipo sobremesa que \u00e9 sereno, aconchegante e perfeito para relaxar no final do dia. Quer esteja a descontrair sozinho ou a divertir-se com amigos, esta \u00e9 a comida reconfortante em forma de vapor. <\/p>\n","protected":false},"featured_media":2421,"comment_status":"open","ping_status":"closed","template":"","meta":[],"product_brand":[],"product_cat":[143],"product_tag":[197,196],"class_list":{"0":"post-2862","1":"product","2":"type-product","3":"status-publish","4":"has-post-thumbnail","6":"product_cat-vapes-pt-pt-2","7":"product_tag-vaporizacao","8":"product_tag-vaporizacoes","10":"first","11":"outofstock","12":"shipping-taxable","13":"purchasable","14":"product-type-simple"},"_links":{"self":[{"href":"https:\/\/herbalhorizons.co\/pt-pt\/wp-json\/wp\/v2\/product\/2862","targetHints":{"allow":["GET"]}}],"collection":[{"href":"https:\/\/herbalhorizons.co\/pt-pt\/wp-json\/wp\/v2\/product"}],"about":[{"href":"https:\/\/herbalhorizons.co\/pt-pt\/wp-json\/wp\/v2\/types\/product"}],"replies":[{"embeddable":true,"href":"https:\/\/herbalhorizons.co\/pt-pt\/wp-json\/wp\/v2\/comments?post=2862"}],"wp:featuredmedia":[{"embeddable":true,"href":"https:\/\/herbalhorizons.co\/pt-pt\/wp-json\/wp\/v2\/media\/2421"}],"wp:attachment":[{"href":"https:\/\/herbalhorizons.co\/pt-pt\/wp-json\/wp\/v2\/media?parent=2862"}],"wp:term":[{"taxonomy":"product_brand","embeddable":true,"href":"https:\/\/herbalhorizons.co\/pt-pt\/wp-json\/wp\/v2\/product_brand?post=2862"},{"taxonomy":"product_cat","embeddable":true,"href":"https:\/\/herbalhorizons.co\/pt-pt\/wp-json\/wp\/v2\/product_cat?post=2862"},{"taxonomy":"product_tag","embeddable":true,"href":"https:\/\/herbalhorizons.co\/pt-pt\/wp-json\/wp\/v2\/product_tag?post=2862"}],"curies":[{"name":"wp","href":"https:\/\/api.w.org\/{rel}","templated":true}]}}