{"id":2837,"date":"2025-04-14T11:47:29","date_gmt":"2025-04-14T11:47:29","guid":{"rendered":"https:\/\/herbalhorizons.co\/product\/genericproductname-caneta-vaporizadora-de-hhc\/"},"modified":"2025-04-23T10:26:48","modified_gmt":"2025-04-23T10:26:48","slug":"genericproductname-caneta-vaporizadora-de-hhc","status":"publish","type":"product","link":"https:\/\/herbalhorizons.co\/pt-pt\/produto\/genericproductname-caneta-vaporizadora-de-hhc\/","title":{"rendered":"GenericProductName \u2013 Caneta Vaporizadora de HHC"},"content":{"rendered":"\n<div id=\"wd-67ebcd5c\" class=\"wp-block-wd-row\">\n<div id=\"wd-af8a8c9f\" class=\"wp-block-wd-column\">\n<h2 id=\"wd-3cbb8ed8\" class=\"wp-block-wd-title title\">Efeitos:<\/h2>\n\n\n\n<ul class=\"wp-block-list\">\n<li>Energia centrada e criativa<\/li>\n\n\n\n<li>Calma corporal suave com clareza euf\u00f3rica<\/li>\n\n\n\n<li>Excelente para conversas, listas de reprodu\u00e7\u00e3o ou rituais de relaxamento<\/li>\n\n\n\n<li>Acabamento suave e limpo sem sensa\u00e7\u00e3o de peso<\/li>\n<\/ul>\n<\/div>\n\n\n\n<div id=\"wd-33e24f4e\" class=\"wp-block-wd-column\">\n<div id=\"wd-cf5fd1b7\" class=\"wp-block-wd-table\">\n<figure class=\"wp-block-table\"><table><thead><tr><th>O que Obt\u00e9m:<\/th><\/tr><\/thead><tbody><tr><td>1000mg de <strong>Hexahidrocanabinol (HHC)<\/strong><\/td><\/tr><tr><td><strong>600\u2013800 inala\u00e7\u00f5es<\/strong> por caneta descart\u00e1vel<\/td><\/tr><tr><td><strong>0% THC<\/strong> \u2013 legal na maioria dos pa\u00edses<\/td><\/tr><tr><td>Aromatiza\u00e7\u00e3o totalmente natural<\/td><\/tr><tr><td>Sem aditivos ou enchimentos sint\u00e9ticos<\/td><\/tr><\/tbody><\/table><\/figure>\n<\/div>\n<\/div>\n\n\n\n<div id=\"wd-c78be697\" class=\"wp-block-wd-column\">\n<h2 id=\"wd-58fbe819\" class=\"wp-block-wd-title title\">Por que Escolher Esta Caneta de Vaporiza\u00e7\u00e3o?<\/h2>\n\n\n\n<ul class=\"wp-block-list\">\n<li><strong>Sabor est\u00e9tico para momentos de bem-estar<\/strong><\/li>\n\n\n\n<li>Utiliza\u00e7\u00e3o duradoura e de baixa manuten\u00e7\u00e3o<\/li>\n\n\n\n<li>Poder subtil num formato de bolso<\/li>\n<\/ul>\n<\/div>\n<\/div>\n","protected":false},"excerpt":{"rendered":"<h4 class=\"\" data-start=\"397\" data-end=\"434\">\u26a1  <strong data-start=\"248\" data-end=\"305\">Sabor elegante. Calma euf\u00f3rica. Celebra\u00e7\u00e3o numa inala\u00e7\u00e3o  <\/strong><\/h4>\n<p class=\"\" data-start=\"458\" data-end=\"674\">O <strong data-start=\"458\" data-end=\"474\">GenericProductName<\/strong> oferece uma do\u00e7ura rica de baunilha com subtis notas terrosas, proporcionando uma experi\u00eancia suave e satisfat\u00f3ria, perfeita para momentos marcantes ou para deleite solit\u00e1rio. Relaxante, equilibrado e com a eleva\u00e7\u00e3o na medida certa. <\/p>\n<p data-start=\"458\" data-end=\"674\"><strong data-start=\"1410\" data-end=\"1472\">Mime-se. Brinde ao presente. Vaporize o lado doce da eleva\u00e7\u00e3o.  <\/strong><\/p>\n","protected":false},"featured_media":2427,"comment_status":"open","ping_status":"closed","template":"","meta":[],"product_brand":[],"product_cat":[143],"product_tag":[197,196],"class_list":{"0":"post-2837","1":"product","2":"type-product","3":"status-publish","4":"has-post-thumbnail","6":"product_cat-vapes-pt-pt-2","7":"product_tag-vaporizacao","8":"product_tag-vaporizacoes","10":"first","11":"outofstock","12":"shipping-taxable","13":"purchasable","14":"product-type-simple"},"_links":{"self":[{"href":"https:\/\/herbalhorizons.co\/pt-pt\/wp-json\/wp\/v2\/product\/2837","targetHints":{"allow":["GET"]}}],"collection":[{"href":"https:\/\/herbalhorizons.co\/pt-pt\/wp-json\/wp\/v2\/product"}],"about":[{"href":"https:\/\/herbalhorizons.co\/pt-pt\/wp-json\/wp\/v2\/types\/product"}],"replies":[{"embeddable":true,"href":"https:\/\/herbalhorizons.co\/pt-pt\/wp-json\/wp\/v2\/comments?post=2837"}],"wp:featuredmedia":[{"embeddable":true,"href":"https:\/\/herbalhorizons.co\/pt-pt\/wp-json\/wp\/v2\/media\/2427"}],"wp:attachment":[{"href":"https:\/\/herbalhorizons.co\/pt-pt\/wp-json\/wp\/v2\/media?parent=2837"}],"wp:term":[{"taxonomy":"product_brand","embeddable":true,"href":"https:\/\/herbalhorizons.co\/pt-pt\/wp-json\/wp\/v2\/product_brand?post=2837"},{"taxonomy":"product_cat","embeddable":true,"href":"https:\/\/herbalhorizons.co\/pt-pt\/wp-json\/wp\/v2\/product_cat?post=2837"},{"taxonomy":"product_tag","embeddable":true,"href":"https:\/\/herbalhorizons.co\/pt-pt\/wp-json\/wp\/v2\/product_tag?post=2837"}],"curies":[{"name":"wp","href":"https:\/\/api.w.org\/{rel}","templated":true}]}}