{"id":2819,"date":"2025-04-14T10:52:39","date_gmt":"2025-04-14T10:52:39","guid":{"rendered":"https:\/\/herbalhorizons.co\/product\/psilocybe-atlantis-trufas-magicas\/"},"modified":"2025-04-23T10:26:22","modified_gmt":"2025-04-23T10:26:22","slug":"psilocybe-atlantis-trufas-magicas","status":"publish","type":"product","link":"https:\/\/herbalhorizons.co\/pt-pt\/produto\/psilocybe-atlantis-trufas-magicas\/","title":{"rendered":"Psilocybe Atlantis \u2013 Trufas M\u00e1gicas"},"content":{"rendered":"\n<div id=\"wd-67ebcd5c\" class=\"wp-block-wd-row\">\n<div id=\"wd-af8a8c9f\" class=\"wp-block-wd-column\">\n<h2 id=\"wd-3cbb8ed8\" class=\"wp-block-wd-title title\">Efeitos:<\/h2>\n\n\n\n<ul class=\"wp-block-list\">\n<li>Eleva\u00e7\u00e3o euf\u00f3rica, calor corporal generalizado<\/li>\n\n\n\n<li>Calma introspectiva e clareza emocional<\/li>\n\n\n\n<li>Visualiza\u00e7\u00f5es que se sentem suaves, surreais e impregnadas de sonhos<\/li>\n\n\n\n<li>Empatia aumentada e aprecia\u00e7\u00e3o musical intensificada<\/li>\n\n\n\n<li>In\u00edcio: 30\u201345 minutos<\/li>\n\n\n\n<li>Dura\u00e7\u00e3o: 4\u20136 horas (+ leve sensa\u00e7\u00e3o residual de 2\u20136 horas)<\/li>\n<\/ul>\n<\/div>\n\n\n\n<div id=\"wd-33e24f4e\" class=\"wp-block-wd-column\">\n<div id=\"wd-cf5fd1b7\" class=\"wp-block-wd-table\">\n<figure class=\"wp-block-table\"><table><thead><tr><th>Intensidade da Viagem<\/th><th>Quantidade<\/th><\/tr><\/thead><tbody><tr><td>Leve<\/td><td>6g<\/td><\/tr><tr><td>M\u00e9dia<\/td><td>9g<\/td><\/tr><tr><td>Forte<\/td><td>10\u201315g<\/td><\/tr><\/tbody><\/table><\/figure>\n<\/div>\n\n\n\n<p id=\"wd-23181eb4\" class=\"wp-block-wd-paragraph\">Inicie com cautela se for a sua primeira experi\u00eancia com esta estirpe \u2014 a Atlantis \u00e9 calma, mas n\u00e3o superficial.<\/p>\n<\/div>\n\n\n\n<div id=\"wd-c78be697\" class=\"wp-block-wd-column\">\n<h2 id=\"wd-491a5234\" class=\"wp-block-wd-title title\">Como Utilizar:<\/h2>\n\n\n\n<ul class=\"wp-block-list\">\n<li>Melhor com o <strong>est\u00f4mago vazio<\/strong><\/li>\n\n\n\n<li>Mastigar completamente ou preparar em infus\u00e3o (sem a\u00e7\u00facar)<\/li>\n\n\n\n<li>Escolher um <strong>ambiente seguro e de confian\u00e7a<\/strong><\/li>\n\n\n\n<li>Um acompanhante \u00e9 fortemente recomendado para doses de intensidade m\u00e1xima<\/li>\n<\/ul>\n\n\n\n<h2 id=\"wd-58fbe819\" class=\"wp-block-wd-title title\">Conserva\u00e7\u00e3o:<\/h2>\n\n\n\n<ul class=\"wp-block-list\">\n<li>Conservar no frigor\u00edfico (2\u20138\u00b0C)<\/li>\n\n\n\n<li>As embalagens fechadas duram 1 m\u00eas; consuma fresco para m\u00e1xima pot\u00eancia<\/li>\n\n\n\n<li>Para armazenamento a longo prazo: <strong>seque completamente<\/strong>, e depois sele num local fresco e seco (dura at\u00e9 6 meses)<\/li>\n<\/ul>\n<\/div>\n<\/div>\n","protected":false},"excerpt":{"rendered":"<h4 class=\"\" data-start=\"397\" data-end=\"434\">\u26a1 N\u00edvel de Intensidade: Moderadamente Profundo + On\u00edrico<\/h4>\n<p><strong data-start=\"1916\" data-end=\"1989\">Uma imers\u00e3o l\u00facida introspectiva. Uma deriva surreal e emocional. Bem-vindo a Atlantis.  <\/strong><\/p>\n<p class=\"\" data-start=\"540\" data-end=\"834\">A <strong data-start=\"540\" data-end=\"562\">Psilocybe Atlantis<\/strong> proporciona uma experi\u00eancia reflexiva, emocional e imersiva \u2014 uma das estirpes mais introspectivas da fam\u00edlia <strong data-start=\"667\" data-end=\"682\">Tampanensis<\/strong>.<br \/>Conhecida pelas suas visualiza\u00e7\u00f5es on\u00edricas, perce\u00e7\u00f5es suaves e conex\u00e3o euf\u00f3rica. A Atlantis \u00e9 uma viagem suave e encantadora, mais adequada para mentes experientes. <\/p>\n","protected":false},"featured_media":2373,"comment_status":"open","ping_status":"closed","template":"","meta":[],"product_brand":[],"product_cat":[145],"product_tag":[191,192,193],"class_list":{"0":"post-2819","1":"product","2":"type-product","3":"status-publish","4":"has-post-thumbnail","6":"product_cat-truffles-pt-pt-2","7":"product_tag-psilocibina-pt-pt","8":"product_tag-psilocybe-pt-pt","9":"product_tag-trufas","11":"first","12":"outofstock","13":"shipping-taxable","14":"purchasable","15":"product-type-simple"},"_links":{"self":[{"href":"https:\/\/herbalhorizons.co\/pt-pt\/wp-json\/wp\/v2\/product\/2819","targetHints":{"allow":["GET"]}}],"collection":[{"href":"https:\/\/herbalhorizons.co\/pt-pt\/wp-json\/wp\/v2\/product"}],"about":[{"href":"https:\/\/herbalhorizons.co\/pt-pt\/wp-json\/wp\/v2\/types\/product"}],"replies":[{"embeddable":true,"href":"https:\/\/herbalhorizons.co\/pt-pt\/wp-json\/wp\/v2\/comments?post=2819"}],"wp:featuredmedia":[{"embeddable":true,"href":"https:\/\/herbalhorizons.co\/pt-pt\/wp-json\/wp\/v2\/media\/2373"}],"wp:attachment":[{"href":"https:\/\/herbalhorizons.co\/pt-pt\/wp-json\/wp\/v2\/media?parent=2819"}],"wp:term":[{"taxonomy":"product_brand","embeddable":true,"href":"https:\/\/herbalhorizons.co\/pt-pt\/wp-json\/wp\/v2\/product_brand?post=2819"},{"taxonomy":"product_cat","embeddable":true,"href":"https:\/\/herbalhorizons.co\/pt-pt\/wp-json\/wp\/v2\/product_cat?post=2819"},{"taxonomy":"product_tag","embeddable":true,"href":"https:\/\/herbalhorizons.co\/pt-pt\/wp-json\/wp\/v2\/product_tag?post=2819"}],"curies":[{"name":"wp","href":"https:\/\/api.w.org\/{rel}","templated":true}]}}