{"id":2817,"date":"2025-04-14T10:38:13","date_gmt":"2025-04-14T10:38:13","guid":{"rendered":"https:\/\/herbalhorizons.co\/product\/pajateros-psilocybe-tampanensis-gigante\/"},"modified":"2025-04-23T10:26:13","modified_gmt":"2025-04-23T10:26:13","slug":"pajateros-psilocybe-tampanensis-gigante","status":"publish","type":"product","link":"https:\/\/herbalhorizons.co\/pt-pt\/produto\/pajateros-psilocybe-tampanensis-gigante\/","title":{"rendered":"Pajateros \u2013 Psilocybe Tampanensis Gigante"},"content":{"rendered":"\n<div id=\"wd-67ebcd5c\" class=\"wp-block-wd-row\">\n<div id=\"wd-af8a8c9f\" class=\"wp-block-wd-column\">\n<h2 id=\"wd-3cbb8ed8\" class=\"wp-block-wd-title title\">Efeitos:<\/h2>\n\n\n\n<ul class=\"wp-block-list\">\n<li>Energia euf\u00f3rica e conex\u00e3o profunda<\/li>\n\n\n\n<li>Imers\u00e3o na natureza, clareza emocional<\/li>\n\n\n\n<li>Empatia e criatividade aprimoradas<\/li>\n\n\n\n<li>Fortes efeitos visuais, formigueiro corporal, acessos de riso<\/li>\n\n\n\n<li>In\u00edcio: 30\u201345 minutos<\/li>\n\n\n\n<li>Dura\u00e7\u00e3o: 4\u20136 horas (mais um estado de bem-estar residual)<\/li>\n<\/ul>\n<\/div>\n\n\n\n<div id=\"wd-33e24f4e\" class=\"wp-block-wd-column\">\n<div id=\"wd-cf5fd1b7\" class=\"wp-block-wd-table\">\n<figure class=\"wp-block-table\"><table><thead><tr><th>Intensidade da Viagem<\/th><th>Quantidade<\/th><\/tr><\/thead><tbody><tr><td>Leve<\/td><td>5g<\/td><\/tr><tr><td>M\u00e9dia<\/td><td>7,5g<\/td><\/tr><tr><td>Forte<\/td><td>10g<\/td><\/tr><\/tbody><\/table><\/figure>\n<\/div>\n\n\n\n<p id=\"wd-23181eb4\" class=\"wp-block-wd-paragraph\">Doses mais leves oferecem eleva\u00e7\u00e3o e estimula\u00e7\u00e3o; doses mais elevadas proporcionam uma experi\u00eancia visual e introspetiva completa.<\/p>\n<\/div>\n\n\n\n<div id=\"wd-c78be697\" class=\"wp-block-wd-column\">\n<h2 id=\"wd-491a5234\" class=\"wp-block-wd-title title\">Como Utilizar:<\/h2>\n\n\n\n<ul class=\"wp-block-list\">\n<li>Melhor com o <strong>est\u00f4mago vazio<\/strong><\/li>\n\n\n\n<li>Mastigar completamente ou preparar em infus\u00e3o (sem a\u00e7\u00facar)<\/li>\n\n\n\n<li>Escolher um <strong>ambiente seguro e de confian\u00e7a<\/strong><\/li>\n\n\n\n<li>Um acompanhante \u00e9 fortemente recomendado para doses de intensidade m\u00e1xima<\/li>\n<\/ul>\n\n\n\n<h2 id=\"wd-58fbe819\" class=\"wp-block-wd-title title\">Conserva\u00e7\u00e3o:<\/h2>\n\n\n\n<ul class=\"wp-block-list\">\n<li>Conservar no frigor\u00edfico (2\u20138\u00b0C)<\/li>\n\n\n\n<li>As embalagens fechadas duram 1 m\u00eas; consuma fresco para m\u00e1xima pot\u00eancia<\/li>\n\n\n\n<li>Para armazenamento a longo prazo: <strong>seque completamente<\/strong>, e depois sele num local fresco e seco (dura at\u00e9 6 meses)<\/li>\n<\/ul>\n<\/div>\n<\/div>\n","protected":false},"excerpt":{"rendered":"<h4 class=\"\" data-start=\"397\" data-end=\"434\">\u26a1 N\u00edvel de Intensidade: Elevado + R\u00e1pido<\/h4>\n<p class=\"\" data-start=\"492\" data-end=\"741\"><strong data-start=\"213\" data-end=\"261\">A Experi\u00eancia do Grande L\u00edder. Forma gigante. Energia gigante.  <\/strong><\/p>\n<p class=\"\" data-start=\"521\" data-end=\"736\">Os <strong data-start=\"521\" data-end=\"534\">Pajateros<\/strong> s\u00e3o os campe\u00f5es peso-pesado da fam\u00edlia <strong data-start=\"567\" data-end=\"592\">Psilocybe Tampanensis<\/strong> \u2014 maiores, mais fortes e mais profundos. Ideais para aqueles que procuram revela\u00e7\u00f5es filos\u00f3ficas, compreens\u00e3o emocional e estimula\u00e7\u00e3o visual de alto n\u00edvel. <\/p>\n<p class=\"\" data-start=\"738\" data-end=\"814\">Esta n\u00e3o \u00e9 uma trufa para principiantes \u2014 \u00e9 um combust\u00edvel sagrado para jornadas s\u00e9rias.<\/p>\n<p data-start=\"738\" data-end=\"814\"><strong data-start=\"1886\" data-end=\"1946\">Energia massiva. Introspe\u00e7\u00e3o real. A experi\u00eancia das lendas.  <\/strong><\/p>\n","protected":false},"featured_media":2367,"comment_status":"open","ping_status":"closed","template":"","meta":[],"product_brand":[],"product_cat":[145],"product_tag":[191,192,193],"class_list":{"0":"post-2817","1":"product","2":"type-product","3":"status-publish","4":"has-post-thumbnail","6":"product_cat-truffles-pt-pt-2","7":"product_tag-psilocibina-pt-pt","8":"product_tag-psilocybe-pt-pt","9":"product_tag-trufas","11":"first","12":"outofstock","13":"shipping-taxable","14":"purchasable","15":"product-type-simple"},"_links":{"self":[{"href":"https:\/\/herbalhorizons.co\/pt-pt\/wp-json\/wp\/v2\/product\/2817","targetHints":{"allow":["GET"]}}],"collection":[{"href":"https:\/\/herbalhorizons.co\/pt-pt\/wp-json\/wp\/v2\/product"}],"about":[{"href":"https:\/\/herbalhorizons.co\/pt-pt\/wp-json\/wp\/v2\/types\/product"}],"replies":[{"embeddable":true,"href":"https:\/\/herbalhorizons.co\/pt-pt\/wp-json\/wp\/v2\/comments?post=2817"}],"wp:featuredmedia":[{"embeddable":true,"href":"https:\/\/herbalhorizons.co\/pt-pt\/wp-json\/wp\/v2\/media\/2367"}],"wp:attachment":[{"href":"https:\/\/herbalhorizons.co\/pt-pt\/wp-json\/wp\/v2\/media?parent=2817"}],"wp:term":[{"taxonomy":"product_brand","embeddable":true,"href":"https:\/\/herbalhorizons.co\/pt-pt\/wp-json\/wp\/v2\/product_brand?post=2817"},{"taxonomy":"product_cat","embeddable":true,"href":"https:\/\/herbalhorizons.co\/pt-pt\/wp-json\/wp\/v2\/product_cat?post=2817"},{"taxonomy":"product_tag","embeddable":true,"href":"https:\/\/herbalhorizons.co\/pt-pt\/wp-json\/wp\/v2\/product_tag?post=2817"}],"curies":[{"name":"wp","href":"https:\/\/api.w.org\/{rel}","templated":true}]}}