{"id":2808,"date":"2025-04-13T10:01:13","date_gmt":"2025-04-13T10:01:13","guid":{"rendered":"https:\/\/herbalhorizons.co\/product\/kit-de-cultivo-de-cogumelos-magicos-b\/"},"modified":"2025-04-23T10:26:11","modified_gmt":"2025-04-23T10:26:11","slug":"kit-de-cultivo-de-cogumelos-magicos-b","status":"publish","type":"product","link":"https:\/\/herbalhorizons.co\/pt-pt\/produto\/kit-de-cultivo-de-cogumelos-magicos-b\/","title":{"rendered":"Kit de Cultivo de Cogumelos M\u00e1gicos B+"},"content":{"rendered":"\n<div id=\"wd-67ebcd5c\" class=\"wp-block-wd-row\">\n<div id=\"wd-af8a8c9f\" class=\"wp-block-wd-column\">\n<h2 id=\"wd-3cbb8ed8\" class=\"wp-block-wd-title title\">Por que escolher B+?<\/h2>\n\n\n\n<ul class=\"wp-block-list\">\n<li><strong>Efeitos:<\/strong> Euf\u00f3rico, emocionalmente profundo, altamente visual<\/li>\n\n\n\n<li><strong>Intensidade:<\/strong> Moderada \u2013 uma excelente introdu\u00e7\u00e3o a experi\u00eancias aut\u00eanticas<\/li>\n\n\n\n<li><strong>Colheita:<\/strong> 400\u2013500g por kit (m\u00faltiplas colheitas poss\u00edveis)<\/li>\n\n\n\n<li><strong>Ideal Para:<\/strong> Cultivadores principiantes, exploradores tranquilos, experi\u00eancias sociais<\/li>\n<\/ul>\n<\/div>\n\n\n\n<div id=\"wd-33e24f4e\" class=\"wp-block-wd-column\">\n<div id=\"wd-cf5fd1b7\" class=\"wp-block-wd-table\">\n<figure class=\"wp-block-table\"><table><thead><tr><th>Especifica\u00e7\u00f5es R\u00e1pidas<\/th><\/tr><\/thead><tbody><tr><td><strong>Estirpe:<\/strong> Psilocybe Cubensis B+<\/td><\/tr><tr><td><strong>Dificuldade:<\/strong> Muito f\u00e1cil<\/td><\/tr><tr><td><strong>Pot\u00eancia:<\/strong> Moderada<\/td><\/tr><tr><td><strong>Tempo de Coloniza\u00e7\u00e3o:<\/strong> 8\u201310 dias (28\u201330\u00b0C)<\/td><\/tr><tr><td><strong>Tempo de Frutifica\u00e7\u00e3o:<\/strong> 8\u201321 dias (23\u201326\u00b0C)<\/td><\/tr><tr><td><strong>Armazenamento:<\/strong> Pronto a utilizar ou refrigerar (at\u00e9 1 m\u00eas)<\/td><\/tr><\/tbody><\/table><\/figure>\n<\/div>\n<\/div>\n\n\n\n<div id=\"wd-c78be697\" class=\"wp-block-wd-column\">\n<h2 id=\"wd-491a5234\" class=\"wp-block-wd-title title\">O Que Est\u00e1 Inclu\u00eddo<\/h2>\n\n\n\n<ul class=\"wp-block-list\">\n<li>Caixa de substrato para cultivo (1200cc, 100% mic\u00e9lio ativo)<\/li>\n\n\n\n<li>Saco de cultivo filtrado para controlo clim\u00e1tico ideal<\/li>\n\n\n\n<li>Clipes para selar o saco de cultivo<\/li>\n\n\n\n<li>Guia de cultivo simplificado inclu\u00eddo<\/li>\n<\/ul>\n<\/div>\n<\/div>\n","protected":false},"excerpt":{"rendered":"<p class=\"\" data-start=\"230\" data-end=\"337\"><strong data-start=\"230\" data-end=\"281\">Cogumelos grandes. Vibra\u00e7\u00f5es maiores. Adequado para iniciantes.  <\/strong><br data-start=\"281\" data-end=\"284\">Apreciado tanto por cultivadores ocasionais como por psiconautas experientes.<\/p>\n<p class=\"\" data-start=\"580\" data-end=\"854\">O lend\u00e1rio <strong data-start=\"594\" data-end=\"619\">Psilocybe Cubensis B+<\/strong> \u00e9 uma das estirpes de cogumelos m\u00e1gicos mais resilientes, adapt\u00e1veis e f\u00e1ceis de cultivar dispon\u00edveis. Conhecido pelos seus corpos frut\u00edferos de grandes dimens\u00f5es e pelos seus efeitos suaves e espirituais, o B+ \u00e9 a estirpe de elei\u00e7\u00e3o para quem est\u00e1 preparado para explorar a experi\u00eancia sem stress. <\/p>\n<p class=\"\" data-start=\"856\" data-end=\"980\">Quer esteja a dosear individualmente ou a mergulhar profundamente com amigos, o B+ proporciona visualiza\u00e7\u00f5es abertas, eleva\u00e7\u00e3o do humor e uma energia calorosa e enraizada.<\/p>\n","protected":false},"featured_media":2319,"comment_status":"open","ping_status":"closed","template":"","meta":[],"product_brand":[],"product_cat":[157],"product_tag":[222,223,191],"class_list":{"0":"post-2808","1":"product","2":"type-product","3":"status-publish","4":"has-post-thumbnail","6":"product_cat-mushroom-kits-pt-pt","7":"product_tag-kits-de-cogumelos","8":"product_tag-kits-de-cultivo-pt-pt","9":"product_tag-psilocibina-pt-pt","11":"first","12":"outofstock","13":"shipping-taxable","14":"purchasable","15":"product-type-simple"},"_links":{"self":[{"href":"https:\/\/herbalhorizons.co\/pt-pt\/wp-json\/wp\/v2\/product\/2808","targetHints":{"allow":["GET"]}}],"collection":[{"href":"https:\/\/herbalhorizons.co\/pt-pt\/wp-json\/wp\/v2\/product"}],"about":[{"href":"https:\/\/herbalhorizons.co\/pt-pt\/wp-json\/wp\/v2\/types\/product"}],"replies":[{"embeddable":true,"href":"https:\/\/herbalhorizons.co\/pt-pt\/wp-json\/wp\/v2\/comments?post=2808"}],"wp:featuredmedia":[{"embeddable":true,"href":"https:\/\/herbalhorizons.co\/pt-pt\/wp-json\/wp\/v2\/media\/2319"}],"wp:attachment":[{"href":"https:\/\/herbalhorizons.co\/pt-pt\/wp-json\/wp\/v2\/media?parent=2808"}],"wp:term":[{"taxonomy":"product_brand","embeddable":true,"href":"https:\/\/herbalhorizons.co\/pt-pt\/wp-json\/wp\/v2\/product_brand?post=2808"},{"taxonomy":"product_cat","embeddable":true,"href":"https:\/\/herbalhorizons.co\/pt-pt\/wp-json\/wp\/v2\/product_cat?post=2808"},{"taxonomy":"product_tag","embeddable":true,"href":"https:\/\/herbalhorizons.co\/pt-pt\/wp-json\/wp\/v2\/product_tag?post=2808"}],"curies":[{"name":"wp","href":"https:\/\/api.w.org\/{rel}","templated":true}]}}