{"id":2806,"date":"2025-04-14T11:37:37","date_gmt":"2025-04-14T11:37:37","guid":{"rendered":"https:\/\/herbalhorizons.co\/product\/bruce-banner-caneta-vaporizadora-de-hhc\/"},"modified":"2025-04-23T10:25:55","modified_gmt":"2025-04-23T10:25:55","slug":"bruce-banner-caneta-vaporizadora-de-hhc","status":"publish","type":"product","link":"https:\/\/herbalhorizons.co\/pt-pt\/produto\/bruce-banner-caneta-vaporizadora-de-hhc\/","title":{"rendered":"Bruce Banner \u2013 Caneta Vaporizadora de HHC"},"content":{"rendered":"\n<div id=\"wd-67ebcd5c\" class=\"wp-block-wd-row\">\n<div id=\"wd-af8a8c9f\" class=\"wp-block-wd-column\">\n<h2 id=\"wd-3cbb8ed8\" class=\"wp-block-wd-title title\">Efeitos:<\/h2>\n\n\n\n<ul class=\"wp-block-list\">\n<li>Incremento de energia e clareza mental<\/li>\n\n\n\n<li>Eleva\u00e7\u00e3o do estado de esp\u00edrito e foco preciso<\/li>\n\n\n\n<li>Subtil sensa\u00e7\u00e3o corporal sem efeito de queda<\/li>\n\n\n\n<li>Ideal para utiliza\u00e7\u00e3o diurna, execu\u00e7\u00e3o de tarefas e fluidez social<\/li>\n<\/ul>\n<\/div>\n\n\n\n<div id=\"wd-33e24f4e\" class=\"wp-block-wd-column\">\n<div id=\"wd-cf5fd1b7\" class=\"wp-block-wd-table\">\n<figure class=\"wp-block-table\"><table><thead><tr><th>O que Obt\u00e9m:<\/th><\/tr><\/thead><tbody><tr><td>1000mg de <strong>Hexahidrocanabinol (HHC)<\/strong><\/td><\/tr><tr><td>At\u00e9 <strong>800 inala\u00e7\u00f5es saborosas por caneta<\/strong><\/td><\/tr><tr><td><strong>0% THC<\/strong> \u2013 desfrute legalmente e sem preocupa\u00e7\u00f5es<\/td><\/tr><tr><td>Terpenos e aromas integralmente naturais<\/td><\/tr><tr><td>Aus\u00eancia de aditivos sint\u00e9ticos ou compostos de enchimento<\/td><\/tr><\/tbody><\/table><\/figure>\n<\/div>\n<\/div>\n\n\n\n<div id=\"wd-c78be697\" class=\"wp-block-wd-column\">\n<h2 id=\"wd-58fbe819\" class=\"wp-block-wd-title title\">Por que Escolher Esta Caneta de Vaporiza\u00e7\u00e3o?<\/h2>\n\n\n\n<ul class=\"wp-block-list\">\n<li><strong>Pot\u00eancia de bolso<\/strong> para utilizadores de elevado funcionamento<\/li>\n\n\n\n<li><strong>Inala\u00e7\u00f5es limpas e consistentes<\/strong> do primeiro ao \u00faltimo trago<\/li>\n\n\n\n<li><strong>Sabor terroso a diesel<\/strong> para o palato audacioso<\/li>\n<\/ul>\n<\/div>\n<\/div>\n","protected":false},"excerpt":{"rendered":"<h4 class=\"\" data-start=\"397\" data-end=\"434\">\u26a1  <strong data-start=\"217\" data-end=\"262\">Terroso. Energ\u00e9tico. Concebido para Eliminar o Stress.  <\/strong><\/h4>\n<p class=\"\" data-start=\"443\" data-end=\"676\">O <strong data-start=\"443\" data-end=\"459\">Bruce Banner<\/strong> n\u00e3o brinca em servi\u00e7o. Antecipe um sabor audacioso a diesel e terra com um efeito estimulante de a\u00e7\u00e3o r\u00e1pida que alimenta a criatividade, agu\u00e7a o foco e erradica o stress. Adequado para dias de elevado desempenho ou para impulsionar projetos apaixonantes.  <\/p>\n","protected":false},"featured_media":2409,"comment_status":"open","ping_status":"closed","template":"","meta":[],"product_brand":[],"product_cat":[143],"product_tag":[197,196],"class_list":{"0":"post-2806","1":"product","2":"type-product","3":"status-publish","4":"has-post-thumbnail","6":"product_cat-vapes-pt-pt-2","7":"product_tag-vaporizacao","8":"product_tag-vaporizacoes","10":"first","11":"outofstock","12":"shipping-taxable","13":"purchasable","14":"product-type-simple"},"_links":{"self":[{"href":"https:\/\/herbalhorizons.co\/pt-pt\/wp-json\/wp\/v2\/product\/2806","targetHints":{"allow":["GET"]}}],"collection":[{"href":"https:\/\/herbalhorizons.co\/pt-pt\/wp-json\/wp\/v2\/product"}],"about":[{"href":"https:\/\/herbalhorizons.co\/pt-pt\/wp-json\/wp\/v2\/types\/product"}],"replies":[{"embeddable":true,"href":"https:\/\/herbalhorizons.co\/pt-pt\/wp-json\/wp\/v2\/comments?post=2806"}],"wp:featuredmedia":[{"embeddable":true,"href":"https:\/\/herbalhorizons.co\/pt-pt\/wp-json\/wp\/v2\/media\/2409"}],"wp:attachment":[{"href":"https:\/\/herbalhorizons.co\/pt-pt\/wp-json\/wp\/v2\/media?parent=2806"}],"wp:term":[{"taxonomy":"product_brand","embeddable":true,"href":"https:\/\/herbalhorizons.co\/pt-pt\/wp-json\/wp\/v2\/product_brand?post=2806"},{"taxonomy":"product_cat","embeddable":true,"href":"https:\/\/herbalhorizons.co\/pt-pt\/wp-json\/wp\/v2\/product_cat?post=2806"},{"taxonomy":"product_tag","embeddable":true,"href":"https:\/\/herbalhorizons.co\/pt-pt\/wp-json\/wp\/v2\/product_tag?post=2806"}],"curies":[{"name":"wp","href":"https:\/\/api.w.org\/{rel}","templated":true}]}}