{"id":2796,"date":"2025-04-14T10:59:45","date_gmt":"2025-04-14T10:59:45","guid":{"rendered":"https:\/\/herbalhorizons.co\/product\/double-rainbow-trufas-magicas-psilocybe\/"},"modified":"2025-04-23T10:25:46","modified_gmt":"2025-04-23T10:25:46","slug":"double-rainbow-trufas-magicas-psilocybe","status":"publish","type":"product","link":"https:\/\/herbalhorizons.co\/pt-pt\/produto\/double-rainbow-trufas-magicas-psilocybe\/","title":{"rendered":"Double Rainbow \u2013 Trufas M\u00e1gicas Psilocybe"},"content":{"rendered":"\n<div id=\"wd-67ebcd5c\" class=\"wp-block-wd-row\">\n<div id=\"wd-af8a8c9f\" class=\"wp-block-wd-column\">\n<h2 id=\"wd-3cbb8ed8\" class=\"wp-block-wd-title title\">Efeitos:<\/h2>\n\n\n\n<ul class=\"wp-block-list\">\n<li>Euforia e empatia em todo o corpo<\/li>\n\n\n\n<li>Perce\u00e7\u00f5es visuais cintilantes e mut\u00e1veis<\/li>\n\n\n\n<li>Criatividade e perce\u00e7\u00e3o sensorial intensificadas<\/li>\n\n\n\n<li>Risos profundos e energia l\u00fadica<\/li>\n\n\n\n<li>In\u00edcio: 30\u201345 minutos<\/li>\n\n\n\n<li>Dura\u00e7\u00e3o: 4\u20136 horas<\/li>\n<\/ul>\n<\/div>\n\n\n\n<div id=\"wd-33e24f4e\" class=\"wp-block-wd-column\">\n<div id=\"wd-cf5fd1b7\" class=\"wp-block-wd-table\">\n<figure class=\"wp-block-table\"><table><thead><tr><th>Intensidade da Viagem<\/th><th>Quantidade<\/th><\/tr><\/thead><tbody><tr><td>Leve<\/td><td>5\u20138g<\/td><\/tr><tr><td>M\u00e9dia<\/td><td>8\u201310g<\/td><\/tr><tr><td>Forte<\/td><td>12\u201315g<\/td><\/tr><\/tbody><\/table><\/figure>\n<\/div>\n\n\n\n<p id=\"wd-23181eb4\" class=\"wp-block-wd-paragraph\">Suficientemente suave para iniciantes. Surpreendente o suficiente para psiconautas experientes. <\/p>\n<\/div>\n\n\n\n<div id=\"wd-c78be697\" class=\"wp-block-wd-column\">\n<h2 id=\"wd-491a5234\" class=\"wp-block-wd-title title\">Como Utilizar:<\/h2>\n\n\n\n<ul class=\"wp-block-list\">\n<li>Consumir <strong>cru<\/strong> com o est\u00f4mago vazio<\/li>\n\n\n\n<li>Mastigar lentamente ou preparar como ch\u00e1 sem a\u00e7\u00facar<\/li>\n\n\n\n<li>Escolher um ambiente relaxado, divertido e seguro<\/li>\n\n\n\n<li>Um <strong>acompanhante<\/strong> \u00e9 opcional, mas \u00fatil em doses elevadas<\/li>\n<\/ul>\n\n\n\n<h2 id=\"wd-58fbe819\" class=\"wp-block-wd-title title\">Conserva\u00e7\u00e3o:<\/h2>\n\n\n\n<ul class=\"wp-block-list\">\n<li>Trufas frescas: Frigor\u00edfico (2\u20138\u00b0C) durante 2\u20133 semanas<\/li>\n\n\n\n<li>Secar completamente para conserva\u00e7\u00e3o a longo prazo (at\u00e9 6 meses num recipiente herm\u00e9tico e fresco)<\/li>\n<\/ul>\n<\/div>\n<\/div>\n","protected":false},"excerpt":{"rendered":"<h4 class=\"\" data-start=\"397\" data-end=\"434\">\u26a1 N\u00edvel de Intensidade: Equilibrado + Luminoso<\/h4>\n<p><strong data-start=\"230\" data-end=\"274\">Riso, luz e perce\u00e7\u00e3o em camadas.<\/strong><\/p>\n<p class=\"\" data-start=\"432\" data-end=\"685\">O <strong data-start=\"432\" data-end=\"450\">Double Rainbow<\/strong> \u00e9 a sua op\u00e7\u00e3o jubilosa para experi\u00eancias psicad\u00e9licas sociais. Proporciona o equil\u00edbrio ideal entre euforia, perce\u00e7\u00f5es visuais e energia conectiva \u2014 perfeito para sess\u00f5es em grupo, festivais ou conversas profundas sob as estrelas. Uma experi\u00eancia bem equilibrada com uma descida luminosa.  <\/p>\n<p data-start=\"432\" data-end=\"685\"><strong data-start=\"1681\" data-end=\"1762\">N\u00e3o \u00e9 apenas uma viagem \u2014 \u00e9 uma mudan\u00e7a em todo o espectro. Brilhante, arrojada e magnificamente peculiar. <\/strong><\/p>\n","protected":false},"featured_media":2385,"comment_status":"open","ping_status":"closed","template":"","meta":[],"product_brand":[],"product_cat":[145],"product_tag":[191,192,193],"class_list":{"0":"post-2796","1":"product","2":"type-product","3":"status-publish","4":"has-post-thumbnail","6":"product_cat-truffles-pt-pt-2","7":"product_tag-psilocibina-pt-pt","8":"product_tag-psilocybe-pt-pt","9":"product_tag-trufas","11":"first","12":"outofstock","13":"shipping-taxable","14":"purchasable","15":"product-type-simple"},"_links":{"self":[{"href":"https:\/\/herbalhorizons.co\/pt-pt\/wp-json\/wp\/v2\/product\/2796","targetHints":{"allow":["GET"]}}],"collection":[{"href":"https:\/\/herbalhorizons.co\/pt-pt\/wp-json\/wp\/v2\/product"}],"about":[{"href":"https:\/\/herbalhorizons.co\/pt-pt\/wp-json\/wp\/v2\/types\/product"}],"replies":[{"embeddable":true,"href":"https:\/\/herbalhorizons.co\/pt-pt\/wp-json\/wp\/v2\/comments?post=2796"}],"wp:featuredmedia":[{"embeddable":true,"href":"https:\/\/herbalhorizons.co\/pt-pt\/wp-json\/wp\/v2\/media\/2385"}],"wp:attachment":[{"href":"https:\/\/herbalhorizons.co\/pt-pt\/wp-json\/wp\/v2\/media?parent=2796"}],"wp:term":[{"taxonomy":"product_brand","embeddable":true,"href":"https:\/\/herbalhorizons.co\/pt-pt\/wp-json\/wp\/v2\/product_brand?post=2796"},{"taxonomy":"product_cat","embeddable":true,"href":"https:\/\/herbalhorizons.co\/pt-pt\/wp-json\/wp\/v2\/product_cat?post=2796"},{"taxonomy":"product_tag","embeddable":true,"href":"https:\/\/herbalhorizons.co\/pt-pt\/wp-json\/wp\/v2\/product_tag?post=2796"}],"curies":[{"name":"wp","href":"https:\/\/api.w.org\/{rel}","templated":true}]}}