{"id":2789,"date":"2025-04-14T10:56:07","date_gmt":"2025-04-14T10:56:07","guid":{"rendered":"https:\/\/herbalhorizons.co\/product\/psilocybe-mexicana-carne-dos-deuses\/"},"modified":"2025-04-23T10:25:45","modified_gmt":"2025-04-23T10:25:45","slug":"psilocybe-mexicana-carne-dos-deuses","status":"publish","type":"product","link":"https:\/\/herbalhorizons.co\/pt-pt\/produto\/psilocybe-mexicana-carne-dos-deuses\/","title":{"rendered":"Psilocybe Mexicana \u2013 Carne dos Deuses"},"content":{"rendered":"\n<div id=\"wd-67ebcd5c\" class=\"wp-block-wd-row\">\n<div id=\"wd-af8a8c9f\" class=\"wp-block-wd-column\">\n<h2 id=\"wd-3cbb8ed8\" class=\"wp-block-wd-title title\">Efeitos:<\/h2>\n\n\n\n<ul class=\"wp-block-list\">\n<li>Euforia e consci\u00eancia pac\u00edfica<\/li>\n\n\n\n<li>Vis\u00f5es suaves e altera\u00e7\u00e3o de cores<\/li>\n\n\n\n<li>Criatividade aprimorada e conex\u00e3o com a natureza<\/li>\n\n\n\n<li>Riso, empatia e energia calorosa<\/li>\n\n\n\n<li>In\u00edcio: 30\u201345 minutos<\/li>\n\n\n\n<li>Dura\u00e7\u00e3o: 4\u20136 horas<\/li>\n<\/ul>\n<\/div>\n\n\n\n<div id=\"wd-33e24f4e\" class=\"wp-block-wd-column\">\n<div id=\"wd-cf5fd1b7\" class=\"wp-block-wd-table\">\n<figure class=\"wp-block-table\"><table><thead><tr><th>Intensidade da Viagem<\/th><th>Quantidade<\/th><\/tr><\/thead><tbody><tr><td>Leve<\/td><td>6\u201310g<\/td><\/tr><tr><td>M\u00e9dia<\/td><td>10\u201315g<\/td><\/tr><tr><td>Forte<\/td><td>15\u201320g<\/td><\/tr><\/tbody><\/table><\/figure>\n<\/div>\n\n\n\n<p id=\"wd-23181eb4\" class=\"wp-block-wd-paragraph\">Para os exploradores ao ar livre, esta \u00e9 uma op\u00e7\u00e3o preferencial. Experimente sob as \u00e1rvores ou \u00e0 luz do sol. <\/p>\n<\/div>\n\n\n\n<div id=\"wd-c78be697\" class=\"wp-block-wd-column\">\n<h2 id=\"wd-491a5234\" class=\"wp-block-wd-title title\">Como Utilizar:<\/h2>\n\n\n\n<ul class=\"wp-block-list\">\n<li>Melhor com o <strong>est\u00f4mago vazio<\/strong><\/li>\n\n\n\n<li>Mastigar completamente ou preparar em infus\u00e3o (sem a\u00e7\u00facar)<\/li>\n\n\n\n<li>Escolher um <strong>ambiente seguro e de confian\u00e7a<\/strong><\/li>\n\n\n\n<li>Um acompanhante \u00e9 fortemente recomendado para doses de intensidade m\u00e1xima<\/li>\n<\/ul>\n\n\n\n<h2 id=\"wd-58fbe819\" class=\"wp-block-wd-title title\">Conserva\u00e7\u00e3o:<\/h2>\n\n\n\n<ul class=\"wp-block-list\">\n<li>Conservar no frigor\u00edfico a 2\u20138\u00b0C (at\u00e9 3 semanas fresco)<\/li>\n\n\n\n<li>Para armazenamento prolongado: <strong>secar completamente<\/strong> e fechar hermeticamente por at\u00e9 6 meses<\/li>\n<\/ul>\n<\/div>\n<\/div>\n","protected":false},"excerpt":{"rendered":"<h4 class=\"\" data-start=\"397\" data-end=\"434\">\u26a1 N\u00edvel de Intensidade: Moderado + En\u00e9rgico<\/h4>\n<p><strong data-start=\"1824\" data-end=\"1901\">De origem ancestral. Eterno em sabedoria. Cultivado para aqueles que est\u00e3o prontos para recordar.  <\/strong><\/p>\n<p class=\"\" data-start=\"535\" data-end=\"800\">A <strong data-start=\"535\" data-end=\"557\">Psilocybe Mexicana<\/strong> proporciona uma experi\u00eancia suave e elevadora, enraizada no uso cerimonial ancestral. Conhecida como <em data-start=\"635\" data-end=\"648\">teonan\u00e1catl<\/em> pelos Astecas \u2014 &#8220;carne dos deuses&#8221; \u2014 esta trufa \u00e9 ideal para exploradores espirituais que procuram conex\u00e3o, vis\u00f5es ligeiras e uma jornada centrada no cora\u00e7\u00e3o. <\/p>\n","protected":false},"featured_media":2379,"comment_status":"open","ping_status":"closed","template":"","meta":[],"product_brand":[],"product_cat":[145],"product_tag":[191,192,193],"class_list":{"0":"post-2789","1":"product","2":"type-product","3":"status-publish","4":"has-post-thumbnail","6":"product_cat-truffles-pt-pt-2","7":"product_tag-psilocibina-pt-pt","8":"product_tag-psilocybe-pt-pt","9":"product_tag-trufas","11":"first","12":"outofstock","13":"shipping-taxable","14":"purchasable","15":"product-type-simple"},"_links":{"self":[{"href":"https:\/\/herbalhorizons.co\/pt-pt\/wp-json\/wp\/v2\/product\/2789","targetHints":{"allow":["GET"]}}],"collection":[{"href":"https:\/\/herbalhorizons.co\/pt-pt\/wp-json\/wp\/v2\/product"}],"about":[{"href":"https:\/\/herbalhorizons.co\/pt-pt\/wp-json\/wp\/v2\/types\/product"}],"replies":[{"embeddable":true,"href":"https:\/\/herbalhorizons.co\/pt-pt\/wp-json\/wp\/v2\/comments?post=2789"}],"wp:featuredmedia":[{"embeddable":true,"href":"https:\/\/herbalhorizons.co\/pt-pt\/wp-json\/wp\/v2\/media\/2379"}],"wp:attachment":[{"href":"https:\/\/herbalhorizons.co\/pt-pt\/wp-json\/wp\/v2\/media?parent=2789"}],"wp:term":[{"taxonomy":"product_brand","embeddable":true,"href":"https:\/\/herbalhorizons.co\/pt-pt\/wp-json\/wp\/v2\/product_brand?post=2789"},{"taxonomy":"product_cat","embeddable":true,"href":"https:\/\/herbalhorizons.co\/pt-pt\/wp-json\/wp\/v2\/product_cat?post=2789"},{"taxonomy":"product_tag","embeddable":true,"href":"https:\/\/herbalhorizons.co\/pt-pt\/wp-json\/wp\/v2\/product_tag?post=2789"}],"curies":[{"name":"wp","href":"https:\/\/api.w.org\/{rel}","templated":true}]}}