{"id":2773,"date":"2025-04-14T08:19:29","date_gmt":"2025-04-14T08:19:29","guid":{"rendered":"https:\/\/herbalhorizons.co\/product\/high-hawaiians-psilocybe-tampelandia\/"},"modified":"2025-04-23T10:25:26","modified_gmt":"2025-04-23T10:25:26","slug":"high-hawaiians-psilocybe-tampelandia","status":"publish","type":"product","link":"https:\/\/herbalhorizons.co\/pt-pt\/produto\/high-hawaiians-psilocybe-tampelandia\/","title":{"rendered":"High Hawaiians \u2013 Psilocybe Tampelandia"},"content":{"rendered":"\n<div id=\"wd-67ebcd5c\" class=\"wp-block-wd-row\">\n<div id=\"wd-af8a8c9f\" class=\"wp-block-wd-column\">\n<h2 id=\"wd-3cbb8ed8\" class=\"wp-block-wd-title title\">Efeitos:<\/h2>\n\n\n\n<ul class=\"wp-block-list\">\n<li>Alucina\u00e7\u00f5es visuais intensas<\/li>\n\n\n\n<li>Euforia e abertura emocional<\/li>\n\n\n\n<li>Ondas corporais e sensa\u00e7\u00f5es de formigueiro<\/li>\n\n\n\n<li>Criatividade e conex\u00e3o aprimoradas<\/li>\n\n\n\n<li>In\u00edcio: 30\u201345 minutos<\/li>\n\n\n\n<li>Dura\u00e7\u00e3o: 4\u20136 horas<\/li>\n<\/ul>\n<\/div>\n\n\n\n<div id=\"wd-33e24f4e\" class=\"wp-block-wd-column\">\n<div id=\"wd-cf5fd1b7\" class=\"wp-block-wd-table\">\n<figure class=\"wp-block-table\"><table><thead><tr><th>Intensidade da Viagem<\/th><th>Quantidade<\/th><\/tr><\/thead><tbody><tr><td>Leve<\/td><td>7\u201310g<\/td><\/tr><tr><td>M\u00e9dia<\/td><td>10\u201315g<\/td><\/tr><tr><td>Forte<\/td><td>15\u201322g<\/td><\/tr><\/tbody><\/table><\/figure>\n<\/div>\n\n\n\n<p id=\"wd-23181eb4\" class=\"wp-block-wd-paragraph\">Comece com pouco. <span class=\"wd-highlight\">Respeite a dose<\/span>. Estes t\u00eam um efeito mais forte do que a maioria. <\/p>\n<\/div>\n\n\n\n<div id=\"wd-c78be697\" class=\"wp-block-wd-column\">\n<h2 id=\"wd-491a5234\" class=\"wp-block-wd-title title\">Como Utilizar:<\/h2>\n\n\n\n<ul class=\"wp-block-list\">\n<li>Melhor com o est\u00f4mago vazio<\/li>\n\n\n\n<li>Mastigue minuciosamente, ou prepare uma infus\u00e3o sem a\u00e7\u00facar<\/li>\n\n\n\n<li>Mantenha-se hidratado e <strong>preparare o ambiente adequadamente<\/strong><\/li>\n\n\n\n<li><strong>Recomenda-se um acompanhante<\/strong> para jornadas intensas pela primeira vez<\/li>\n<\/ul>\n\n\n\n<h2 id=\"wd-0d008b22\" class=\"wp-block-wd-title title\">Conserva\u00e7\u00e3o:<\/h2>\n\n\n\n<ul class=\"wp-block-list\">\n<li>Conservar no frigor\u00edfico (2\u20138\u00b0C)<\/li>\n\n\n\n<li>As embalagens fechadas duram 1 m\u00eas; consuma fresco para m\u00e1xima pot\u00eancia<\/li>\n\n\n\n<li>Para armazenamento a longo prazo: <strong>seque completamente<\/strong>, e depois sele num local fresco e seco (dura at\u00e9 6 meses)<\/li>\n<\/ul>\n<\/div>\n<\/div>\n","protected":false},"excerpt":{"rendered":"<h4 class=\"\" data-start=\"459\" data-end=\"491\">\u26a1 N\u00edvel de Intensidade: Selvagem<\/h4>\n<p class=\"\" data-start=\"492\" data-end=\"741\">Os <strong data-start=\"492\" data-end=\"510\">High Hawaiians<\/strong> n\u00e3o s\u00e3o um petisco psicod\u00e9lico comum. Estas trufas est\u00e3o carregadas de psilocibina e s\u00e3o conhecidas por proporcionarem experi\u00eancias de alta intensidade e plenitude. Vis\u00f5es profundas, ondas emocionais, euforia corporal \u2014 e horas de energia para percorrer o universo.  <\/p>\n<p class=\"\" data-start=\"743\" data-end=\"849\">Ideal para <strong data-start=\"755\" data-end=\"780\">exploradores experientes<\/strong>, buscadores profundos da alma, ou aqueles prontos para se encontrarem no limite.<\/p>\n","protected":false},"featured_media":2349,"comment_status":"open","ping_status":"closed","template":"","meta":[],"product_brand":[],"product_cat":[145],"product_tag":[191,192,193],"class_list":{"0":"post-2773","1":"product","2":"type-product","3":"status-publish","4":"has-post-thumbnail","6":"product_cat-truffles-pt-pt-2","7":"product_tag-psilocibina-pt-pt","8":"product_tag-psilocybe-pt-pt","9":"product_tag-trufas","11":"first","12":"outofstock","13":"shipping-taxable","14":"purchasable","15":"product-type-simple"},"_links":{"self":[{"href":"https:\/\/herbalhorizons.co\/pt-pt\/wp-json\/wp\/v2\/product\/2773","targetHints":{"allow":["GET"]}}],"collection":[{"href":"https:\/\/herbalhorizons.co\/pt-pt\/wp-json\/wp\/v2\/product"}],"about":[{"href":"https:\/\/herbalhorizons.co\/pt-pt\/wp-json\/wp\/v2\/types\/product"}],"replies":[{"embeddable":true,"href":"https:\/\/herbalhorizons.co\/pt-pt\/wp-json\/wp\/v2\/comments?post=2773"}],"wp:featuredmedia":[{"embeddable":true,"href":"https:\/\/herbalhorizons.co\/pt-pt\/wp-json\/wp\/v2\/media\/2349"}],"wp:attachment":[{"href":"https:\/\/herbalhorizons.co\/pt-pt\/wp-json\/wp\/v2\/media?parent=2773"}],"wp:term":[{"taxonomy":"product_brand","embeddable":true,"href":"https:\/\/herbalhorizons.co\/pt-pt\/wp-json\/wp\/v2\/product_brand?post=2773"},{"taxonomy":"product_cat","embeddable":true,"href":"https:\/\/herbalhorizons.co\/pt-pt\/wp-json\/wp\/v2\/product_cat?post=2773"},{"taxonomy":"product_tag","embeddable":true,"href":"https:\/\/herbalhorizons.co\/pt-pt\/wp-json\/wp\/v2\/product_tag?post=2773"}],"curies":[{"name":"wp","href":"https:\/\/api.w.org\/{rel}","templated":true}]}}