{"id":2750,"date":"2025-04-14T15:56:05","date_gmt":"2025-04-14T15:56:05","guid":{"rendered":"https:\/\/herbalhorizons.co\/product\/bruce-banner-sementes-de-canabis-autoflorescentes\/"},"modified":"2025-04-23T10:24:51","modified_gmt":"2025-04-23T10:24:51","slug":"bruce-banner-sementes-de-canabis-autoflorescentes","status":"publish","type":"product","link":"https:\/\/herbalhorizons.co\/pt-pt\/produto\/bruce-banner-sementes-de-canabis-autoflorescentes\/","title":{"rendered":"Bruce Banner \u2013 Sementes de Can\u00e1bis Autoflorescentes"},"content":{"rendered":"\n<div id=\"wd-67ebcd5c\" class=\"wp-block-wd-row\">\n<div id=\"wd-af8a8c9f\" class=\"wp-block-wd-column\">\n<h2 id=\"wd-3cbb8ed8\" class=\"wp-block-wd-title title\">Efeitos:<\/h2>\n\n\n\n<ul class=\"wp-block-list\">\n<li>Efeito mental euf\u00f3rico e estimulante<\/li>\n\n\n\n<li>Potencia a criatividade e a concentra\u00e7\u00e3o<\/li>\n\n\n\n<li>Excelente para tarefas ativas ou fluxo art\u00edstico<\/li>\n\n\n\n<li>Clareza duradoura com energia jubilosa<\/li>\n<\/ul>\n\n\n\n<h2 id=\"wd-58fbe819\" class=\"wp-block-wd-title title\">Sabor e Aroma:<\/h2>\n\n\n\n<ul class=\"wp-block-list\">\n<li>Predominantemente diesel com notas terrosas e adocicadas<\/li>\n\n\n\n<li>Nuances de fruta floral e pinheiro<\/li>\n\n\n\n<li>Fumo encorpado com aroma intenso<\/li>\n<\/ul>\n<\/div>\n\n\n\n<div id=\"wd-33e24f4e\" class=\"wp-block-wd-column\">\n<div id=\"wd-cf5fd1b7\" class=\"wp-block-wd-table\">\n<figure class=\"wp-block-table\"><table><thead><tr><th>O que Obt\u00e9m:<\/th><\/tr><\/thead><tbody><tr><td><strong>Gen\u00e9tica:<\/strong> Bruce Banner x Gorilla Girl XL  <\/td><\/tr><tr><td><strong>Tipo de Semente:<\/strong> Autoflorescente<\/td><\/tr><tr><td><strong>R\u00e1cio Sativa\/Indica:<\/strong> 60% Sativa \/ 40% Indica<\/td><\/tr><tr><td><strong>Produ\u00e7\u00e3o Exterior:<\/strong> 50\u2013150g por planta<\/td><\/tr><tr><td><strong>Tempo de Flora\u00e7\u00e3o:<\/strong> 9 semanas desde a semente<\/td><\/tr><tr><td><strong>Altura:<\/strong> 50\u2013110cm<\/td><\/tr><tr><td><strong>Clima:<\/strong> Adapt\u00e1vel para cultivo interior\/exterior<\/td><\/tr><tr><td><strong>THC:<\/strong> 18\u201325%+ \/ <strong>CBD:<\/strong> 0,1%<\/td><\/tr><tr><td><strong>Resist\u00eancia ao Bolor:<\/strong> Boa<\/td><\/tr><\/tbody><\/table><\/figure>\n<\/div>\n<\/div>\n\n\n\n<div id=\"wd-c78be697\" class=\"wp-block-wd-column\">\n<h2 id=\"wd-5b579f2e\" class=\"wp-block-wd-title title\">Por Que Escolher Bruce Banner Auto?<\/h2>\n\n\n\n<ul class=\"wp-block-list\">\n<li>Autoflorescente oficial de 7\u00aa gera\u00e7\u00e3o \u2014 r\u00e1pida e est\u00e1vel<\/li>\n\n\n\n<li>Efeito lend\u00e1rio do clone de elite original<\/li>\n\n\n\n<li>Linhagem Gorilla Girl XL = produ\u00e7\u00e3o de resina de n\u00edvel superior<\/li>\n\n\n\n<li>Potente, compacta e muito arom\u00e1tica<\/li>\n<\/ul>\n\n\n\n<h2 id=\"wd-f4daca0b\" class=\"wp-block-wd-title title\">Dicas de Cultivo:<\/h2>\n\n\n\n<ul class=\"wp-block-list\">\n<li>O treino de baixo stress (LST) precoce melhora a expans\u00e3o do dossel<\/li>\n\n\n\n<li>Terpeno diesel = odor forte \u2014 use filtros em interiores<\/li>\n\n\n\n<li>Alimentar bem na flora\u00e7\u00e3o \u2014 aprecia pot\u00e1ssio e f\u00f3sforo<\/li>\n\n\n\n<li>\u00d3tima para cultivos interiores r\u00e1pidos e discretos<\/li>\n\n\n\n<li>M\u00e1ximo sabor se colhida na maturidade completa de 9 semanas<\/li>\n<\/ul>\n\n\n\n<h2 id=\"wd-37c5c520\" class=\"wp-block-wd-title title\">Ideal Para:<\/h2>\n\n\n\n<ul class=\"wp-block-list\">\n<li>Apreciadores de gen\u00e9ticas da Costa Oeste dos EUA<\/li>\n\n\n\n<li>Projetos criativos diurnos<\/li>\n\n\n\n<li>Cultivadores que procuram pot\u00eancia em espa\u00e7os reduzidos<\/li>\n\n\n\n<li>Entusiastas do sabor a combust\u00edvel<\/li>\n<\/ul>\n<\/div>\n<\/div>\n","protected":false},"excerpt":{"rendered":"<h4 class=\"\" data-start=\"397\" data-end=\"434\"><strong data-start=\"222\" data-end=\"273\">\ud83d\udd25 A lenda torna-se autom\u00e1tica. R\u00e1pida, feroz e saborosa. <br data-start=\"258\" data-end=\"261\"><\/strong><\/h4>\n<p>At\u00e9 25% de THC | 60% Sativa | Efeito euf\u00f3rico, criativo e energ\u00e9tico como diesel<\/p>\n<p class=\"\" data-start=\"496\" data-end=\"796\"><strong data-start=\"496\" data-end=\"526\">Bruce Banner <\/strong> \u00e9 uma vers\u00e3o autoflorescente de 7\u00aa gera\u00e7\u00e3o da ic\u00f3nica <strong data-start=\"583\" data-end=\"599\">Bruce Banner<\/strong>, cruzada com <strong data-start=\"611\" data-end=\"636\">Gorilla Girl XL Auto\u00ae<\/strong> para ainda mais resina e aroma. Desenvolvida no Colorado e repleta de intensidade frutada-diesel, esta \u00e9 uma variedade poderosa para criativos e apreciadores de sativa. <\/p>\n","protected":false},"featured_media":2553,"comment_status":"open","ping_status":"closed","template":"","meta":[],"product_brand":[],"product_cat":[112,151],"product_tag":[169,167,168],"class_list":{"0":"post-2750","1":"product","2":"type-product","3":"status-publish","4":"has-post-thumbnail","6":"product_cat-cannabis-seeds-pt-pt-2","7":"product_cat-autoflowering-seeds-pt-pt-2","8":"product_tag-autoflorescente","9":"product_tag-cannabis-pt-pt","10":"product_tag-sementes","12":"first","13":"outofstock","14":"shipping-taxable","15":"purchasable","16":"product-type-simple"},"_links":{"self":[{"href":"https:\/\/herbalhorizons.co\/pt-pt\/wp-json\/wp\/v2\/product\/2750","targetHints":{"allow":["GET"]}}],"collection":[{"href":"https:\/\/herbalhorizons.co\/pt-pt\/wp-json\/wp\/v2\/product"}],"about":[{"href":"https:\/\/herbalhorizons.co\/pt-pt\/wp-json\/wp\/v2\/types\/product"}],"replies":[{"embeddable":true,"href":"https:\/\/herbalhorizons.co\/pt-pt\/wp-json\/wp\/v2\/comments?post=2750"}],"wp:featuredmedia":[{"embeddable":true,"href":"https:\/\/herbalhorizons.co\/pt-pt\/wp-json\/wp\/v2\/media\/2553"}],"wp:attachment":[{"href":"https:\/\/herbalhorizons.co\/pt-pt\/wp-json\/wp\/v2\/media?parent=2750"}],"wp:term":[{"taxonomy":"product_brand","embeddable":true,"href":"https:\/\/herbalhorizons.co\/pt-pt\/wp-json\/wp\/v2\/product_brand?post=2750"},{"taxonomy":"product_cat","embeddable":true,"href":"https:\/\/herbalhorizons.co\/pt-pt\/wp-json\/wp\/v2\/product_cat?post=2750"},{"taxonomy":"product_tag","embeddable":true,"href":"https:\/\/herbalhorizons.co\/pt-pt\/wp-json\/wp\/v2\/product_tag?post=2750"}],"curies":[{"name":"wp","href":"https:\/\/api.w.org\/{rel}","templated":true}]}}