{"id":2748,"date":"2025-04-14T14:30:14","date_gmt":"2025-04-14T14:30:14","guid":{"rendered":"https:\/\/herbalhorizons.co\/product\/pink-glitterbomb-sementes-de-canabis-feminizadas\/"},"modified":"2025-04-23T10:24:51","modified_gmt":"2025-04-23T10:24:51","slug":"pink-glitterbomb-sementes-de-canabis-feminizadas","status":"publish","type":"product","link":"https:\/\/herbalhorizons.co\/pt-pt\/produto\/pink-glitterbomb-sementes-de-canabis-feminizadas\/","title":{"rendered":"Pink Glitterbomb \u2013 Sementes de Can\u00e1bis Feminizadas"},"content":{"rendered":"\n<div id=\"wd-67ebcd5c\" class=\"wp-block-wd-row\">\n<div id=\"wd-af8a8c9f\" class=\"wp-block-wd-column\">\n<h2 id=\"wd-3cbb8ed8\" class=\"wp-block-wd-title title\">Efeitos:<\/h2>\n\n\n\n<ul class=\"wp-block-list\">\n<li>Eleva\u00e7\u00e3o cerebral euf\u00f3rica<\/li>\n\n\n\n<li>Calma relaxante de corpo inteiro<\/li>\n\n\n\n<li>Alivia altera\u00e7\u00f5es de humor, stress e ins\u00f3nia<\/li>\n\n\n\n<li>Combina\u00e7\u00e3o perfeita de clareza mental e conforto prop\u00edcio ao sof\u00e1<\/li>\n<\/ul>\n\n\n\n<h2 id=\"wd-58fbe819\" class=\"wp-block-wd-title title\">Sabor e Aroma:<\/h2>\n\n\n\n<ul class=\"wp-block-list\">\n<li>Notas predominantes de baunilha cremosa e flora doce<\/li>\n\n\n\n<li>Fundo subtil de pinho e terra<\/li>\n\n\n\n<li>Inala\u00e7\u00e3o suave, semelhante a uma sobremesa<\/li>\n\n\n\n<li>Final doce e persistente<\/li>\n<\/ul>\n<\/div>\n\n\n\n<div id=\"wd-33e24f4e\" class=\"wp-block-wd-column\">\n<div id=\"wd-cf5fd1b7\" class=\"wp-block-wd-table\">\n<figure class=\"wp-block-table\"><table><thead><tr><th>O que Obt\u00e9m:<\/th><\/tr><\/thead><tbody><tr><td><strong>Gen\u00e9tica<\/strong> = \u00cdndica\/Sativa<\/td><\/tr><tr><td><strong>Tipo de Semente:<\/strong> Feminizada<\/td><\/tr><tr><td><strong>Produ\u00e7\u00e3o Interior:<\/strong> 750+ g\/m\u00b2<\/td><\/tr><tr><td><strong>Produ\u00e7\u00e3o Exterior:<\/strong> 600\u2013750g por planta<\/td><\/tr><tr><td><strong>Tempo de Flora\u00e7\u00e3o:<\/strong> 8 semanas (Interior)<\/td><\/tr><tr><td><strong>M\u00eas de Colheita:<\/strong> Setembro (Exterior)<\/td><\/tr><tr><td><strong>Altura:<\/strong> 80\u2013100cm Interior \/ 150\u2013200cm Exterior<\/td><\/tr><tr><td><strong>THC:<\/strong> 30%+, <strong>CBD:<\/strong> M\u00e9dio (1\u20135%)<\/td><\/tr><tr><td><strong>Resist\u00eancia a Bolores:<\/strong> Elevada<\/td><\/tr><\/tbody><\/table><\/figure>\n<\/div>\n<\/div>\n\n\n\n<div id=\"wd-c78be697\" class=\"wp-block-wd-column\">\n<h2 id=\"wd-5b579f2e\" class=\"wp-block-wd-title title\">Apar\u00eancia dos Bot\u00f5es<\/h2>\n\n\n\n<ul class=\"wp-block-list\">\n<li>Bot\u00f5es verde-esmeralda com tons rosa e p\u00farpura<\/li>\n\n\n\n<li>Camada espessa de tricomas cintilantes<\/li>\n\n\n\n<li>Pistilos laranja-fogo<\/li>\n\n\n\n<li>Uma obra-prima visual gelada e reluzente<\/li>\n<\/ul>\n\n\n\n<h2 id=\"wd-f4daca0b\" class=\"wp-block-wd-title title\">Dicas de Cultivo:<\/h2>\n\n\n\n<ul class=\"wp-block-list\">\n<li>Tem bom desempenho em ambientes interiores e estufas<\/li>\n\n\n\n<li>Manter a humidade baixa durante as semanas finais para maximizar o brilho dos tricomas<\/li>\n\n\n\n<li>Responde magnificamente a uma ligeira desfolha\u00e7\u00e3o<\/li>\n<\/ul>\n\n\n\n<h2 id=\"wd-37c5c520\" class=\"wp-block-wd-title title\">Ideal Para:<\/h2>\n\n\n\n<ul class=\"wp-block-list\">\n<li>Relaxamento vespertino e tranquilidade corporal<\/li>\n\n\n\n<li>Cultivadores est\u00e9ticos que apreciam cores vibrantes nos bot\u00f5es<\/li>\n\n\n\n<li>Equil\u00edbrio do humor, al\u00edvio do stress e seda\u00e7\u00e3o suave<\/li>\n\n\n\n<li>Relaxamento recreativo ou uso medicinal ligeiro<\/li>\n\n\n\n<li>Apreciadores de sabor e colecionadores de bot\u00f5es exclusivos<\/li>\n<\/ul>\n<\/div>\n<\/div>\n","protected":false},"excerpt":{"rendered":"<h4 class=\"\" data-start=\"397\" data-end=\"434\"><strong data-start=\"222\" data-end=\"273\">\ud83d\udd25 Baunilha cremosa. Geada rosa. Poder massivo.  <br data-start=\"258\" data-end=\"261\"><\/strong><\/h4>\n<p>30%+ THC | Bot\u00f5es de tonalidade rosa cintilante | Efeitos euf\u00f3ricos de corpo inteiro<\/p>\n<p class=\"\" data-start=\"488\" data-end=\"815\">A <strong data-start=\"488\" data-end=\"508\">Pink Glitterbomb<\/strong> \u00e9 uma raridade criada a partir de <strong data-start=\"536\" data-end=\"569\">Starfighter x Cookies  Cream<\/strong>, oferecendo deslumbrantes bot\u00f5es de tonalidade rosa e um sabor deliciosamente cremoso a baunilha. Com at\u00e9 <strong data-start=\"658\" data-end=\"669\">30% de THC<\/strong>, esta estirpe proporciona uma euforia cerebral seguida de uma sensa\u00e7\u00e3o corporal profundamente calmante \u2014 perfeita para relaxar ou dissipar o stress e a tens\u00e3o. <\/p>\n","protected":false},"featured_media":2493,"comment_status":"open","ping_status":"closed","template":"","meta":[],"product_brand":[],"product_cat":[112,129],"product_tag":[167,204,168],"class_list":{"0":"post-2748","1":"product","2":"type-product","3":"status-publish","4":"has-post-thumbnail","6":"product_cat-cannabis-seeds-pt-pt-2","7":"product_cat-feminized-seeds-pt-pt-2","8":"product_tag-cannabis-pt-pt","9":"product_tag-feminizada","10":"product_tag-sementes","12":"first","13":"outofstock","14":"shipping-taxable","15":"purchasable","16":"product-type-simple"},"_links":{"self":[{"href":"https:\/\/herbalhorizons.co\/pt-pt\/wp-json\/wp\/v2\/product\/2748","targetHints":{"allow":["GET"]}}],"collection":[{"href":"https:\/\/herbalhorizons.co\/pt-pt\/wp-json\/wp\/v2\/product"}],"about":[{"href":"https:\/\/herbalhorizons.co\/pt-pt\/wp-json\/wp\/v2\/types\/product"}],"replies":[{"embeddable":true,"href":"https:\/\/herbalhorizons.co\/pt-pt\/wp-json\/wp\/v2\/comments?post=2748"}],"wp:featuredmedia":[{"embeddable":true,"href":"https:\/\/herbalhorizons.co\/pt-pt\/wp-json\/wp\/v2\/media\/2493"}],"wp:attachment":[{"href":"https:\/\/herbalhorizons.co\/pt-pt\/wp-json\/wp\/v2\/media?parent=2748"}],"wp:term":[{"taxonomy":"product_brand","embeddable":true,"href":"https:\/\/herbalhorizons.co\/pt-pt\/wp-json\/wp\/v2\/product_brand?post=2748"},{"taxonomy":"product_cat","embeddable":true,"href":"https:\/\/herbalhorizons.co\/pt-pt\/wp-json\/wp\/v2\/product_cat?post=2748"},{"taxonomy":"product_tag","embeddable":true,"href":"https:\/\/herbalhorizons.co\/pt-pt\/wp-json\/wp\/v2\/product_tag?post=2748"}],"curies":[{"name":"wp","href":"https:\/\/api.w.org\/{rel}","templated":true}]}}