{"id":2737,"date":"2025-04-14T14:13:15","date_gmt":"2025-04-14T14:13:15","guid":{"rendered":"https:\/\/herbalhorizons.co\/product\/tropicana-cherry-sementes-feminizadas-triploides-f1\/"},"modified":"2025-04-23T10:24:40","modified_gmt":"2025-04-23T10:24:40","slug":"tropicana-cherry-sementes-feminizadas-triploides-f1","status":"publish","type":"product","link":"https:\/\/herbalhorizons.co\/pt-pt\/produto\/tropicana-cherry-sementes-feminizadas-triploides-f1\/","title":{"rendered":"Tropicana Cherry \u2013 Sementes Feminizadas Tripl\u00f3ides F1"},"content":{"rendered":"\n<div id=\"wd-67ebcd5c\" class=\"wp-block-wd-row\">\n<div id=\"wd-af8a8c9f\" class=\"wp-block-wd-column\">\n<h2 id=\"wd-3cbb8ed8\" class=\"wp-block-wd-title title\">Efeitos:<\/h2>\n\n\n\n<ul class=\"wp-block-list\">\n<li>Estimula\u00e7\u00e3o mental criativa<\/li>\n\n\n\n<li>Eleva\u00e7\u00e3o do humor com efeitos corporais relaxantes<\/li>\n\n\n\n<li>Excelente para aliviar o stress, a tens\u00e3o e a confus\u00e3o emocional<\/li>\n\n\n\n<li>Equil\u00edbrio perfeito entre clareza e calma<\/li>\n<\/ul>\n\n\n\n<h2 id=\"wd-58fbe819\" class=\"wp-block-wd-title title\">Sabor e Aroma:<\/h2>\n\n\n\n<ul class=\"wp-block-list\">\n<li>Notas iniciais doces de cereja e bagas<\/li>\n\n\n\n<li>Aroma c\u00edtrico e amendoado no final<\/li>\n\n\n\n<li>Aroma cremoso a bolacha que permanece no palato<\/li>\n\n\n\n<li>Complexa, saborosa e memor\u00e1vel<\/li>\n<\/ul>\n<\/div>\n\n\n\n<div id=\"wd-33e24f4e\" class=\"wp-block-wd-column\">\n<div id=\"wd-cf5fd1b7\" class=\"wp-block-wd-table\">\n<figure class=\"wp-block-table\"><table><thead><tr><th>O que Obt\u00e9m:<\/th><\/tr><\/thead><tbody><tr><td><strong>Gen\u00e9tica Tripl\u00f3ide F1<\/strong> = maior rendimento, sem sementes<\/td><\/tr><tr><td><strong>Tipo de Semente:<\/strong> Feminizada, Tripl\u00f3ide F1<\/td><\/tr><tr><td><strong>Produ\u00e7\u00e3o Interior:<\/strong> 750+ g\/m\u00b2<\/td><\/tr><tr><td><strong>Produ\u00e7\u00e3o Exterior:<\/strong> 600\u2013750g por planta<\/td><\/tr><tr><td><strong>Tempo de Flora\u00e7\u00e3o:<\/strong> 8 semanas (Interior)<\/td><\/tr><tr><td><strong>M\u00eas de Colheita:<\/strong> Setembro (Exterior)<\/td><\/tr><tr><td><strong>Altura:<\/strong> 80\u2013100cm Interior \/ 150\u2013200cm Exterior<\/td><\/tr><tr><td><strong>THC:<\/strong> Superior a 30%, <strong>CBD:<\/strong> Baixo<\/td><\/tr><tr><td><strong>Resist\u00eancia a Bolores:<\/strong> Elevada<\/td><\/tr><\/tbody><\/table><\/figure>\n<\/div>\n<\/div>\n\n\n\n<div id=\"wd-c78be697\" class=\"wp-block-wd-column\">\n<h2 id=\"wd-5b579f2e\" class=\"wp-block-wd-title title\">Por que Tripl\u00f3ide F1?<\/h2>\n\n\n\n<ul class=\"wp-block-list\">\n<li><strong>Gen\u00e9tica sem sementes<\/strong> = mais canabin\u00f3ides, mais sabor, sem risco de poliniza\u00e7\u00e3o<\/li>\n\n\n\n<li><strong>Ciclo de crescimento mais r\u00e1pido<\/strong> = conclus\u00e3o r\u00e1pida em 8 semanas<\/li>\n\n\n\n<li><strong>Bot\u00f5es densos e de alto rendimento<\/strong> perfeitos para uso pessoal ou produ\u00e7\u00e3o premium<\/li>\n<\/ul>\n\n\n\n<h2 id=\"wd-f4daca0b\" class=\"wp-block-wd-title title\">Dicas de Cultivo:<\/h2>\n\n\n\n<ul class=\"wp-block-list\">\n<li>Planta arbustiva com colas laterais pesadas<\/li>\n\n\n\n<li>Responde bem ao fluxo de ar e \u00e0 desfolha\u00e7\u00e3o ligeira<\/li>\n\n\n\n<li>Estrutura compacta ideal para cultivos interiores<\/li>\n<\/ul>\n\n\n\n<h2 id=\"wd-37c5c520\" class=\"wp-block-wd-title title\">Ideal Para:<\/h2>\n\n\n\n<ul class=\"wp-block-list\">\n<li>Sess\u00f5es criativas e fluxo art\u00edstico<\/li>\n\n\n\n<li>Relaxamento noturno ou descontra\u00e7\u00e3o social<\/li>\n\n\n\n<li>Melhoria do humor e clareza mental<\/li>\n\n\n\n<li>Cultivadores que procuram flores saborosas e sem sementes com elevada produ\u00e7\u00e3o de resina<\/li>\n\n\n\n<li>Apreciadores de resina \u00e0 procura de material premium para rosin, haxixe e \u00f3leos, em busca de gen\u00e9tica tripl\u00f3ide rara e de alto desempenho<\/li>\n<\/ul>\n<\/div>\n<\/div>\n","protected":false},"excerpt":{"rendered":"<h4 class=\"\" data-start=\"397\" data-end=\"434\"><strong data-start=\"222\" data-end=\"273\">\ud83d\udd25 Sabor a cereja e bagas. Flores sem sementes. Pot\u00eancia de THC superior a 30%.  <br data-start=\"258\" data-end=\"261\"><\/strong><\/h4>\n<p>O h\u00edbrido perfeito 50\/50 para criatividade, tranquilidade e explos\u00e3o de sabor<\/p>\n<p class=\"\" data-start=\"511\" data-end=\"844\">A <strong data-start=\"511\" data-end=\"543\">Tropicana Cherry Triploid F1<\/strong> \u00e9 um h\u00edbrido rico em resina, visualmente impressionante, com um intenso sabor a cereja e citrinos e suaves notas de fundo a creme de bolacha. Criada a partir do cruzamento entre <strong data-start=\"676\" data-end=\"718\">Tropicana Cookies x Black Cherry Punch<\/strong>, este h\u00edbrido 50\/50 proporciona uma concentra\u00e7\u00e3o mental duradoura e um conforto corporal pleno. Perfeita para uma eleva\u00e7\u00e3o a qualquer hora do dia sem sensa\u00e7\u00e3o de peso.  <\/p>\n<p data-start=\"511\" data-end=\"844\"><strong data-start=\"2428\" data-end=\"2521\">A Tropicana Cherry n\u00e3o \u00e9 apenas saborosa \u2014 \u00e9 rica em terpenos, de alto impacto e concebida para impressionar.<\/strong><\/p>\n","protected":false},"featured_media":2481,"comment_status":"open","ping_status":"closed","template":"","meta":[],"product_brand":[],"product_cat":[112,129],"product_tag":[167,204,168],"class_list":{"0":"post-2737","1":"product","2":"type-product","3":"status-publish","4":"has-post-thumbnail","6":"product_cat-cannabis-seeds-pt-pt-2","7":"product_cat-feminized-seeds-pt-pt-2","8":"product_tag-cannabis-pt-pt","9":"product_tag-feminizada","10":"product_tag-sementes","12":"first","13":"outofstock","14":"shipping-taxable","15":"purchasable","16":"product-type-simple"},"_links":{"self":[{"href":"https:\/\/herbalhorizons.co\/pt-pt\/wp-json\/wp\/v2\/product\/2737","targetHints":{"allow":["GET"]}}],"collection":[{"href":"https:\/\/herbalhorizons.co\/pt-pt\/wp-json\/wp\/v2\/product"}],"about":[{"href":"https:\/\/herbalhorizons.co\/pt-pt\/wp-json\/wp\/v2\/types\/product"}],"replies":[{"embeddable":true,"href":"https:\/\/herbalhorizons.co\/pt-pt\/wp-json\/wp\/v2\/comments?post=2737"}],"wp:featuredmedia":[{"embeddable":true,"href":"https:\/\/herbalhorizons.co\/pt-pt\/wp-json\/wp\/v2\/media\/2481"}],"wp:attachment":[{"href":"https:\/\/herbalhorizons.co\/pt-pt\/wp-json\/wp\/v2\/media?parent=2737"}],"wp:term":[{"taxonomy":"product_brand","embeddable":true,"href":"https:\/\/herbalhorizons.co\/pt-pt\/wp-json\/wp\/v2\/product_brand?post=2737"},{"taxonomy":"product_cat","embeddable":true,"href":"https:\/\/herbalhorizons.co\/pt-pt\/wp-json\/wp\/v2\/product_cat?post=2737"},{"taxonomy":"product_tag","embeddable":true,"href":"https:\/\/herbalhorizons.co\/pt-pt\/wp-json\/wp\/v2\/product_tag?post=2737"}],"curies":[{"name":"wp","href":"https:\/\/api.w.org\/{rel}","templated":true}]}}