{"id":2736,"date":"2025-04-14T14:21:19","date_gmt":"2025-04-14T14:21:19","guid":{"rendered":"https:\/\/herbalhorizons.co\/product\/iced-sangria-sementes-feminizadas-triploides-f1\/"},"modified":"2025-04-23T10:24:40","modified_gmt":"2025-04-23T10:24:40","slug":"iced-sangria-sementes-feminizadas-triploides-f1","status":"publish","type":"product","link":"https:\/\/herbalhorizons.co\/pt-pt\/produto\/iced-sangria-sementes-feminizadas-triploides-f1\/","title":{"rendered":"Iced Sangria \u2013 Sementes Feminizadas Tripl\u00f3ides F1"},"content":{"rendered":"\n<div id=\"wd-67ebcd5c\" class=\"wp-block-wd-row\">\n<div id=\"wd-af8a8c9f\" class=\"wp-block-wd-column\">\n<h2 id=\"wd-3cbb8ed8\" class=\"wp-block-wd-title title\">Efeitos:<\/h2>\n\n\n\n<ul class=\"wp-block-list\">\n<li>Foco elevado e fa\u00edsca criativa<\/li>\n\n\n\n<li>Sensa\u00e7\u00e3o corporal suave e relaxante<\/li>\n\n\n\n<li>Social, comunicativa e serena<\/li>\n\n\n\n<li>Sem seda\u00e7\u00e3o intensa ou efeito de sof\u00e1<\/li>\n<\/ul>\n\n\n\n<h2 id=\"wd-58fbe819\" class=\"wp-block-wd-title title\">Sabor e Aroma:<\/h2>\n\n\n\n<ul class=\"wp-block-list\">\n<li>Explos\u00e3o doce com predomin\u00e2ncia de bagas<\/li>\n\n\n\n<li>Zeste c\u00edtrico e tropical na exala\u00e7\u00e3o<\/li>\n\n\n\n<li>Base herb\u00e1cea leve com frescura gelada<\/li>\n\n\n\n<li>Uma variedade de sobremesa com um toque especial<\/li>\n<\/ul>\n<\/div>\n\n\n\n<div id=\"wd-33e24f4e\" class=\"wp-block-wd-column\">\n<div id=\"wd-cf5fd1b7\" class=\"wp-block-wd-table\">\n<figure class=\"wp-block-table\"><table><thead><tr><th>O que Obt\u00e9m:<\/th><\/tr><\/thead><tbody><tr><td><strong>Gen\u00e9tica Tripl\u00f3ide F1<\/strong> = maior rendimento, sem sementes<\/td><\/tr><tr><td><strong>Tipo de Semente:<\/strong> Feminizada, Tripl\u00f3ide F1<\/td><\/tr><tr><td><strong>Produ\u00e7\u00e3o Interior:<\/strong> 750+ g\/m\u00b2<\/td><\/tr><tr><td><strong>Produ\u00e7\u00e3o Exterior:<\/strong> 600\u2013750g por planta<\/td><\/tr><tr><td><strong>Tempo de Flora\u00e7\u00e3o:<\/strong> 8 semanas (Interior)<\/td><\/tr><tr><td><strong>M\u00eas de Colheita:<\/strong> Setembro (Exterior)<\/td><\/tr><tr><td><strong>Altura:<\/strong> 80\u2013100cm Interior \/ 150\u2013200cm Exterior<\/td><\/tr><tr><td><strong>THC:<\/strong> 30%+, <strong>CBD:<\/strong> M\u00e9dio (1\u20135%)<\/td><\/tr><tr><td><strong>Resist\u00eancia a Bolores:<\/strong> Elevada<\/td><\/tr><\/tbody><\/table><\/figure>\n<\/div>\n<\/div>\n\n\n\n<div id=\"wd-c78be697\" class=\"wp-block-wd-column\">\n<h2 id=\"wd-5b579f2e\" class=\"wp-block-wd-title title\">Por que Tripl\u00f3ide F1?<\/h2>\n\n\n\n<ul class=\"wp-block-list\">\n<li><strong>Gen\u00e9tica sem sementes<\/strong> = mais canabin\u00f3ides, mais sabor, sem risco de poliniza\u00e7\u00e3o<\/li>\n\n\n\n<li><strong>Ciclo de crescimento mais r\u00e1pido<\/strong> = conclus\u00e3o r\u00e1pida em 8 semanas<\/li>\n\n\n\n<li><strong>Bot\u00f5es densos e de alto rendimento<\/strong> perfeitos para uso pessoal ou produ\u00e7\u00e3o premium<\/li>\n<\/ul>\n\n\n\n<h2 id=\"wd-f4daca0b\" class=\"wp-block-wd-title title\">Dicas de Cultivo:<\/h2>\n\n\n\n<ul class=\"wp-block-list\">\n<li>Planta frondosa \u2014 responde bem ao treino e \u00e0 circula\u00e7\u00e3o de ar<\/li>\n\n\n\n<li>Melhores resultados com desfolha\u00e7\u00e3o moderada na fase de flora\u00e7\u00e3o<\/li>\n\n\n\n<li>Muito resistente ao bolor e \u00e0s flutua\u00e7\u00f5es ambientais<\/li>\n<\/ul>\n\n\n\n<h2 id=\"wd-37c5c520\" class=\"wp-block-wd-title title\">Ideal Para:<\/h2>\n\n\n\n<ul class=\"wp-block-list\">\n<li>Arte, m\u00fasica e projetos criativos<\/li>\n\n\n\n<li>Encontros sociais divertidos ou festivais<\/li>\n\n\n\n<li>Artistas de extra\u00e7\u00e3o em busca de rica produ\u00e7\u00e3o de tricomas<\/li>\n\n\n\n<li>Produ\u00e7\u00e3o de haxixe, prensagem de resina ou bot\u00f5es florais saborosos<\/li>\n\n\n\n<li>Cultivadores em zonas exteriores com risco de p\u00f3len a\u00e9reo ou bolor<\/li>\n<\/ul>\n<\/div>\n<\/div>\n","protected":false},"excerpt":{"rendered":"<h4 class=\"\" data-start=\"397\" data-end=\"434\"><strong data-start=\"222\" data-end=\"273\">\ud83d\udd25 Frutada, gelada e 100% sem sementes.<br data-start=\"258\" data-end=\"261\"><\/strong><\/h4>\n<p>30%+ THC | Sabor a bagas e citrinos | Colheitas massivas repletas de resina<\/p>\n<p class=\"\" data-start=\"490\" data-end=\"813\">A <strong data-start=\"490\" data-end=\"518\">Iced Sangria Tripl\u00f3ide F1<\/strong> \u00e9 um h\u00edbrido luxuriante <strong data-start=\"529\" data-end=\"556\">60% \u00cdndica \/ 40% Sativa<\/strong> que combina um sabor premium com pot\u00eancia revestida de cristais. Esta estirpe Tripl\u00f3ide F1 de \u00faltima gera\u00e7\u00e3o oferece uma intensa do\u00e7ura de bagas, energia estimulante e clareza calmante \u2014 tudo envolvido em bot\u00f5es ricos em resina e sem sementes, ideais para haxixe, extratos e apreciadores de sabor. <\/p>\n","protected":false},"featured_media":2487,"comment_status":"open","ping_status":"closed","template":"","meta":[],"product_brand":[],"product_cat":[112,129],"product_tag":[167,204,168],"class_list":{"0":"post-2736","1":"product","2":"type-product","3":"status-publish","4":"has-post-thumbnail","6":"product_cat-cannabis-seeds-pt-pt-2","7":"product_cat-feminized-seeds-pt-pt-2","8":"product_tag-cannabis-pt-pt","9":"product_tag-feminizada","10":"product_tag-sementes","12":"first","13":"outofstock","14":"shipping-taxable","15":"purchasable","16":"product-type-simple"},"_links":{"self":[{"href":"https:\/\/herbalhorizons.co\/pt-pt\/wp-json\/wp\/v2\/product\/2736","targetHints":{"allow":["GET"]}}],"collection":[{"href":"https:\/\/herbalhorizons.co\/pt-pt\/wp-json\/wp\/v2\/product"}],"about":[{"href":"https:\/\/herbalhorizons.co\/pt-pt\/wp-json\/wp\/v2\/types\/product"}],"replies":[{"embeddable":true,"href":"https:\/\/herbalhorizons.co\/pt-pt\/wp-json\/wp\/v2\/comments?post=2736"}],"wp:featuredmedia":[{"embeddable":true,"href":"https:\/\/herbalhorizons.co\/pt-pt\/wp-json\/wp\/v2\/media\/2487"}],"wp:attachment":[{"href":"https:\/\/herbalhorizons.co\/pt-pt\/wp-json\/wp\/v2\/media?parent=2736"}],"wp:term":[{"taxonomy":"product_brand","embeddable":true,"href":"https:\/\/herbalhorizons.co\/pt-pt\/wp-json\/wp\/v2\/product_brand?post=2736"},{"taxonomy":"product_cat","embeddable":true,"href":"https:\/\/herbalhorizons.co\/pt-pt\/wp-json\/wp\/v2\/product_cat?post=2736"},{"taxonomy":"product_tag","embeddable":true,"href":"https:\/\/herbalhorizons.co\/pt-pt\/wp-json\/wp\/v2\/product_tag?post=2736"}],"curies":[{"name":"wp","href":"https:\/\/api.w.org\/{rel}","templated":true}]}}