{"id":2731,"date":"2025-04-14T13:20:38","date_gmt":"2025-04-14T13:20:38","guid":{"rendered":"https:\/\/herbalhorizons.co\/product\/sticky-wasabi-sementes-feminizadas-triploides-f1\/"},"modified":"2025-04-23T10:24:30","modified_gmt":"2025-04-23T10:24:30","slug":"sticky-wasabi-sementes-feminizadas-triploides-f1","status":"publish","type":"product","link":"https:\/\/herbalhorizons.co\/pt-pt\/produto\/sticky-wasabi-sementes-feminizadas-triploides-f1\/","title":{"rendered":"Sticky Wasabi \u2013 Sementes Feminizadas Tripl\u00f3ides F1"},"content":{"rendered":"\n<div id=\"wd-67ebcd5c\" class=\"wp-block-wd-row\">\n<div id=\"wd-af8a8c9f\" class=\"wp-block-wd-column\">\n<h2 id=\"wd-3cbb8ed8\" class=\"wp-block-wd-title title\">Efeitos:<\/h2>\n\n\n\n<ul class=\"wp-block-list\">\n<li>Efeito cerebral energizante com final corporal relaxante<\/li>\n\n\n\n<li>Ideal para foco, criatividade e uso diurno<\/li>\n\n\n\n<li>Excelente para al\u00edvio do stress, gest\u00e3o da dor e eleva\u00e7\u00e3o do humor<\/li>\n\n\n\n<li>Social e cerebral sem peso<\/li>\n<\/ul>\n\n\n\n<h2 id=\"wd-58fbe819\" class=\"wp-block-wd-title title\">Aroma &amp; Sabor:<\/h2>\n\n\n\n<ul class=\"wp-block-list\">\n<li>Pontap\u00e9 picante de wasabi<\/li>\n\n\n\n<li>Notas terrosas com zeste c\u00edtrico<\/li>\n\n\n\n<li>Tor\u00e7\u00e3o gasosa e apimentada<\/li>\n\n\n\n<li>Explos\u00e3o de terpenos duradoura que estimula o palato<\/li>\n<\/ul>\n<\/div>\n\n\n\n<div id=\"wd-33e24f4e\" class=\"wp-block-wd-column\">\n<div id=\"wd-cf5fd1b7\" class=\"wp-block-wd-table\">\n<figure class=\"wp-block-table\"><table><thead><tr><th>O que Obt\u00e9m:<\/th><\/tr><\/thead><tbody><tr><td><strong>Gen\u00e9tica Tripl\u00f3ide F1<\/strong> = maior rendimento, sem sementes<\/td><\/tr><tr><td><strong>Tipo de Semente:<\/strong> Feminizada, Tripl\u00f3ide F1<\/td><\/tr><tr><td><strong>Produ\u00e7\u00e3o Interior:<\/strong> 750+ g\/m\u00b2<\/td><\/tr><tr><td><strong>Produ\u00e7\u00e3o Exterior:<\/strong> 600\u2013750g por planta<\/td><\/tr><tr><td><strong>Tempo de Flora\u00e7\u00e3o:<\/strong> 8 semanas (Interior)<\/td><\/tr><tr><td><strong>M\u00eas de Colheita:<\/strong> Setembro (Exterior)<\/td><\/tr><tr><td><strong>Altura:<\/strong> 80\u2013100cm Interior \/ 150\u2013200cm Exterior<\/td><\/tr><tr><td><strong>THC:<\/strong> Superior a 30%, <strong>CBD:<\/strong> Baixo<\/td><\/tr><tr><td><strong>Resist\u00eancia a Bolores:<\/strong> Elevada<\/td><\/tr><\/tbody><\/table><\/figure>\n<\/div>\n<\/div>\n\n\n\n<div id=\"wd-c78be697\" class=\"wp-block-wd-column\">\n<h2 id=\"wd-5b579f2e\" class=\"wp-block-wd-title title\">Porqu\u00ea Tripl\u00f3ide F1?<\/h2>\n\n\n\n<ul class=\"wp-block-list\">\n<li><strong>Gen\u00e9tica sem sementes<\/strong> = mais canabin\u00f3ides, mais sabor, sem risco de poliniza\u00e7\u00e3o<\/li>\n\n\n\n<li><strong>Ciclo de crescimento mais r\u00e1pido<\/strong> = conclus\u00e3o r\u00e1pida em 8 semanas<\/li>\n\n\n\n<li><strong>Bot\u00f5es densos e de alto rendimento<\/strong> perfeitos para uso pessoal ou produ\u00e7\u00e3o premium<\/li>\n<\/ul>\n\n\n\n<h2 id=\"wd-f4daca0b\" class=\"wp-block-wd-title title\">Dicas de Cultivo:<\/h2>\n\n\n\n<ul class=\"wp-block-list\">\n<li>Responde bem \u00e0 <strong>desfolha\u00e7\u00e3o ligeira<\/strong> e fluxo de ar<\/li>\n\n\n\n<li>Adapta-se facilmente a cultivos interiores, exteriores ou em estufa<\/li>\n\n\n\n<li>Adequada para principiantes, mas com desempenho de elite<\/li>\n<\/ul>\n\n\n\n<h2 id=\"wd-37c5c520\" class=\"wp-block-wd-title title\">Ideal Para:<\/h2>\n\n\n\n<ul class=\"wp-block-list\">\n<li>Foco criativo e trabalho profundo<\/li>\n\n\n\n<li>Produtores de extratos de cannabis (haxixe, resina, \u00f3leos)<\/li>\n\n\n\n<li>Fumadores que priorizam o sabor procurando perfis de terpenos intensos<\/li>\n\n\n\n<li>Utilizadores diurnos que necessitam de energia e equil\u00edbrio<\/li>\n\n\n\n<li>Colecionadores em busca de gen\u00e9tica tripl\u00f3ide rara e de alto desempenho<\/li>\n<\/ul>\n<\/div>\n<\/div>\n","protected":false},"excerpt":{"rendered":"<h4 class=\"\" data-start=\"397\" data-end=\"434\"><strong data-start=\"222\" data-end=\"273\">\ud83d\udd25 Geada. Picante. Pot\u00eancia de nova gera\u00e7\u00e3o.  <br data-start=\"258\" data-end=\"261\"><\/strong><\/h4>\n<p class=\"\" data-start=\"541\" data-end=\"854\">Apresentamos <strong data-start=\"553\" data-end=\"582\">Sticky Wasabi Tripl\u00f3ide F1<\/strong>, um h\u00edbrido perfeitamente equilibrado <strong data-start=\"605\" data-end=\"628\">50\/50 Indica-Sativa<\/strong> com pot\u00eancia alucinante e um sabor que ataca como um golpe de wasabi. Esta estirpe <strong data-start=\"722\" data-end=\"741\">Tripl\u00f3ide<\/strong> de nova gera\u00e7\u00e3o oferece rendimentos massivos, bot\u00f5es sem sementes e resina densa\u2014ideal para extratores, fumadores e colecionadores connoisseurs. <\/p>\n<p data-start=\"428\" data-end=\"672\"><strong data-start=\"1934\" data-end=\"2003\">Cultivada para produtores audazes. Impulsionada pela inova\u00e7\u00e3o. Aromatizada como fogo.  <\/strong><\/p>\n","protected":false},"featured_media":2475,"comment_status":"open","ping_status":"closed","template":"","meta":[],"product_brand":[],"product_cat":[112,129],"product_tag":[167,204,168],"class_list":{"0":"post-2731","1":"product","2":"type-product","3":"status-publish","4":"has-post-thumbnail","6":"product_cat-cannabis-seeds-pt-pt-2","7":"product_cat-feminized-seeds-pt-pt-2","8":"product_tag-cannabis-pt-pt","9":"product_tag-feminizada","10":"product_tag-sementes","12":"first","13":"outofstock","14":"shipping-taxable","15":"purchasable","16":"product-type-simple"},"_links":{"self":[{"href":"https:\/\/herbalhorizons.co\/pt-pt\/wp-json\/wp\/v2\/product\/2731","targetHints":{"allow":["GET"]}}],"collection":[{"href":"https:\/\/herbalhorizons.co\/pt-pt\/wp-json\/wp\/v2\/product"}],"about":[{"href":"https:\/\/herbalhorizons.co\/pt-pt\/wp-json\/wp\/v2\/types\/product"}],"replies":[{"embeddable":true,"href":"https:\/\/herbalhorizons.co\/pt-pt\/wp-json\/wp\/v2\/comments?post=2731"}],"wp:featuredmedia":[{"embeddable":true,"href":"https:\/\/herbalhorizons.co\/pt-pt\/wp-json\/wp\/v2\/media\/2475"}],"wp:attachment":[{"href":"https:\/\/herbalhorizons.co\/pt-pt\/wp-json\/wp\/v2\/media?parent=2731"}],"wp:term":[{"taxonomy":"product_brand","embeddable":true,"href":"https:\/\/herbalhorizons.co\/pt-pt\/wp-json\/wp\/v2\/product_brand?post=2731"},{"taxonomy":"product_cat","embeddable":true,"href":"https:\/\/herbalhorizons.co\/pt-pt\/wp-json\/wp\/v2\/product_cat?post=2731"},{"taxonomy":"product_tag","embeddable":true,"href":"https:\/\/herbalhorizons.co\/pt-pt\/wp-json\/wp\/v2\/product_tag?post=2731"}],"curies":[{"name":"wp","href":"https:\/\/api.w.org\/{rel}","templated":true}]}}