{"id":2723,"date":"2025-04-14T11:14:37","date_gmt":"2025-04-14T11:14:37","guid":{"rendered":"https:\/\/herbalhorizons.co\/product\/cherry-zkittlez-caneta-de-vaporizacao-hhc\/"},"modified":"2025-04-23T10:24:21","modified_gmt":"2025-04-23T10:24:21","slug":"cherry-zkittlez-caneta-de-vaporizacao-hhc","status":"publish","type":"product","link":"https:\/\/herbalhorizons.co\/pt-pt\/produto\/cherry-zkittlez-caneta-de-vaporizacao-hhc\/","title":{"rendered":"Cherry Zkittlez \u2013 Caneta de Vaporiza\u00e7\u00e3o HHC"},"content":{"rendered":"\n<div id=\"wd-67ebcd5c\" class=\"wp-block-wd-row\">\n<div id=\"wd-af8a8c9f\" class=\"wp-block-wd-column\">\n<h2 id=\"wd-3cbb8ed8\" class=\"wp-block-wd-title title\">Efeitos:<\/h2>\n\n\n\n<ul class=\"wp-block-list\">\n<li>Sensa\u00e7\u00e3o de entorpecimento extremamente relaxante<\/li>\n\n\n\n<li>Leve sensa\u00e7\u00e3o de flutua\u00e7\u00e3o corporal<\/li>\n\n\n\n<li>Aumento do humor e sociabilidade<\/li>\n\n\n\n<li>Estimula\u00e7\u00e3o suave com clareza serena<\/li>\n\n\n\n<li>Ideal para devaneios, listas de reprodu\u00e7\u00e3o ou pintura com amigos<\/li>\n<\/ul>\n<\/div>\n\n\n\n<div id=\"wd-33e24f4e\" class=\"wp-block-wd-column\">\n<div id=\"wd-cf5fd1b7\" class=\"wp-block-wd-table\">\n<figure class=\"wp-block-table\"><table><thead><tr><th>O que Obt\u00e9m:<\/th><\/tr><\/thead><tbody><tr><td>1000mg de <strong>Hexahidrocanabinol (HHC)<\/strong><\/td><\/tr><tr><td>At\u00e9 <strong>800 inala\u00e7\u00f5es saborosas por caneta<\/strong><\/td><\/tr><tr><td><strong>0% THC<\/strong> \u2013 desfrute legalmente e sem preocupa\u00e7\u00f5es<\/td><\/tr><tr><td>Perfis de sabor totalmente naturais<\/td><\/tr><tr><td>Sem aditivos qu\u00edmicos<\/td><\/tr><\/tbody><\/table><\/figure>\n<\/div>\n<\/div>\n\n\n\n<div id=\"wd-c78be697\" class=\"wp-block-wd-column\">\n<h2 id=\"wd-58fbe819\" class=\"wp-block-wd-title title\">Por que Escolher Esta Caneta de Vaporiza\u00e7\u00e3o?<\/h2>\n\n\n\n<ul class=\"wp-block-list\">\n<li><strong>Discreta e Port\u00e1til<\/strong> \u2013 tamanho de bolso para sess\u00f5es em movimento<\/li>\n\n\n\n<li><strong>Alta Pot\u00eancia<\/strong> \u2013 1000mg de HHC para utiliza\u00e7\u00e3o prolongada<\/li>\n\n\n\n<li><strong>Sabe a doce, atua como can\u00e1bis<\/strong><\/li>\n<\/ul>\n<\/div>\n<\/div>\n","protected":false},"excerpt":{"rendered":"<h4 class=\"\" data-start=\"397\" data-end=\"434\">\u26a1  <strong data-start=\"238\" data-end=\"276\">Notas frutadas. Euf\u00f3rico. Extremamente doce.  <\/strong><\/h4>\n<p class=\"\" data-start=\"445\" data-end=\"674\">A <strong data-start=\"445\" data-end=\"464\">Cherry Zkittlez<\/strong> proporciona uma reviravolta a\u00e7ucarada \u00e0 sua experi\u00eancia \u2014 cereja intensa \u00e0 partida com um final jovial de Zkittlez. Suave, doce e garantidamente elevadora do estado de esp\u00edrito. Excelente para despertar a alegria, criatividade ou simplesmente relaxar em cor.  <\/p>\n","protected":false},"featured_media":2403,"comment_status":"open","ping_status":"closed","template":"","meta":[],"product_brand":[],"product_cat":[143],"product_tag":[197,196],"class_list":{"0":"post-2723","1":"product","2":"type-product","3":"status-publish","4":"has-post-thumbnail","6":"product_cat-vapes-pt-pt-2","7":"product_tag-vaporizacao","8":"product_tag-vaporizacoes","10":"first","11":"outofstock","12":"shipping-taxable","13":"purchasable","14":"product-type-simple"},"_links":{"self":[{"href":"https:\/\/herbalhorizons.co\/pt-pt\/wp-json\/wp\/v2\/product\/2723","targetHints":{"allow":["GET"]}}],"collection":[{"href":"https:\/\/herbalhorizons.co\/pt-pt\/wp-json\/wp\/v2\/product"}],"about":[{"href":"https:\/\/herbalhorizons.co\/pt-pt\/wp-json\/wp\/v2\/types\/product"}],"replies":[{"embeddable":true,"href":"https:\/\/herbalhorizons.co\/pt-pt\/wp-json\/wp\/v2\/comments?post=2723"}],"wp:featuredmedia":[{"embeddable":true,"href":"https:\/\/herbalhorizons.co\/pt-pt\/wp-json\/wp\/v2\/media\/2403"}],"wp:attachment":[{"href":"https:\/\/herbalhorizons.co\/pt-pt\/wp-json\/wp\/v2\/media?parent=2723"}],"wp:term":[{"taxonomy":"product_brand","embeddable":true,"href":"https:\/\/herbalhorizons.co\/pt-pt\/wp-json\/wp\/v2\/product_brand?post=2723"},{"taxonomy":"product_cat","embeddable":true,"href":"https:\/\/herbalhorizons.co\/pt-pt\/wp-json\/wp\/v2\/product_cat?post=2723"},{"taxonomy":"product_tag","embeddable":true,"href":"https:\/\/herbalhorizons.co\/pt-pt\/wp-json\/wp\/v2\/product_tag?post=2723"}],"curies":[{"name":"wp","href":"https:\/\/api.w.org\/{rel}","templated":true}]}}