{"id":2718,"date":"2025-04-14T11:04:11","date_gmt":"2025-04-14T11:04:11","guid":{"rendered":"https:\/\/herbalhorizons.co\/product\/utopia-psilocybe-utopia\/"},"modified":"2025-04-23T10:24:20","modified_gmt":"2025-04-23T10:24:20","slug":"utopia-psilocybe-utopia","status":"publish","type":"product","link":"https:\/\/herbalhorizons.co\/pt-pt\/produto\/utopia-psilocybe-utopia\/","title":{"rendered":"Utopia \u2013 Psilocybe Utopia"},"content":{"rendered":"\n<div id=\"wd-67ebcd5c\" class=\"wp-block-wd-row\">\n<div id=\"wd-af8a8c9f\" class=\"wp-block-wd-column\">\n<h2 id=\"wd-3cbb8ed8\" class=\"wp-block-wd-title title\">Efeitos:<\/h2>\n\n\n\n<ul class=\"wp-block-list\">\n<li>Visualiza\u00e7\u00f5es explosivas, trilhos de cores radiantes<\/li>\n\n\n\n<li>Imers\u00e3o euf\u00f3rica e empatia m\u00e1xima<\/li>\n\n\n\n<li>\u00caxtase corporal e profundo prazer sensorial<\/li>\n\n\n\n<li>Discernimento espiritual e conex\u00e3o universal<\/li>\n\n\n\n<li>In\u00edcio: 30\u201345 minutos<\/li>\n\n\n\n<li>Dura\u00e7\u00e3o: 4\u20136 horas<\/li>\n<\/ul>\n<\/div>\n\n\n\n<div id=\"wd-33e24f4e\" class=\"wp-block-wd-column\">\n<div id=\"wd-cf5fd1b7\" class=\"wp-block-wd-table\">\n<figure class=\"wp-block-table\"><table><thead><tr><th>Intensidade da Viagem<\/th><th>Quantidade<\/th><\/tr><\/thead><tbody><tr><td>Leve<\/td><td>5\u20138g<\/td><\/tr><tr><td>M\u00e9dia<\/td><td>8\u201310g<\/td><\/tr><tr><td>Forte<\/td><td>12\u201315g<\/td><\/tr><\/tbody><\/table><\/figure>\n<\/div>\n\n\n\n<p id=\"wd-23181eb4\" class=\"wp-block-wd-paragraph\">Esta embalagem proporciona m\u00faltiplas sess\u00f5es ou uma experi\u00eancia coletiva em grande escala.<\/p>\n<\/div>\n\n\n\n<div id=\"wd-c78be697\" class=\"wp-block-wd-column\">\n<h2 id=\"wd-491a5234\" class=\"wp-block-wd-title title\">Como Utilizar:<\/h2>\n\n\n\n<ul class=\"wp-block-list\">\n<li>Consumir <strong>cru<\/strong> com o est\u00f4mago vazio<\/li>\n\n\n\n<li>Mastigar lentamente ou preparar como ch\u00e1 sem a\u00e7\u00facar<\/li>\n\n\n\n<li>Escolher um ambiente relaxado, divertido e seguro<\/li>\n\n\n\n<li>Um <strong>acompanhante<\/strong> \u00e9 opcional, mas \u00fatil em doses elevadas<\/li>\n<\/ul>\n\n\n\n<h2 id=\"wd-58fbe819\" class=\"wp-block-wd-title title\">Conserva\u00e7\u00e3o:<\/h2>\n\n\n\n<ul class=\"wp-block-list\">\n<li>Trufas frescas: Frigor\u00edfico (2\u20138\u00b0C) durante 2\u20133 semanas<\/li>\n\n\n\n<li>Secar completamente para conserva\u00e7\u00e3o a longo prazo (at\u00e9 6 meses num recipiente herm\u00e9tico e fresco)<\/li>\n<\/ul>\n<\/div>\n<\/div>\n","protected":false},"excerpt":{"rendered":"<h4 class=\"\" data-start=\"397\" data-end=\"434\">\u26a1 N\u00edvel de Intensidade: Muito Elevado + Expans\u00e3o Espiritual<\/h4>\n<p><strong data-start=\"229\" data-end=\"302\">Visualiza\u00e7\u00f5es de elevada intensidade. Profunda eleva\u00e7\u00e3o espiritual. Espa\u00e7o mental ilimitado.  <\/strong><\/p>\n<p class=\"\" data-start=\"481\" data-end=\"696\">A <strong data-start=\"481\" data-end=\"501\">Psilocybe Utopia<\/strong> n\u00e3o \u00e9 apenas uma designa\u00e7\u00e3o \u2014 \u00e9 um estado de consci\u00eancia. Uma das estirpes de trufas de psilocibina mais potentes dispon\u00edveis, esta \u00e9 destinada \u00e0queles que est\u00e3o preparados para se dissolverem numa pura conex\u00e3o, cor e admira\u00e7\u00e3o c\u00f3smica. <\/p>\n<p class=\"\" data-start=\"698\" data-end=\"724\">N\u00e3o uma viagem. Uma reconfigura\u00e7\u00e3o total. <\/p>\n","protected":false},"featured_media":2391,"comment_status":"open","ping_status":"closed","template":"","meta":[],"product_brand":[],"product_cat":[145],"product_tag":[191,192,193],"class_list":{"0":"post-2718","1":"product","2":"type-product","3":"status-publish","4":"has-post-thumbnail","6":"product_cat-truffles-pt-pt-2","7":"product_tag-psilocibina-pt-pt","8":"product_tag-psilocybe-pt-pt","9":"product_tag-trufas","11":"first","12":"outofstock","13":"shipping-taxable","14":"purchasable","15":"product-type-simple"},"_links":{"self":[{"href":"https:\/\/herbalhorizons.co\/pt-pt\/wp-json\/wp\/v2\/product\/2718","targetHints":{"allow":["GET"]}}],"collection":[{"href":"https:\/\/herbalhorizons.co\/pt-pt\/wp-json\/wp\/v2\/product"}],"about":[{"href":"https:\/\/herbalhorizons.co\/pt-pt\/wp-json\/wp\/v2\/types\/product"}],"replies":[{"embeddable":true,"href":"https:\/\/herbalhorizons.co\/pt-pt\/wp-json\/wp\/v2\/comments?post=2718"}],"wp:featuredmedia":[{"embeddable":true,"href":"https:\/\/herbalhorizons.co\/pt-pt\/wp-json\/wp\/v2\/media\/2391"}],"wp:attachment":[{"href":"https:\/\/herbalhorizons.co\/pt-pt\/wp-json\/wp\/v2\/media?parent=2718"}],"wp:term":[{"taxonomy":"product_brand","embeddable":true,"href":"https:\/\/herbalhorizons.co\/pt-pt\/wp-json\/wp\/v2\/product_brand?post=2718"},{"taxonomy":"product_cat","embeddable":true,"href":"https:\/\/herbalhorizons.co\/pt-pt\/wp-json\/wp\/v2\/product_cat?post=2718"},{"taxonomy":"product_tag","embeddable":true,"href":"https:\/\/herbalhorizons.co\/pt-pt\/wp-json\/wp\/v2\/product_tag?post=2718"}],"curies":[{"name":"wp","href":"https:\/\/api.w.org\/{rel}","templated":true}]}}