{"id":2706,"date":"2025-04-14T16:24:53","date_gmt":"2025-04-14T16:24:53","guid":{"rendered":"https:\/\/herbalhorizons.co\/product\/watermelon-punch-sementes-de-cannabis-autoflorescentes\/"},"modified":"2025-04-23T10:14:16","modified_gmt":"2025-04-23T10:14:16","slug":"watermelon-punch-sementes-de-cannabis-autoflorescentes","status":"publish","type":"product","link":"https:\/\/herbalhorizons.co\/pt-pt\/produto\/watermelon-punch-sementes-de-cannabis-autoflorescentes\/","title":{"rendered":"Watermelon Punch \u2013 Sementes de Cannabis Autoflorescentes"},"content":{"rendered":"\n<div id=\"wd-67ebcd5c\" class=\"wp-block-wd-row\">\n<div id=\"wd-af8a8c9f\" class=\"wp-block-wd-column\">\n<h2 id=\"wd-3cbb8ed8\" class=\"wp-block-wd-title title\">Efeitos:<\/h2>\n\n\n\n<ul class=\"wp-block-list\">\n<li>Forte efeito corporal Indica<\/li>\n\n\n\n<li>Efeito sedativo, calma f\u00edsica<\/li>\n\n\n\n<li>Ideal para relaxamento profundo e utiliza\u00e7\u00e3o noturna<\/li>\n<\/ul>\n\n\n\n<h2 id=\"wd-58fbe819\" class=\"wp-block-wd-title title\">Sabor e Aroma:<\/h2>\n\n\n\n<ul class=\"wp-block-list\">\n<li>Explos\u00e3o de melancia doce e mistura de bagas<\/li>\n\n\n\n<li>Intensifica-se em aroma \u00e0 medida que amadurece<\/li>\n\n\n\n<li>Puro deleite frutado com um toque cremoso<\/li>\n<\/ul>\n<\/div>\n\n\n\n<div id=\"wd-33e24f4e\" class=\"wp-block-wd-column\">\n<div id=\"wd-cf5fd1b7\" class=\"wp-block-wd-table\">\n<figure class=\"wp-block-table\"><table><thead><tr><th>O que Obt\u00e9m:<\/th><\/tr><\/thead><tbody><tr><td><strong>Gen\u00e9tica:<\/strong> Watermelon Zkittlez x Purple Punch<\/td><\/tr><tr><td><strong>Tipo de Semente:<\/strong> Autoflorescente<\/td><\/tr><tr><td><strong>R\u00e1cio Indica\/Sativa:<\/strong> 70% Indica \/ 30% Sativa<\/td><\/tr><tr><td><strong>Produ\u00e7\u00e3o Interior:<\/strong> 650\u2013750g\/m\u00b2<\/td><\/tr><tr><td><strong>Produ\u00e7\u00e3o Exterior:<\/strong> 100\u2013200g\/planta<\/td><\/tr><tr><td><strong>Tempo de Flora\u00e7\u00e3o:<\/strong> 11 semanas desde a sementeira<\/td><\/tr><tr><td><strong>Altura Interior:<\/strong> 70\u2013130cm<\/td><\/tr><tr><td><strong>THC:<\/strong> 21\u201323% \/ <strong>CBD:<\/strong> Baixo<\/td><\/tr><tr><td><strong>Resist\u00eancia a Bolores:<\/strong> Elevada<\/td><\/tr><\/tbody><\/table><\/figure>\n<\/div>\n<\/div>\n\n\n\n<div id=\"wd-c78be697\" class=\"wp-block-wd-column\">\n<h2 id=\"wd-5b579f2e\" class=\"wp-block-wd-title title\">Por que Escolher Watermelon Punch Auto?<\/h2>\n\n\n\n<ul class=\"wp-block-list\">\n<li>Produ\u00e7\u00e3o de resina e sabor de n\u00edvel superior<\/li>\n\n\n\n<li>F\u00e1cil de cultivar e tolerante a nutrientes<\/li>\n\n\n\n<li>Resistente a bolores e pragas<\/li>\n\n\n\n<li>Perfeita para variedades noturnas arom\u00e1ticas<\/li>\n<\/ul>\n\n\n\n<h2 id=\"wd-f4daca0b\" class=\"wp-block-wd-title title\">Dicas de Cultivo:<\/h2>\n\n\n\n<ul class=\"wp-block-list\">\n<li>Poda ligeira aumenta a produ\u00e7\u00e3o dos ramos laterais<\/li>\n\n\n\n<li>Responde bem a uma alimenta\u00e7\u00e3o m\u00ednima<\/li>\n\n\n\n<li>O melhor desenvolvimento de cor e resina inicia-se por volta da 6\u00aa semana<\/li>\n\n\n\n<li>Ideal para cultivadores principiantes e experientes<\/li>\n<\/ul>\n\n\n\n<h2 id=\"wd-37c5c520\" class=\"wp-block-wd-title title\">Ideal Para:<\/h2>\n\n\n\n<ul class=\"wp-block-list\">\n<li>Apreciadores de Indica em busca de efeitos avassaladores<\/li>\n\n\n\n<li>Cultivadores em climas vari\u00e1veis<\/li>\n\n\n\n<li>Cultivo de baixa manuten\u00e7\u00e3o com m\u00e1xima produ\u00e7\u00e3o<\/li>\n\n\n\n<li>Entusiastas de perfis super frutados<\/li>\n<\/ul>\n<\/div>\n<\/div>\n","protected":false},"excerpt":{"rendered":"<h4 class=\"\" data-start=\"397\" data-end=\"434\"><strong data-start=\"222\" data-end=\"273\">\ud83d\udd25 A derradeira bomba frutada com poder Indica avassalador.<br data-start=\"258\" data-end=\"261\"><\/strong><\/h4>\n<p>21\u201323% THC | Watermelon Zkittlez x Purple Punch | Frutado. Glacial. Potente.  <\/p>\n<p class=\"\" data-start=\"475\" data-end=\"719\"><strong data-start=\"475\" data-end=\"506\">Watermelon Punch Autoflower<\/strong> proporciona uma experi\u00eancia centrada no sabor, envolta num potente efeito indica. Esta planta compacta e frondosa \u00e9 uma aut\u00eantica produtora de resina, com aromas frutados de melancia e bagas que se intensificam a cada dia de flora\u00e7\u00e3o. <\/p>\n","protected":false},"featured_media":2577,"comment_status":"open","ping_status":"closed","template":"","meta":[],"product_brand":[],"product_cat":[112,151],"product_tag":[169,167,168],"class_list":{"0":"post-2706","1":"product","2":"type-product","3":"status-publish","4":"has-post-thumbnail","6":"product_cat-cannabis-seeds-pt-pt-2","7":"product_cat-autoflowering-seeds-pt-pt-2","8":"product_tag-autoflorescente","9":"product_tag-cannabis-pt-pt","10":"product_tag-sementes","12":"first","13":"outofstock","14":"shipping-taxable","15":"purchasable","16":"product-type-simple"},"_links":{"self":[{"href":"https:\/\/herbalhorizons.co\/pt-pt\/wp-json\/wp\/v2\/product\/2706","targetHints":{"allow":["GET"]}}],"collection":[{"href":"https:\/\/herbalhorizons.co\/pt-pt\/wp-json\/wp\/v2\/product"}],"about":[{"href":"https:\/\/herbalhorizons.co\/pt-pt\/wp-json\/wp\/v2\/types\/product"}],"replies":[{"embeddable":true,"href":"https:\/\/herbalhorizons.co\/pt-pt\/wp-json\/wp\/v2\/comments?post=2706"}],"wp:featuredmedia":[{"embeddable":true,"href":"https:\/\/herbalhorizons.co\/pt-pt\/wp-json\/wp\/v2\/media\/2577"}],"wp:attachment":[{"href":"https:\/\/herbalhorizons.co\/pt-pt\/wp-json\/wp\/v2\/media?parent=2706"}],"wp:term":[{"taxonomy":"product_brand","embeddable":true,"href":"https:\/\/herbalhorizons.co\/pt-pt\/wp-json\/wp\/v2\/product_brand?post=2706"},{"taxonomy":"product_cat","embeddable":true,"href":"https:\/\/herbalhorizons.co\/pt-pt\/wp-json\/wp\/v2\/product_cat?post=2706"},{"taxonomy":"product_tag","embeddable":true,"href":"https:\/\/herbalhorizons.co\/pt-pt\/wp-json\/wp\/v2\/product_tag?post=2706"}],"curies":[{"name":"wp","href":"https:\/\/api.w.org\/{rel}","templated":true}]}}