{"id":3047,"date":"2025-04-15T10:49:21","date_gmt":"2025-04-15T10:49:21","guid":{"rendered":"https:\/\/herbalhorizons.co\/faq\/"},"modified":"2025-04-23T14:51:56","modified_gmt":"2025-04-23T14:51:56","slug":"faq","status":"publish","type":"page","link":"https:\/\/herbalhorizons.co\/pt-pt\/faq\/","title":{"rendered":"FAQ"},"content":{"rendered":"\n<div id=\"wd-3af4124f\" class=\"wp-block-wd-row\">\n<div id=\"wd-85afa8ce\" class=\"wp-block-wd-column\">\n<h2 id=\"wd-26d3e984\" class=\"wp-block-wd-title title\"><span class=\"wd-highlight\">FAQ<\/span> \u2014 Perguntas mais frequentes<\/h2>\n<\/div>\n<\/div>\n\n\n\n<div id=\"wd-b380f935\" class=\"wp-block-wd-section\">\n<h2 id=\"wd-30f48cf9\" class=\"wp-block-wd-title title wd-align\">Herbal Horizons<\/h2>\n\n\n\n<p id=\"wd-1fe5dc8e\" class=\"wp-block-wd-paragraph wd-align wd-custom-width wd-align-s-center\"><\/p>\n\n\n\n<p id=\"wd-e2eb4eca\" class=\"wp-block-wd-paragraph wd-align\">Tudo o que precisa de saber &#8211; desde o acompanhamento da encomenda at\u00e9 ao checkout seguro.<br>Acreditamos que a sua viagem deve ser f\u00e1cil, desde o carrinho de compras at\u00e9 \u00e0 porta de casa. <br>Quer esteja a explorar trufas m\u00e1gicas, sementes de autoflorescentes ou suplementos de bem-estar, a nossa equipa de apoio garante uma experi\u00eancia de compra tranquila, segura e transparente.<br>Abaixo encontrar\u00e1 respostas \u00e0s perguntas mais comuns sobre envio, pagamentos e a sua conta.<\/p>\n\n\n\n<div id=\"wd-9d463113\" class=\"wp-block-wd-row\">\n<div id=\"wd-716d258b\" class=\"wp-block-wd-column\">\n<h2 id=\"wd-7fcfc1af\" class=\"wp-block-wd-title title wd-align\">\ud83e\uddfe Encomendas e pagamentos<\/h2>\n\n\n\n<div id=\"wd-0ee38301\" class=\"wp-block-wd-accordion wd-accordion wd-style-default wd-titles-start wd-opener-style-plus wd-opener-pos-end\" data-state=\"all\">\n<div id=\"wd-3dd85aae\" class=\"wp-block-wd-accordion-pane wd-accordion-item\"><div class=\"wd-accordion-title\"><div class=\"wd-accordion-title-text\"><span>Onde posso ver as minhas encomendas anteriores?<\/span><\/div><span class=\"wd-accordion-opener\"><\/span><\/div><div class=\"wd-accordion-content\"><div class=\"wd-accordion-content-inner\">\n<p id=\"wd-15ff9ab4\" class=\"wp-block-wd-paragraph\">Aceda a A minha conta > Encomendas para ver o seu hist\u00f3rico completo de encomendas. Pode clicar em &#8220;Ver&#8221; junto a qualquer encomenda para obter todos os detalhes, incluindo o estado, os artigos e as informa\u00e7\u00f5es de fatura\u00e7\u00e3o.<\/p>\n<\/div><\/div><\/div>\n\n\n\n<div id=\"wd-76d38a15\" class=\"wp-block-wd-accordion-pane wd-accordion-item\"><div class=\"wd-accordion-title\"><div class=\"wd-accordion-title-text\"><span>Como \u00e9 que cancelo uma encomenda?<\/span><\/div><span class=\"wd-accordion-opener\"><\/span><\/div><div class=\"wd-accordion-content\"><div class=\"wd-accordion-content-inner\">\n<p id=\"wd-431461ea\" class=\"wp-block-wd-paragraph\">Se o estado ainda for &#8220;A processar&#8221;, v\u00e1 a A minha conta > Encomendas, selecione a encomenda e clique no bot\u00e3o Cancelar encomenda (se estiver vis\u00edvel). As encomendas que j\u00e1 foram expedidas n\u00e3o podem ser canceladas.<\/p>\n<\/div><\/div><\/div>\n\n\n\n<div id=\"wd-afe9bc94\" class=\"wp-block-wd-accordion-pane wd-accordion-item\"><div class=\"wd-accordion-title\"><div class=\"wd-accordion-title-text\"><span>Quais s\u00e3o os m\u00e9todos de pagamento aceites?<\/span><\/div><span class=\"wd-accordion-opener\"><\/span><\/div><div class=\"wd-accordion-content\"><div class=\"wd-accordion-content-inner\">\n<p id=\"wd-5f0b00db\" class=\"wp-block-wd-paragraph\">Atualmente, aceitamos cart\u00f5es de d\u00e9bito\/cr\u00e9dito e criptomoedas selecionadas (em breve).<\/p>\n<\/div><\/div><\/div>\n<\/div>\n<\/div>\n\n\n\n<div id=\"wd-1e93e2bc\" class=\"wp-block-wd-column\">\n<h2 id=\"wd-7e9d0cfd\" class=\"wp-block-wd-title title wd-align\">\ud83d\udce6 Expedi\u00e7\u00e3o e entrega<\/h2>\n\n\n\n<div id=\"wd-dec7710e\" class=\"wp-block-wd-accordion wd-accordion wd-style-default wd-titles-start wd-opener-style-plus wd-opener-pos-end\" data-state=\"all\">\n<div id=\"wd-347f5d05\" class=\"wp-block-wd-accordion-pane wd-accordion-item\"><div class=\"wd-accordion-title\"><div class=\"wd-accordion-title-text\"><span>Que op\u00e7\u00f5es de envio oferecem?<\/span><\/div><span class=\"wd-accordion-opener\"><\/span><\/div><div class=\"wd-accordion-content\"><div class=\"wd-accordion-content-inner\">\n<p id=\"wd-bec79268\" class=\"wp-block-wd-paragraph\">Oferecemos correio normal em pa\u00edses selecionados da UE. Ver\u00e1 os detalhes de envio no checkout.<\/p>\n<\/div><\/div><\/div>\n\n\n\n<div id=\"wd-32f85958\" class=\"wp-block-wd-accordion-pane wd-accordion-item\"><div class=\"wd-accordion-title\"><div class=\"wd-accordion-title-text\"><span>Posso seguir a minha encomenda?<\/span><\/div><span class=\"wd-accordion-opener\"><\/span><\/div><div class=\"wd-accordion-content\"><div class=\"wd-accordion-content-inner\">\n<p id=\"wd-e2ea06ab\" class=\"wp-block-wd-paragraph\">Para encomendas superiores a 150 euros, inclu\u00edmos automaticamente o rastreio. Para outras encomendas, contacte o servi\u00e7o de apoio para verificar se o rastreio est\u00e1 dispon\u00edvel para os seus artigos.<\/p>\n<\/div><\/div><\/div>\n\n\n\n<div id=\"wd-c39ea4a8\" class=\"wp-block-wd-accordion-pane wd-accordion-item\"><div class=\"wd-accordion-title\"><div class=\"wd-accordion-title-text\"><span>Quando \u00e9 que a minha encomenda chega?<\/span><\/div><span class=\"wd-accordion-opener\"><\/span><\/div><div class=\"wd-accordion-content\"><div class=\"wd-accordion-content-inner\">\n<p id=\"wd-cf44049c\" class=\"wp-block-wd-paragraph\">Prazos de entrega t\u00edpicos:<\/p>\n\n\n\n<ul class=\"wp-block-list\">\n<li>Europa: 5-15 dias \u00fateis<\/li>\n\n\n\n<li>Resto do mundo: Em breve<\/li>\n<\/ul>\n\n\n\n<p>Verifique o seu e-mail de confirma\u00e7\u00e3o para saber as datas de entrega previstas.<\/p>\n<\/div><\/div><\/div>\n<\/div>\n<\/div>\n<\/div>\n\n\n\n<div id=\"wd-07eb66d2\" class=\"wp-block-wd-row\">\n<div id=\"wd-f21c9717\" class=\"wp-block-wd-column\">\n<h2 id=\"wd-e8e681e0\" class=\"wp-block-wd-title title wd-align\">\ud83c\udf81 Embalagem e discri\u00e7\u00e3o<\/h2>\n\n\n\n<div id=\"wd-28a86156\" class=\"wp-block-wd-accordion wd-accordion wd-style-default wd-titles-start wd-opener-style-plus wd-opener-pos-end\" data-state=\"all\">\n<div id=\"wd-e890b903\" class=\"wp-block-wd-accordion-pane wd-accordion-item\"><div class=\"wd-accordion-title\"><div class=\"wd-accordion-title-text\"><span>A sua embalagem \u00e9 discreta?<\/span><\/div><span class=\"wd-accordion-opener\"><\/span><\/div><div class=\"wd-accordion-content\"><div class=\"wd-accordion-content-inner\">\n<p id=\"wd-d49044b0\" class=\"wp-block-wd-paragraph\">Sim! Todos os artigos s\u00e3o enviados em caixas ou envelopes simples, sem qualquer marca vis\u00edvel.<\/p>\n<\/div><\/div><\/div>\n\n\n\n<div id=\"wd-51fdc99c\" class=\"wp-block-wd-accordion-pane wd-accordion-item\"><div class=\"wd-accordion-title\"><div class=\"wd-accordion-title-text\"><span>Posso personalizar a embalagem?<\/span><\/div><span class=\"wd-accordion-opener\"><\/span><\/div><div class=\"wd-accordion-content\"><div class=\"wd-accordion-content-inner\">\n<p id=\"wd-9a5c7f9f\" class=\"wp-block-wd-paragraph\">De momento, n\u00e3o. A nossa prioridade \u00e9 a privacidade e a seguran\u00e7a durante o transporte.<\/p>\n<\/div><\/div><\/div>\n<\/div>\n<\/div>\n\n\n\n<div id=\"wd-c9cfb75b\" class=\"wp-block-wd-column\">\n<h2 id=\"wd-ac906c5a\" class=\"wp-block-wd-title title wd-align\">\ud83d\udce9 Quest\u00f5es e devolu\u00e7\u00f5es<\/h2>\n\n\n\n<div id=\"wd-d3fc8a5a\" class=\"wp-block-wd-accordion wd-accordion wd-style-default wd-titles-start wd-opener-style-plus wd-opener-pos-end\" data-state=\"all\">\n<div id=\"wd-5f6b90f9\" class=\"wp-block-wd-accordion-pane wd-accordion-item\"><div class=\"wd-accordion-title\"><div class=\"wd-accordion-title-text\"><span>Recebi um artigo danificado. O que \u00e9 que devo fazer?<\/span><\/div><span class=\"wd-accordion-opener\"><\/span><\/div><div class=\"wd-accordion-content\"><div class=\"wd-accordion-content-inner\">\n<p id=\"wd-d4a12ce2\" class=\"wp-block-wd-paragraph\">Contactar o suporte atrav\u00e9s do formul\u00e1rio.<\/p>\n<\/div><\/div><\/div>\n\n\n\n<div id=\"wd-2e3d3d26\" class=\"wp-block-wd-accordion-pane wd-accordion-item\"><div class=\"wd-accordion-title\"><div class=\"wd-accordion-title-text\"><span>Posso devolver o meu produto?<\/span><\/div><span class=\"wd-accordion-opener\"><\/span><\/div><div class=\"wd-accordion-content\"><div class=\"wd-accordion-content-inner\">\n<p id=\"wd-4bab4373\" class=\"wp-block-wd-paragraph\">Devido \u00e0 natureza dos nossos produtos, n\u00e3o s\u00e3o aceites devolu\u00e7\u00f5es, exceto se o artigo estiver defeituoso.<\/p>\n<\/div><\/div><\/div>\n<\/div>\n<\/div>\n<\/div>\n<\/div>\n","protected":false},"excerpt":{"rendered":"","protected":false},"author":1,"featured_media":0,"parent":0,"menu_order":0,"comment_status":"closed","ping_status":"closed","template":"","meta":{"footnotes":""},"class_list":["post-3047","page","type-page","status-publish","hentry"],"_links":{"self":[{"href":"https:\/\/herbalhorizons.co\/pt-pt\/wp-json\/wp\/v2\/pages\/3047","targetHints":{"allow":["GET"]}}],"collection":[{"href":"https:\/\/herbalhorizons.co\/pt-pt\/wp-json\/wp\/v2\/pages"}],"about":[{"href":"https:\/\/herbalhorizons.co\/pt-pt\/wp-json\/wp\/v2\/types\/page"}],"author":[{"embeddable":true,"href":"https:\/\/herbalhorizons.co\/pt-pt\/wp-json\/wp\/v2\/users\/1"}],"replies":[{"embeddable":true,"href":"https:\/\/herbalhorizons.co\/pt-pt\/wp-json\/wp\/v2\/comments?post=3047"}],"version-history":[{"count":1,"href":"https:\/\/herbalhorizons.co\/pt-pt\/wp-json\/wp\/v2\/pages\/3047\/revisions"}],"predecessor-version":[{"id":3053,"href":"https:\/\/herbalhorizons.co\/pt-pt\/wp-json\/wp\/v2\/pages\/3047\/revisions\/3053"}],"wp:attachment":[{"href":"https:\/\/herbalhorizons.co\/pt-pt\/wp-json\/wp\/v2\/media?parent=3047"}],"curies":[{"name":"wp","href":"https:\/\/api.w.org\/{rel}","templated":true}]}}