{"id":3037,"date":"2024-07-22T14:34:48","date_gmt":"2024-07-22T14:34:48","guid":{"rendered":"https:\/\/herbalhorizons.co\/contact-us\/"},"modified":"2025-04-23T14:36:20","modified_gmt":"2025-04-23T14:36:20","slug":"contact-us","status":"publish","type":"page","link":"https:\/\/herbalhorizons.co\/pt-pt\/contact-us\/","title":{"rendered":"Contactar-nos"},"content":{"rendered":"\n<div id=\"wd-630279f3\" class=\"wp-block-wd-row\">\n<div id=\"wd-6aa3d3d7\" class=\"wp-block-wd-column\">\n<h2 id=\"wd-88997ff1\" class=\"wp-block-wd-title title\">Endere\u00e7o<\/h2>\n\n\n\n<p id=\"wd-56fa35ac\" class=\"wp-block-wd-paragraph\"><strong>Herbalhorizons<br>Omroepweg 11,<br>1324 KT, Almere<br>Netherlands<\/strong><\/p>\n\n\n\n<p id=\"wd-cd7c334b\" class=\"wp-block-wd-paragraph\">Segunda-feira &#8211; Sexta-feira: 09:00 &#8211; 17:00<\/p>\n\n\n\n<p id=\"wd-74cfcbe4\" class=\"wp-block-wd-paragraph\">N\u00e3o hesite em contactar-nos atrav\u00e9s do endere\u00e7o info@herbalhorizons.co. Teremos todo o prazer em ajudar!<br><a href=\"https:\/\/herbalhorizons.nl\/shop\/\"><\/a><\/p>\n\n\n\n<div id=\"wd-3ed4feba\" class=\"wp-block-wd-container wd-dir-col\">\n<h2 id=\"wd-22a6d9e5\" class=\"wp-block-wd-title title\">Entrar em contacto<\/h2>\n\n\n<div id=\"wd-6f439d76\" class=\"\">\n<div class=\"wpcf7 no-js\" id=\"wpcf7-f428-o1\" lang=\"en-US\" dir=\"ltr\" data-wpcf7-id=\"428\">\n<div class=\"screen-reader-response\"><p role=\"status\" aria-live=\"polite\" aria-atomic=\"true\"><\/p> <ul><\/ul><\/div>\n<form action=\"\/pt-pt\/wp-json\/wp\/v2\/pages\/3037#wpcf7-f428-o1\" method=\"post\" class=\"wpcf7-form init\" aria-label=\"Contact form\" novalidate=\"novalidate\" data-status=\"init\">\n<div style=\"display: none;\">\n<input type=\"hidden\" name=\"_wpcf7\" value=\"428\" \/>\n<input type=\"hidden\" name=\"_wpcf7_version\" value=\"6.0.6\" \/>\n<input type=\"hidden\" name=\"_wpcf7_locale\" value=\"en_US\" \/>\n<input type=\"hidden\" name=\"_wpcf7_unit_tag\" value=\"wpcf7-f428-o1\" \/>\n<input type=\"hidden\" name=\"_wpcf7_container_post\" value=\"0\" \/>\n<input type=\"hidden\" name=\"_wpcf7_posted_data_hash\" value=\"\" \/>\n<\/div>\n<div class=\"wd-grid-g\">\n\t<div class=\"wd-grid-f-stretch\" style=\"--wd-gap-lg: 30px;--wd-gap-sm: 20px\">\n\t\t<p class=\"wd-col\"><span class=\"wpcf7-form-control-wrap\" data-name=\"First\"><input size=\"40\" maxlength=\"400\" class=\"wpcf7-form-control wpcf7-text wpcf7-validates-as-required\" aria-required=\"true\" aria-invalid=\"false\" placeholder=\"First name\" value=\"\" type=\"text\" name=\"First\" \/><\/span>\n\t\t<\/p>\n\t\t<p class=\"wd-col\"><span class=\"wpcf7-form-control-wrap\" data-name=\"Last\"><input size=\"40\" maxlength=\"400\" class=\"wpcf7-form-control wpcf7-text wpcf7-validates-as-required\" aria-required=\"true\" aria-invalid=\"false\" placeholder=\"Last name\" value=\"\" type=\"text\" name=\"Last\" \/><\/span>\n\t\t<\/p>\n\t<\/div>\n\t<p class=\"wd-col\"><span class=\"wpcf7-form-control-wrap\" data-name=\"Last\"><input size=\"40\" maxlength=\"400\" class=\"wpcf7-form-control wpcf7-text wpcf7-validates-as-required\" aria-required=\"true\" aria-invalid=\"false\" placeholder=\"Email\" value=\"\" type=\"text\" name=\"Last\" \/><\/span>\n\t<\/p>\n\t<p class=\"wd-col\"><span class=\"wpcf7-form-control-wrap\" data-name=\"your-message\"><textarea cols=\"40\" rows=\"10\" maxlength=\"2000\" class=\"wpcf7-form-control wpcf7-textarea\" aria-invalid=\"false\" placeholder=\"Your Message\" name=\"your-message\"><\/textarea><\/span>\n\t<\/p>\n\t<p class=\"wd-col\"><input class=\"wpcf7-form-control wpcf7-submit has-spinner btn btn-color-primary\" type=\"submit\" value=\"Send Message\" \/>\n\t<\/p>\n<\/div><div class=\"wpcf7-response-output\" aria-hidden=\"true\"><\/div>\n<\/form>\n<\/div>\n<\/div><\/div>\n<\/div>\n\n\n\n<div id=\"wd-23df2e70\" class=\"wp-block-wd-column\">\n<div id=\"wd-34805e08\" class=\"wp-block-wd-open-street-map wd-map-container wd-osm-map-container\"><div id=\"wd-osm-map-34805e08-8ddd-49cc-bc04-1e25d1ea7e4b\" class=\"wd-osm-map-wrapper wd-map-wrapper\" data-settings=\"{&quot;zoom&quot;:15,&quot;scrollWheelZoom&quot;:&quot;no&quot;,&quot;zoomControl&quot;:&quot;yes&quot;,&quot;dragging&quot;:&quot;yes&quot;,&quot;init_type&quot;:&quot;page_load&quot;,&quot;init_offset&quot;:100,&quot;geoapify_tile&quot;:&quot;osm-carto&quot;,&quot;center&quot;:&quot;52.356706400000014,5.1878094&quot;,&quot;markers&quot;:[{&quot;lat&quot;:&quot;52.3567064&quot;,&quot;lng&quot;:&quot;5.1878094&quot;,&quot;marker&quot;:{&quot;image&quot;:&quot;https:\/\/herbalhorizons.co\/wp-content\/themes\/woodmart\/images\/icons\/marker-icon.png&quot;,&quot;image_size&quot;:[25,41],&quot;marker_behavior&quot;:&quot;popup&quot;,&quot;show_button&quot;:&quot;no&quot;}}]}\"><\/div><\/div>\n<\/div>\n<\/div>\n","protected":false},"excerpt":{"rendered":"","protected":false},"author":1,"featured_media":0,"parent":0,"menu_order":0,"comment_status":"closed","ping_status":"closed","template":"","meta":{"footnotes":""},"class_list":["post-3037","page","type-page","status-publish","hentry"],"_links":{"self":[{"href":"https:\/\/herbalhorizons.co\/pt-pt\/wp-json\/wp\/v2\/pages\/3037","targetHints":{"allow":["GET"]}}],"collection":[{"href":"https:\/\/herbalhorizons.co\/pt-pt\/wp-json\/wp\/v2\/pages"}],"about":[{"href":"https:\/\/herbalhorizons.co\/pt-pt\/wp-json\/wp\/v2\/types\/page"}],"author":[{"embeddable":true,"href":"https:\/\/herbalhorizons.co\/pt-pt\/wp-json\/wp\/v2\/users\/1"}],"replies":[{"embeddable":true,"href":"https:\/\/herbalhorizons.co\/pt-pt\/wp-json\/wp\/v2\/comments?post=3037"}],"version-history":[{"count":1,"href":"https:\/\/herbalhorizons.co\/pt-pt\/wp-json\/wp\/v2\/pages\/3037\/revisions"}],"predecessor-version":[{"id":3042,"href":"https:\/\/herbalhorizons.co\/pt-pt\/wp-json\/wp\/v2\/pages\/3037\/revisions\/3042"}],"wp:attachment":[{"href":"https:\/\/herbalhorizons.co\/pt-pt\/wp-json\/wp\/v2\/media?parent=3037"}],"curies":[{"name":"wp","href":"https:\/\/api.w.org\/{rel}","templated":true}]}}