{"id":3011,"date":"2024-07-22T14:34:58","date_gmt":"2024-07-22T14:34:58","guid":{"rendered":"https:\/\/herbalhorizons.co\/about-us\/"},"modified":"2025-04-23T14:24:28","modified_gmt":"2025-04-23T14:24:28","slug":"about-us","status":"publish","type":"page","link":"https:\/\/herbalhorizons.co\/pt-pt\/about-us\/","title":{"rendered":"Sobre n\u00f3s"},"content":{"rendered":"\n<div id=\"wd-3af4124f\" class=\"wp-block-wd-row\">\n<div id=\"wd-85afa8ce\" class=\"wp-block-wd-column wd-align\">\n<h2 id=\"wd-26d3e984\" class=\"wp-block-wd-title title\">Naturalmente focado. Apoiado pela ci\u00eancia. Com curadoria cuidadosa.  <\/h2>\n\n\n\n<p id=\"wd-9982ce2c\" class=\"wp-block-wd-paragraph\">A Herbal Horizons foi criada para proporcionar clareza num espa\u00e7o que \u00e9 frequentemente confuso. Com sede nos Pa\u00edses Baixos, oferecemos gen\u00e9tica de can\u00e1bis cuidadosamente selecionada, trufas de psilocibina e suplementos de bem-estar concebidos para pessoas que querem sentir-se melhor, pensar com mais clareza ou simplesmente reconectar-se consigo mesmas. <\/p>\n\n\n\n<p id=\"wd-6ae632e2\" class=\"wp-block-wd-paragraph\">N\u00e3o acreditamos em propaganda exagerada &#8211; apenas em produtos que funcionam, s\u00e3o seguros e prov\u00eam de fontes fi\u00e1veis.<\/p>\n\n\n\n<h2 id=\"wd-19c5aa21\" class=\"wp-block-wd-title title\"><br\/>O que oferecemos<\/h2>\n\n\n\n<p id=\"wd-179501dc\" class=\"wp-block-wd-paragraph\">A nossa sele\u00e7\u00e3o inclui sementes autoflorescentes de \u00faltima gera\u00e7\u00e3o, trufas de alta pot\u00eancia e suplementos espec\u00edficos &#8211; todos escolhidos pela qualidade, consist\u00eancia e objetivo. Quer esteja a cultivar as suas pr\u00f3prias plantas ou a escolher uma microdose para equil\u00edbrio mental, tudo aqui tem uma raz\u00e3o de ser. <\/p>\n<\/div>\n<\/div>\n\n\n\n<div id=\"wd-d4d825fd\" class=\"wp-block-wd-video wd-el-video wd-action-without wd-video-hosted wd-with-aspect-ratio\"><video playsinline loop muted autoplay src=\"https:\/\/herbalhorizons.co\/wp-content\/uploads\/2025\/04\/8139466-hd_1920_1080_30fps.mp4\"><\/video><\/div>\n\n\n\n<div id=\"wd-b380f935\" class=\"wp-block-wd-section\">\n<h2 id=\"wd-30f48cf9\" class=\"wp-block-wd-title title wd-align\">Os nossos valores<\/h2>\n\n\n\n<p id=\"wd-1fe5dc8e\" class=\"wp-block-wd-paragraph wd-align wd-custom-width wd-align-s-center\">A Herbal Horizons foi fundada com um objetivo simples e poderoso: reconectar as pessoas com estados naturais de bem-estar, clareza e criatividade &#8211; sem o ru\u00eddo da propaganda ou da desinforma\u00e7\u00e3o. O nosso objetivo \u00e9 educar, inspirar e elevar atrav\u00e9s de produtos habilmente elaborados e de uma experi\u00eancia de cliente baseada no cuidado, clareza e respeito. <\/p>\n\n\n\n<div id=\"wd-cc593c84\" class=\"wp-block-wd-row\">\n<div id=\"wd-1622a87d\" class=\"wp-block-wd-column\">\n<h2 id=\"wd-2f660fd7\" class=\"wp-block-wd-title title\">Transpar\u00eancia sempre<\/h2>\n\n\n\n<p id=\"wd-8e376d67\" class=\"wp-block-wd-paragraph\">Acreditamos que os clientes nunca devem ter de adivinhar o que est\u00e3o a tomar. Cada produto no nosso site inclui informa\u00e7\u00f5es claras sobre a sua origem, conte\u00fado e efeitos pretendidos. Evitamos afirma\u00e7\u00f5es vagas e damos prioridade a descri\u00e7\u00f5es honestas, para que possa fazer escolhas informadas sem ter de adivinhar.  <\/p>\n<\/div>\n\n\n\n<div id=\"wd-a46ac551\" class=\"wp-block-wd-column\">\n<h2 id=\"wd-1f5c2dc3\" class=\"wp-block-wd-title title\">Qualidade orientada para a finalidade<\/h2>\n\n\n\n<p id=\"wd-94dd2431\" class=\"wp-block-wd-paragraph\">N\u00e3o temos centenas de artigos &#8211; temos o que cumpre os nossos padr\u00f5es. O nosso processo de sele\u00e7\u00e3o envolve uma verifica\u00e7\u00e3o detalhada dos fornecedores, testes laboratoriais (quando aplic\u00e1vel) e um controlo de qualidade regular. Se um produto n\u00e3o corresponder \u00e0s nossas expectativas de seguran\u00e7a, pot\u00eancia e consist\u00eancia, n\u00e3o ser\u00e1 inclu\u00eddo no nosso cat\u00e1logo.  <\/p>\n<\/div>\n<\/div>\n\n\n\n<div id=\"wd-254109ee\" class=\"wp-block-wd-row\">\n<div id=\"wd-0cdc2774\" class=\"wp-block-wd-column\">\n<h2 id=\"wd-c0468936\" class=\"wp-block-wd-title title\">Respeito pelas necessidades individuais<\/h2>\n\n\n\n<p>O caminho de cada um para o bem-estar \u00e9 diferente. Alguns procuram o al\u00edvio do stress, outros querem cultivar plantas, melhorar a concentra\u00e7\u00e3o ou reconectar-se consigo pr\u00f3prios. O nosso objetivo \u00e9 apoiar essas necessidades sem julgamentos. \u00c9 por isso que a nossa gama inclui tanto produtos funcionais como produtos destinados ao desenvolvimento pessoal ou ao descanso.   <\/p>\n<\/div>\n\n\n\n<div id=\"wd-3b7c3076\" class=\"wp-block-wd-column\">\n<h2 id=\"wd-3dcfa84d\" class=\"wp-block-wd-title title\">A experi\u00eancia do cliente \u00e9 importante<\/h2>\n\n\n\n<p id=\"wd-64094c55\" class=\"wp-block-wd-paragraph\">Concebemos cada parte da experi\u00eancia de compra &#8211; desde a embalagem discreta at\u00e9 \u00e0 nossa caixa de correio de apoio &#8211; tendo em mente a sua privacidade, facilidade e satisfa\u00e7\u00e3o. D\u00favidas? Preocupa\u00e7\u00f5es? N\u00f3s respondemos pessoalmente. O nosso objetivo n\u00e3o \u00e9 apenas vender produtos, mas ser uma fonte fi\u00e1vel de clareza e confian\u00e7a.    <\/p>\n<\/div>\n<\/div>\n\n\n\n<div id=\"wd-cb673397\" class=\"wp-block-wd-row\">\n<div id=\"wd-b4625a23\" class=\"wp-block-wd-column\">\n<h2 id=\"wd-59bf2df7\" class=\"wp-block-wd-title title wd-align\">A nossa localiza\u00e7\u00e3o e apoio<br\/><\/h2>\n\n\n\n<p id=\"wd-467caa12\" class=\"wp-block-wd-paragraph wd-align\"><\/p>\n\n\n\n<p id=\"wd-108e0849\" class=\"wp-block-wd-paragraph wd-align\">Endere\u00e7o:<br>Herbal Horizons<br>Omroepweg 11<br>1324 KT, Almere<br>Pa\u00edses Baixos<br>Hor\u00e1rio de funcionamento:<br>De segunda a sexta-feira &#8211; 09:00 \u00e0s 17:00 CET<br>Se precisar de ajuda,<br>Estamos dispon\u00edveis por correio eletr\u00f3nico em qualquer altura em info@herbalhorizons.co<\/p>\n<\/div>\n<\/div>\n<\/div>\n","protected":false},"excerpt":{"rendered":"","protected":false},"author":1,"featured_media":0,"parent":0,"menu_order":0,"comment_status":"closed","ping_status":"closed","template":"","meta":{"footnotes":""},"class_list":["post-3011","page","type-page","status-publish","hentry"],"_links":{"self":[{"href":"https:\/\/herbalhorizons.co\/pt-pt\/wp-json\/wp\/v2\/pages\/3011","targetHints":{"allow":["GET"]}}],"collection":[{"href":"https:\/\/herbalhorizons.co\/pt-pt\/wp-json\/wp\/v2\/pages"}],"about":[{"href":"https:\/\/herbalhorizons.co\/pt-pt\/wp-json\/wp\/v2\/types\/page"}],"author":[{"embeddable":true,"href":"https:\/\/herbalhorizons.co\/pt-pt\/wp-json\/wp\/v2\/users\/1"}],"replies":[{"embeddable":true,"href":"https:\/\/herbalhorizons.co\/pt-pt\/wp-json\/wp\/v2\/comments?post=3011"}],"version-history":[{"count":3,"href":"https:\/\/herbalhorizons.co\/pt-pt\/wp-json\/wp\/v2\/pages\/3011\/revisions"}],"predecessor-version":[{"id":3030,"href":"https:\/\/herbalhorizons.co\/pt-pt\/wp-json\/wp\/v2\/pages\/3011\/revisions\/3030"}],"wp:attachment":[{"href":"https:\/\/herbalhorizons.co\/pt-pt\/wp-json\/wp\/v2\/media?parent=3011"}],"curies":[{"name":"wp","href":"https:\/\/api.w.org\/{rel}","templated":true}]}}