{"id":3269,"date":"2025-06-17T17:26:18","date_gmt":"2025-06-17T17:26:18","guid":{"rendered":"https:\/\/herbalhorizons.co\/?post_type=product&#038;p=3269"},"modified":"2025-08-05T06:43:29","modified_gmt":"2025-08-05T06:43:29","slug":"watermelon-punch-autoflowerende-cannabiszaden-copy-copy","status":"publish","type":"product","link":"https:\/\/herbalhorizons.co\/nl\/product\/watermelon-punch-autoflowerende-cannabiszaden-copy-copy\/","title":{"rendered":"Girl Scout Cookies Terpenen &#8211; Cali Terpenen"},"content":{"rendered":"\n<h3 id=\"wd-263b2ec0\" class=\"wp-block-wd-title title\"><strong>Over Girl Scout Cookies Terpenen &#8211; Cali Terpenen (1ml)<\/strong><\/h3>\n\n<p id=\"wd-a52e98c4\" class=\"wp-block-wd-paragraph\">Girl Scout Cookies terpenen zijn een zorgvuldig samengestelde aromatische formule die is gemaakt om het kenmerkende geurprofiel van de originele Girl Scout Cookies cannabissoort te reproduceren. Dit terpenenmengsel is volledig afkomstig van niet-cannabis botanische bronnen en is vrij van THC, CBD en andere cannabino\u00efden. <\/p>\n\n<p id=\"wd-7dcfe322\" class=\"wp-block-wd-paragraph\">Het aromatische profiel heeft een gelaagde structuur met een balans tussen aardse, zoete en licht muntachtige tonen, kenmerkend voor de natuurlijke aanwezigheid van deze soort. Het formaat van 1 ml is ideaal voor precisietoepassingen waarbij kleinere hoeveelheden voldoende zijn, zoals onderzoek, ontwikkeling of formuleringsprojecten met kleine batches. <\/p>\n\n<p id=\"wd-46d9aeaf\" class=\"wp-block-wd-paragraph\">Dit product wordt vaak gebruikt voor aromatherapie, botanische infusie, cosmetische formules of geurontwerpen. Het is niet bedoeld voor inname of verbranding en moet altijd worden verdund voor gebruik. Vanwege de hoge concentratie terpenen wordt aangeraden er voorzichtig mee om te gaan en moeten de juiste gebruiksprotocollen worden gevolgd.  <\/p>\n\n<p id=\"wd-b0ac2c2c\" class=\"wp-block-wd-paragraph\"><strong>Technische informatie:<\/strong><\/p>\n\n<ul class=\"wp-block-list\">\n<li>Volume: 1ml<\/li>\n\n\n\n<li>Samenstelling: 100% botanische terpenen<\/li>\n\n\n\n<li>Cannabino\u00efdegehalte: 0% THC \/ 0% CBD<\/li>\n\n\n\n<li>Oorsprong van profiel: Ge\u00efnspireerd door Girl Scout Cookies (Durban Poison \u00d7 OG Kush).<\/li>\n\n\n\n<li>Gebruik: Alleen extern (niet-verbranding)<\/li>\n\n\n\n<li>Fabrikant: Cali Terpenes S.L. (Spanje)<\/li>\n<\/ul>\n\n<p id=\"wd-40978ae3\" class=\"wp-block-wd-paragraph\">Store in a cool, dry, and dark environment to maintain aromatic stability. Consult the manufacturer&#8217;s safety documentation for handling and dilution guidelines. <\/p>\n","protected":false},"excerpt":{"rendered":"<p data-start=\"1477\" data-end=\"1678\">Girl Scout Cookies Terpenen bieden een gedetailleerd aromatisch profiel ge\u00efnspireerd door de bekende botanische soort. Deze terpenen worden ge\u00ebxtraheerd uit natuurlijke plantenbronnen en bevatten geen cannabino\u00efden. Bestemd voor gebruik in aromagerichte toepassingen, zoals externe mengsels en verspreiding in de omgeving, en niet voor inname of verbranding. <\/p>\n<ul data-start=\"1825\" data-end=\"1985\">\n<li data-start=\"1858\" data-end=\"1912\">\n<p data-start=\"1860\" data-end=\"1912\">Bevat 0% THC, CBD of andere actieve cannabino\u00efden<\/p>\n<\/li>\n<li data-start=\"1915\" data-end=\"1940\">\n<p data-start=\"1917\" data-end=\"1940\">Alleen voor extern gebruik<\/p>\n<\/li>\n<li data-start=\"1943\" data-end=\"1985\">\n<p data-start=\"1945\" data-end=\"1985\">Best bewaard in een koele, droge omgeving<\/p>\n<\/li>\n<\/ul>\n","protected":false},"featured_media":3288,"comment_status":"open","ping_status":"closed","template":"","meta":[],"product_brand":[],"product_cat":[272],"product_tag":[273],"class_list":{"0":"post-3269","1":"product","2":"type-product","3":"status-publish","4":"has-post-thumbnail","6":"product_cat-terpenes-nl","7":"product_tag-terpenes-nl","9":"first","10":"outofstock","11":"shipping-taxable","12":"purchasable","13":"product-type-variable"},"_links":{"self":[{"href":"https:\/\/herbalhorizons.co\/nl\/wp-json\/wp\/v2\/product\/3269","targetHints":{"allow":["GET"]}}],"collection":[{"href":"https:\/\/herbalhorizons.co\/nl\/wp-json\/wp\/v2\/product"}],"about":[{"href":"https:\/\/herbalhorizons.co\/nl\/wp-json\/wp\/v2\/types\/product"}],"replies":[{"embeddable":true,"href":"https:\/\/herbalhorizons.co\/nl\/wp-json\/wp\/v2\/comments?post=3269"}],"wp:featuredmedia":[{"embeddable":true,"href":"https:\/\/herbalhorizons.co\/nl\/wp-json\/wp\/v2\/media\/3288"}],"wp:attachment":[{"href":"https:\/\/herbalhorizons.co\/nl\/wp-json\/wp\/v2\/media?parent=3269"}],"wp:term":[{"taxonomy":"product_brand","embeddable":true,"href":"https:\/\/herbalhorizons.co\/nl\/wp-json\/wp\/v2\/product_brand?post=3269"},{"taxonomy":"product_cat","embeddable":true,"href":"https:\/\/herbalhorizons.co\/nl\/wp-json\/wp\/v2\/product_cat?post=3269"},{"taxonomy":"product_tag","embeddable":true,"href":"https:\/\/herbalhorizons.co\/nl\/wp-json\/wp\/v2\/product_tag?post=3269"}],"curies":[{"name":"wp","href":"https:\/\/api.w.org\/{rel}","templated":true}]}}