{"id":3281,"date":"2025-06-17T17:26:18","date_gmt":"2025-06-17T17:26:18","guid":{"rendered":"https:\/\/herbalhorizons.co\/?post_type=product&#038;p=3281"},"modified":"2025-08-05T06:43:29","modified_gmt":"2025-08-05T06:43:29","slug":"watermelon-punch-semi-di-cannabis-autofiorenti-copy-copy","status":"publish","type":"product","link":"https:\/\/herbalhorizons.co\/it\/prodotto\/watermelon-punch-semi-di-cannabis-autofiorenti-copy-copy\/","title":{"rendered":"Terpeni dei biscotti Girl Scout &#8211; Cali Terpenes"},"content":{"rendered":"\n<h3 id=\"wd-263b2ec0\" class=\"wp-block-wd-title title\"><strong>Informazioni sui terpeni dei biscotti Girl Scout &#8211; Cali Terpenes (1ml)<\/strong><\/h3>\n\n<p id=\"wd-a52e98c4\" class=\"wp-block-wd-paragraph\">I terpeni di Girl Scout Cookies sono una formulazione aromatica accuratamente composta, creata per riprodurre il distinto profilo di profumo della variet\u00e0 originale di cannabis Girl Scout Cookies. Questa miscela di terpeni deriva interamente da fonti botaniche non di cannabis ed \u00e8 priva di THC, CBD e altri cannabinoidi. <\/p>\n\n<p id=\"wd-7dcfe322\" class=\"wp-block-wd-paragraph\">Il profilo aromatico presenta una struttura stratificata che bilancia note terrose, dolci e leggermente mentolate, caratteristiche della presenza naturale della variet\u00e0. Il formato da 1 ml \u00e8 ideale per applicazioni di precisione in cui sono sufficienti piccole quantit\u00e0, come progetti di ricerca, sviluppo o formulazione di piccoli lotti. <\/p>\n\n<p id=\"wd-46d9aeaf\" class=\"wp-block-wd-paragraph\">Questo prodotto viene comunemente utilizzato in contesti quali l&#8217;aromaterapia, l&#8217;infusione botanica, la formulazione di cosmetici o la progettazione di profumi. Non \u00e8 destinato all&#8217;ingestione o alla combustione e deve essere sempre diluito prima dell&#8217;uso. A causa dell&#8217;alta concentrazione di terpeni, si raccomanda di maneggiarlo con cura e di seguire protocolli d&#8217;uso appropriati.  <\/p>\n\n<p id=\"wd-b0ac2c2c\" class=\"wp-block-wd-paragraph\"><strong>Informazioni tecniche:<\/strong><\/p>\n\n<ul class=\"wp-block-list\">\n<li>Volume: 1ml<\/li>\n\n\n\n<li>Composizione: 100% terpeni botanici<\/li>\n\n\n\n<li>Contenuto di cannabinoidi: 0% THC \/ 0% CBD<\/li>\n\n\n\n<li>Origine del profilo: Ispirata da Girl Scout Cookies (Durban Poison \u00d7 OG Kush)<\/li>\n\n\n\n<li>Uso: solo per esterni (non combustione)<\/li>\n\n\n\n<li>Produttore: Cali Terpenes S.L. (Spagna)<\/li>\n<\/ul>\n\n<p id=\"wd-40978ae3\" class=\"wp-block-wd-paragraph\">Conservare in un ambiente fresco, asciutto e buio per mantenere la stabilit\u00e0 aromatica. Consultare la documentazione di sicurezza del produttore per le linee guida sulla manipolazione e la diluizione. <\/p>\n","protected":false},"excerpt":{"rendered":"<p data-start=\"1477\" data-end=\"1678\">I terpeni di Girl Scout Cookies offrono un profilo aromatico dettagliato ispirato alla nota variet\u00e0 botanica. Questi terpeni sono estratti da fonti vegetali naturali e non contengono cannabinoidiSi consiglia l&#8217;uso in applicazioni incentrate sugli aromi, come miscele esterne e diffusione ambientale, e non per l&#8217;ingestione o la combustione. <\/p>\n<ul data-start=\"1825\" data-end=\"1985\">\n<li data-start=\"1858\" data-end=\"1912\">\n<p data-start=\"1860\" data-end=\"1912\">Contiene lo 0% di THC, CBD o altri cannabinoidi attivi.<\/p>\n<\/li>\n<li data-start=\"1915\" data-end=\"1940\">\n<p data-start=\"1917\" data-end=\"1940\">Solo per uso esterno<\/p>\n<\/li>\n<li data-start=\"1943\" data-end=\"1985\">\n<p data-start=\"1945\" data-end=\"1985\">Si consiglia di conservarlo in un ambiente fresco e asciutto<\/p>\n<\/li>\n<\/ul>\n","protected":false},"featured_media":3291,"comment_status":"open","ping_status":"closed","template":"","meta":[],"product_brand":[],"product_cat":[278],"product_tag":[279],"class_list":{"0":"post-3281","1":"product","2":"type-product","3":"status-publish","4":"has-post-thumbnail","6":"product_cat-terpenes-it","7":"product_tag-terpeni","9":"first","10":"outofstock","11":"shipping-taxable","12":"purchasable","13":"product-type-variable"},"_links":{"self":[{"href":"https:\/\/herbalhorizons.co\/it\/wp-json\/wp\/v2\/product\/3281","targetHints":{"allow":["GET"]}}],"collection":[{"href":"https:\/\/herbalhorizons.co\/it\/wp-json\/wp\/v2\/product"}],"about":[{"href":"https:\/\/herbalhorizons.co\/it\/wp-json\/wp\/v2\/types\/product"}],"replies":[{"embeddable":true,"href":"https:\/\/herbalhorizons.co\/it\/wp-json\/wp\/v2\/comments?post=3281"}],"wp:featuredmedia":[{"embeddable":true,"href":"https:\/\/herbalhorizons.co\/it\/wp-json\/wp\/v2\/media\/3291"}],"wp:attachment":[{"href":"https:\/\/herbalhorizons.co\/it\/wp-json\/wp\/v2\/media?parent=3281"}],"wp:term":[{"taxonomy":"product_brand","embeddable":true,"href":"https:\/\/herbalhorizons.co\/it\/wp-json\/wp\/v2\/product_brand?post=3281"},{"taxonomy":"product_cat","embeddable":true,"href":"https:\/\/herbalhorizons.co\/it\/wp-json\/wp\/v2\/product_cat?post=3281"},{"taxonomy":"product_tag","embeddable":true,"href":"https:\/\/herbalhorizons.co\/it\/wp-json\/wp\/v2\/product_tag?post=3281"}],"curies":[{"name":"wp","href":"https:\/\/api.w.org\/{rel}","templated":true}]}}