{"id":2919,"date":"2025-04-14T15:56:05","date_gmt":"2025-04-14T15:56:05","guid":{"rendered":"https:\/\/herbalhorizons.co\/product\/bruce-banner-semi-di-cannabis-autofiorenti\/"},"modified":"2025-04-23T10:29:29","modified_gmt":"2025-04-23T10:29:29","slug":"bruce-banner-semi-di-cannabis-autofiorenti","status":"publish","type":"product","link":"https:\/\/herbalhorizons.co\/it\/prodotto\/bruce-banner-semi-di-cannabis-autofiorenti\/","title":{"rendered":"Bruce Banner &#8211; Semi di Cannabis Autofiorenti"},"content":{"rendered":"\n<div id=\"wd-67ebcd5c\" class=\"wp-block-wd-row\">\n<div id=\"wd-af8a8c9f\" class=\"wp-block-wd-column\">\n<h2 id=\"wd-3cbb8ed8\" class=\"wp-block-wd-title title\">Effetti:<\/h2>\n\n\n\n<ul class=\"wp-block-list\">\n<li>Sballo mentale euforico e stimolante<\/li>\n\n\n\n<li>Stimola la creativit\u00e0 e la concentrazione<\/li>\n\n\n\n<li>Ottima per attivit\u00e0 fisiche o flusso artistico<\/li>\n\n\n\n<li>Chiarezza di lunga durata con energia gioiosa<\/li>\n<\/ul>\n\n\n\n<h2 id=\"wd-58fbe819\" class=\"wp-block-wd-title title\">Sapore e Aroma:<\/h2>\n\n\n\n<ul class=\"wp-block-list\">\n<li>Predominanza di diesel con note terrose e dolci<\/li>\n\n\n\n<li>Accenni di frutta floreale e pino<\/li>\n\n\n\n<li>Fumo corposo con aroma intenso<\/li>\n<\/ul>\n<\/div>\n\n\n\n<div id=\"wd-33e24f4e\" class=\"wp-block-wd-column\">\n<div id=\"wd-cf5fd1b7\" class=\"wp-block-wd-table\">\n<figure class=\"wp-block-table\"><table><thead><tr><th>Cosa Ottieni:<\/th><\/tr><\/thead><tbody><tr><td><strong>Genetica:<\/strong> Bruce Banner x Gorilla Girl XL  <\/td><\/tr><tr><td><strong>Tipo di Seme:<\/strong> Autofiorente<\/td><\/tr><tr><td><strong>Rapporto Sativa\/Indica:<\/strong> 60% Sativa \/ 40% Indica<\/td><\/tr><tr><td><strong>Resa all&#8217;esterno:<\/strong> 50\u2013150g per pianta<\/td><\/tr><tr><td><strong>Tempo di fioritura:<\/strong> 9 settimane dal seme<\/td><\/tr><tr><td><strong>Altezza:<\/strong> 50\u2013110cm<\/td><\/tr><tr><td><strong>Clima:<\/strong> Adattabile sia indoor che outdoor<\/td><\/tr><tr><td><strong>THC:<\/strong> 18\u201325%+ \/ <strong>CBD:<\/strong> 0.1%<\/td><\/tr><tr><td><strong>Resistenza alla muffa:<\/strong> Buona<\/td><\/tr><\/tbody><\/table><\/figure>\n<\/div>\n<\/div>\n\n\n\n<div id=\"wd-c78be697\" class=\"wp-block-wd-column\">\n<h2 id=\"wd-5b579f2e\" class=\"wp-block-wd-title title\">Perch\u00e9 scegliere Bruce Banner Auto?<\/h2>\n\n\n\n<ul class=\"wp-block-list\">\n<li>Autofiorente ufficiale di 7a generazione \u2014 veloce e stabile<\/li>\n\n\n\n<li>Sballo leggendario dal clone d&#8217;\u00e9lite originale<\/li>\n\n\n\n<li>Discendenza Gorilla Girl XL = produzione di resina di livello superiore<\/li>\n\n\n\n<li>Potente, compatta e molto aromatica<\/li>\n<\/ul>\n\n\n\n<h2 id=\"wd-f4daca0b\" class=\"wp-block-wd-title title\">Consigli di Coltivazione:<\/h2>\n\n\n\n<ul class=\"wp-block-list\">\n<li>Il LST (Low Stress Training) precoce migliora la diffusione della chioma<\/li>\n\n\n\n<li>Terpene diesel = odore forte \u2014 usa filtri all&#8217;interno<\/li>\n\n\n\n<li>Nutrila bene durante la fioritura \u2014 ama potassio e fosforo<\/li>\n\n\n\n<li>Ottima per coltivazioni indoor veloci e discrete<\/li>\n\n\n\n<li>Massimo sapore se raccolta alla piena maturit\u00e0 di 9 settimane<\/li>\n<\/ul>\n\n\n\n<h2 id=\"wd-37c5c520\" class=\"wp-block-wd-title title\">Ideale per:<\/h2>\n\n\n\n<ul class=\"wp-block-list\">\n<li>Appassionati di genetiche USA della West Coast<\/li>\n\n\n\n<li>Progetti creativi diurni<\/li>\n\n\n\n<li>Coltivatori alla ricerca di potenza in spazi ristretti<\/li>\n\n\n\n<li>Fanatici del sapore di carburante<\/li>\n<\/ul>\n<\/div>\n<\/div>\n","protected":false},"excerpt":{"rendered":"<h4 class=\"\" data-start=\"397\" data-end=\"434\"><strong data-start=\"222\" data-end=\"273\">\ud83d\udd25 La leggenda diventa automatica. Veloce, feroce e saporita. <br data-start=\"258\" data-end=\"261\"><\/strong><\/h4>\n<p>Fino al 25% di THC | 60% Sativa | Sballo euforico, creativo, carico di diesel<\/p>\n<p class=\"\" data-start=\"496\" data-end=\"796\"><strong data-start=\"496\" data-end=\"526\">Bruce Banner <\/strong> \u00e8 una versione autofiorente di 7a generazione dell&#8217;iconica <strong data-start=\"583\" data-end=\"599\">Bruce Banner<\/strong>, incrociata con <strong data-start=\"611\" data-end=\"636\">Gorilla Girl XL Auto\u00ae<\/strong> per una resina e un aroma ancora pi\u00f9 intensi. Sviluppata in Colorado e piena di intensit\u00e0 diesel-fruttata, questa \u00e8 una variet\u00e0 potente per creativi e amanti della sativa. <\/p>\n","protected":false},"featured_media":2552,"comment_status":"open","ping_status":"closed","template":"","meta":[],"product_brand":[],"product_cat":[113,126],"product_tag":[173,171,172],"class_list":{"0":"post-2919","1":"product","2":"type-product","3":"status-publish","4":"has-post-thumbnail","6":"product_cat-cannabis-seeds-it","7":"product_cat-autoflowering-seeds-it-2","8":"product_tag-autofiorente","9":"product_tag-cannabis-it","10":"product_tag-semi","12":"first","13":"outofstock","14":"shipping-taxable","15":"purchasable","16":"product-type-simple"},"_links":{"self":[{"href":"https:\/\/herbalhorizons.co\/it\/wp-json\/wp\/v2\/product\/2919","targetHints":{"allow":["GET"]}}],"collection":[{"href":"https:\/\/herbalhorizons.co\/it\/wp-json\/wp\/v2\/product"}],"about":[{"href":"https:\/\/herbalhorizons.co\/it\/wp-json\/wp\/v2\/types\/product"}],"replies":[{"embeddable":true,"href":"https:\/\/herbalhorizons.co\/it\/wp-json\/wp\/v2\/comments?post=2919"}],"wp:featuredmedia":[{"embeddable":true,"href":"https:\/\/herbalhorizons.co\/it\/wp-json\/wp\/v2\/media\/2552"}],"wp:attachment":[{"href":"https:\/\/herbalhorizons.co\/it\/wp-json\/wp\/v2\/media?parent=2919"}],"wp:term":[{"taxonomy":"product_brand","embeddable":true,"href":"https:\/\/herbalhorizons.co\/it\/wp-json\/wp\/v2\/product_brand?post=2919"},{"taxonomy":"product_cat","embeddable":true,"href":"https:\/\/herbalhorizons.co\/it\/wp-json\/wp\/v2\/product_cat?post=2919"},{"taxonomy":"product_tag","embeddable":true,"href":"https:\/\/herbalhorizons.co\/it\/wp-json\/wp\/v2\/product_tag?post=2919"}],"curies":[{"name":"wp","href":"https:\/\/api.w.org\/{rel}","templated":true}]}}