{"id":2781,"date":"2025-04-14T10:38:13","date_gmt":"2025-04-14T10:38:13","guid":{"rendered":"https:\/\/herbalhorizons.co\/product\/pajateros-psilocybe-tampanensis-gigante\/"},"modified":"2025-04-23T10:25:36","modified_gmt":"2025-04-23T10:25:36","slug":"pajateros-psilocybe-tampanensis-gigante","status":"publish","type":"product","link":"https:\/\/herbalhorizons.co\/it\/prodotto\/pajateros-psilocybe-tampanensis-gigante\/","title":{"rendered":"Pajateros \u2013 Psilocybe Tampanensis Gigante"},"content":{"rendered":"\n<div id=\"wd-67ebcd5c\" class=\"wp-block-wd-row\">\n<div id=\"wd-af8a8c9f\" class=\"wp-block-wd-column\">\n<h2 id=\"wd-3cbb8ed8\" class=\"wp-block-wd-title title\">Effetti:<\/h2>\n\n\n\n<ul class=\"wp-block-list\">\n<li>Energia euforica e connessione profonda<\/li>\n\n\n\n<li>Immersione nella natura, chiarezza emotiva<\/li>\n\n\n\n<li>Empatia e creativit\u00e0 potenziate<\/li>\n\n\n\n<li>Visioni forti, formicolio al corpo, attacchi di risate<\/li>\n\n\n\n<li>Inizio: 30\u201345 minuti<\/li>\n\n\n\n<li>Durata: 4-6 ore (pi\u00f9 un&#8217;afterglow persistente)<\/li>\n<\/ul>\n<\/div>\n\n\n\n<div id=\"wd-33e24f4e\" class=\"wp-block-wd-column\">\n<div id=\"wd-cf5fd1b7\" class=\"wp-block-wd-table\">\n<figure class=\"wp-block-table\"><table><thead><tr><th>Intensit\u00e0 del Trip<\/th><th>Quantit\u00e0<\/th><\/tr><\/thead><tbody><tr><td>Chiaro<\/td><td>5g<\/td><\/tr><tr><td>Medio<\/td><td>7.5g<\/td><\/tr><tr><td>Bello forte<\/td><td>10g<\/td><\/tr><\/tbody><\/table><\/figure>\n<\/div>\n\n\n\n<p id=\"wd-23181eb4\" class=\"wp-block-wd-paragraph\">Dosi pi\u00f9 leggere offrono sollievo e stimolazione; dosi pi\u00f9 alte diventano completamente visive e introspettive.<\/p>\n<\/div>\n\n\n\n<div id=\"wd-c78be697\" class=\"wp-block-wd-column\">\n<h2 id=\"wd-491a5234\" class=\"wp-block-wd-title title\">Come usarlo:<\/h2>\n\n\n\n<ul class=\"wp-block-list\">\n<li>Meglio a <strong>stomaco vuoto<\/strong><\/li>\n\n\n\n<li>Mastica bene o prepara un t\u00e8 (senza zucchero)<\/li>\n\n\n\n<li>Scegli un <strong>ambiente sicuro e fidato<\/strong><\/li>\n\n\n\n<li>Un trip sitter \u00e8 fortemente consigliato per dosi ad alta potenza<\/li>\n<\/ul>\n\n\n\n<h2 id=\"wd-58fbe819\" class=\"wp-block-wd-title title\">Conservazione:<\/h2>\n\n\n\n<ul class=\"wp-block-list\">\n<li>Conserva in frigo (2-8\u00b0C)<\/li>\n\n\n\n<li>Le confezioni chiuse durano 1 mese; consumale fresche per la massima potenza<\/li>\n\n\n\n<li>Per conservare a lungo termine: <strong>asciuga completamente<\/strong>, poi sigilla in un luogo fresco e asciutto (dura fino a 6 mesi)<\/li>\n<\/ul>\n<\/div>\n<\/div>\n","protected":false},"excerpt":{"rendered":"<h4 class=\"\" data-start=\"397\" data-end=\"434\">\u26a1 Livello di Intensit\u00e0: Alto + Veloce<\/h4>\n<p class=\"\" data-start=\"492\" data-end=\"741\"><strong data-start=\"213\" data-end=\"261\">Il Trip del Grande Capo. Forma gigante. Energia gigante.  <\/strong><\/p>\n<p class=\"\" data-start=\"521\" data-end=\"736\"><strong data-start=\"521\" data-end=\"534\">Pajateros<\/strong> \u00e8 il campione peso massimo della famiglia <strong data-start=\"567\" data-end=\"592\">Psilocybe Tampanensis<\/strong> \u2014 pi\u00f9 grande, pi\u00f9 forte e pi\u00f9 profondo. Ideale per chi cerca rivelazioni filosofiche, intuizioni emotive e stimolazione visiva di alto livello. <\/p>\n<p class=\"\" data-start=\"738\" data-end=\"814\">Questo non \u00e8 un tartufo per principianti \u2014 \u00e8 carburante sacro per viaggi seri.<\/p>\n<p data-start=\"738\" data-end=\"814\"><strong data-start=\"1886\" data-end=\"1946\">Energia massiccia. Vera introspezione. Il trip delle leggende.  <\/strong><\/p>\n","protected":false},"featured_media":2366,"comment_status":"open","ping_status":"closed","template":"","meta":[],"product_brand":[],"product_cat":[135],"product_tag":[185,187,189],"class_list":{"0":"post-2781","1":"product","2":"type-product","3":"status-publish","4":"has-post-thumbnail","6":"product_cat-truffles-it","7":"product_tag-psilocibina","8":"product_tag-psilocybe-it","9":"product_tag-tartufi","11":"first","12":"outofstock","13":"shipping-taxable","14":"purchasable","15":"product-type-simple"},"_links":{"self":[{"href":"https:\/\/herbalhorizons.co\/it\/wp-json\/wp\/v2\/product\/2781","targetHints":{"allow":["GET"]}}],"collection":[{"href":"https:\/\/herbalhorizons.co\/it\/wp-json\/wp\/v2\/product"}],"about":[{"href":"https:\/\/herbalhorizons.co\/it\/wp-json\/wp\/v2\/types\/product"}],"replies":[{"embeddable":true,"href":"https:\/\/herbalhorizons.co\/it\/wp-json\/wp\/v2\/comments?post=2781"}],"wp:featuredmedia":[{"embeddable":true,"href":"https:\/\/herbalhorizons.co\/it\/wp-json\/wp\/v2\/media\/2366"}],"wp:attachment":[{"href":"https:\/\/herbalhorizons.co\/it\/wp-json\/wp\/v2\/media?parent=2781"}],"wp:term":[{"taxonomy":"product_brand","embeddable":true,"href":"https:\/\/herbalhorizons.co\/it\/wp-json\/wp\/v2\/product_brand?post=2781"},{"taxonomy":"product_cat","embeddable":true,"href":"https:\/\/herbalhorizons.co\/it\/wp-json\/wp\/v2\/product_cat?post=2781"},{"taxonomy":"product_tag","embeddable":true,"href":"https:\/\/herbalhorizons.co\/it\/wp-json\/wp\/v2\/product_tag?post=2781"}],"curies":[{"name":"wp","href":"https:\/\/api.w.org\/{rel}","templated":true}]}}