{"id":2720,"date":"2025-04-14T11:04:11","date_gmt":"2025-04-14T11:04:11","guid":{"rendered":"https:\/\/herbalhorizons.co\/product\/utopia-psilocybe-utopia\/"},"modified":"2025-04-23T10:24:20","modified_gmt":"2025-04-23T10:24:20","slug":"utopia-psilocybe-utopia","status":"publish","type":"product","link":"https:\/\/herbalhorizons.co\/it\/prodotto\/utopia-psilocybe-utopia\/","title":{"rendered":"Utopia \u2013 Psilocybe Utopia"},"content":{"rendered":"\n<div id=\"wd-67ebcd5c\" class=\"wp-block-wd-row\">\n<div id=\"wd-af8a8c9f\" class=\"wp-block-wd-column\">\n<h2 id=\"wd-3cbb8ed8\" class=\"wp-block-wd-title title\">Effetti:<\/h2>\n\n\n\n<ul class=\"wp-block-list\">\n<li>Visioni esplosive, scie di colori radianti<\/li>\n\n\n\n<li>Immersione euforica e picco di empatia<\/li>\n\n\n\n<li>Beatitudine corporea e profonda gioia sensoriale<\/li>\n\n\n\n<li>Intuizione spirituale e connessione universale<\/li>\n\n\n\n<li>Inizio: 30\u201345 minuti<\/li>\n\n\n\n<li>Durata: 4\u20136 ore<\/li>\n<\/ul>\n<\/div>\n\n\n\n<div id=\"wd-33e24f4e\" class=\"wp-block-wd-column\">\n<div id=\"wd-cf5fd1b7\" class=\"wp-block-wd-table\">\n<figure class=\"wp-block-table\"><table><thead><tr><th>Intensit\u00e0 del Trip<\/th><th>Quantit\u00e0<\/th><\/tr><\/thead><tbody><tr><td>Chiaro<\/td><td>5\u20138g<\/td><\/tr><tr><td>Medio<\/td><td>8\u201310g<\/td><\/tr><tr><td>Bello forte<\/td><td>12\u201315g<\/td><\/tr><\/tbody><\/table><\/figure>\n<\/div>\n\n\n\n<p id=\"wd-23181eb4\" class=\"wp-block-wd-paragraph\">Questa confezione offre pi\u00f9 sessioni o un&#8217;esperienza collettiva completa.<\/p>\n<\/div>\n\n\n\n<div id=\"wd-c78be697\" class=\"wp-block-wd-column\">\n<h2 id=\"wd-491a5234\" class=\"wp-block-wd-title title\">Come usarlo:<\/h2>\n\n\n\n<ul class=\"wp-block-list\">\n<li>Assumi <strong>crudi<\/strong> a stomaco vuoto<\/li>\n\n\n\n<li>Mastica lentamente o prepara come t\u00e8 senza zucchero<\/li>\n\n\n\n<li>Scegli un ambiente rilassato, divertente e sicuro<\/li>\n\n\n\n<li>Un <strong>trip sitter<\/strong> \u00e8 opzionale ma utile per dosi forti<\/li>\n<\/ul>\n\n\n\n<h2 id=\"wd-58fbe819\" class=\"wp-block-wd-title title\">Conservazione:<\/h2>\n\n\n\n<ul class=\"wp-block-list\">\n<li>Tartufi freschi: Frigo (2\u20138\u00b0C) per 2\u20133 settimane<\/li>\n\n\n\n<li>Asciuga completamente per una conservazione a lungo termine (fino a 6 mesi in un contenitore sigillato e fresco)<\/li>\n<\/ul>\n<\/div>\n<\/div>\n","protected":false},"excerpt":{"rendered":"<h4 class=\"\" data-start=\"397\" data-end=\"434\">\u26a1 Livello di Intensit\u00e0: Molto Alto + Spiritualmente Espansivo<\/h4>\n<p><strong data-start=\"229\" data-end=\"302\">Visioni ad alta intensit\u00e0. Profonda elevazione spirituale. Spazio mentale illimitato.  <\/strong><\/p>\n<p class=\"\" data-start=\"481\" data-end=\"696\">La <strong data-start=\"481\" data-end=\"501\">Psilocybe Utopia<\/strong> non \u00e8 solo un nome \u2014 \u00e8 uno stato di coscienza. Uno dei ceppi di tartufi psilocibinici pi\u00f9 potenti disponibili, questo \u00e8 per chi \u00e8 pronto a dissolversi in pura connessione, colore e meraviglia cosmica. <\/p>\n<p class=\"\" data-start=\"698\" data-end=\"724\">Non un trip. Un reset totale. <\/p>\n","protected":false},"featured_media":2390,"comment_status":"open","ping_status":"closed","template":"","meta":[],"product_brand":[],"product_cat":[135],"product_tag":[185,187,189],"class_list":{"0":"post-2720","1":"product","2":"type-product","3":"status-publish","4":"has-post-thumbnail","6":"product_cat-truffles-it","7":"product_tag-psilocibina","8":"product_tag-psilocybe-it","9":"product_tag-tartufi","11":"first","12":"outofstock","13":"shipping-taxable","14":"purchasable","15":"product-type-simple"},"_links":{"self":[{"href":"https:\/\/herbalhorizons.co\/it\/wp-json\/wp\/v2\/product\/2720","targetHints":{"allow":["GET"]}}],"collection":[{"href":"https:\/\/herbalhorizons.co\/it\/wp-json\/wp\/v2\/product"}],"about":[{"href":"https:\/\/herbalhorizons.co\/it\/wp-json\/wp\/v2\/types\/product"}],"replies":[{"embeddable":true,"href":"https:\/\/herbalhorizons.co\/it\/wp-json\/wp\/v2\/comments?post=2720"}],"wp:featuredmedia":[{"embeddable":true,"href":"https:\/\/herbalhorizons.co\/it\/wp-json\/wp\/v2\/media\/2390"}],"wp:attachment":[{"href":"https:\/\/herbalhorizons.co\/it\/wp-json\/wp\/v2\/media?parent=2720"}],"wp:term":[{"taxonomy":"product_brand","embeddable":true,"href":"https:\/\/herbalhorizons.co\/it\/wp-json\/wp\/v2\/product_brand?post=2720"},{"taxonomy":"product_cat","embeddable":true,"href":"https:\/\/herbalhorizons.co\/it\/wp-json\/wp\/v2\/product_cat?post=2720"},{"taxonomy":"product_tag","embeddable":true,"href":"https:\/\/herbalhorizons.co\/it\/wp-json\/wp\/v2\/product_tag?post=2720"}],"curies":[{"name":"wp","href":"https:\/\/api.w.org\/{rel}","templated":true}]}}