{"id":2717,"date":"2025-04-14T11:06:58","date_gmt":"2025-04-14T11:06:58","guid":{"rendered":"https:\/\/herbalhorizons.co\/product\/vanir-tartufi-magici-psilocybe\/"},"modified":"2025-08-05T06:43:31","modified_gmt":"2025-08-05T06:43:31","slug":"vanir-tartufi-magici-psilocybe","status":"publish","type":"product","link":"https:\/\/herbalhorizons.co\/it\/prodotto\/vanir-tartufi-magici-psilocybe\/","title":{"rendered":"Vanir \u2013 Tartufi Magici Psilocybe"},"content":{"rendered":"\n<div id=\"wd-67ebcd5c\" class=\"wp-block-wd-row\">\n<div id=\"wd-af8a8c9f\" class=\"wp-block-wd-column\">\n<h2 id=\"wd-3cbb8ed8\" class=\"wp-block-wd-title title\">Effetti:<\/h2>\n\n\n\n<ul class=\"wp-block-list\">\n<li> Visioni che distorcono la realt\u00e0 e viaggi a occhi chiusi<\/li>\n\n\n\n<li>Sensazioni profonde di connessione e verit\u00e0 interiore<\/li>\n\n\n\n<li>Onde di euforia, vibrazione in tutto il corpo<\/li>\n\n\n\n<li>Attacchi di risate, lunghi silenzi riflessivi<\/li>\n\n\n\n<li>Insorgenza: 30\u201360 minuti<\/li>\n\n\n\n<li>Durata: 4\u20138 ore (con echi persistenti)<\/li>\n<\/ul>\n<\/div>\n\n\n\n<div id=\"wd-33e24f4e\" class=\"wp-block-wd-column\">\n<div id=\"wd-cf5fd1b7\" class=\"wp-block-wd-table\">\n<figure class=\"wp-block-table\"><table><thead><tr><th>Intensit\u00e0 del Trip<\/th><th>Quantit\u00e0<\/th><\/tr><\/thead><tbody><tr><td>Chiaro<\/td><td>5\u20138g<\/td><\/tr><tr><td>Medio<\/td><td>8\u201312g<\/td><\/tr><tr><td>Bello forte<\/td><td>12\u201315g<\/td><\/tr><\/tbody><\/table><\/figure>\n<\/div>\n\n\n\n<p id=\"wd-23181eb4\" class=\"wp-block-wd-paragraph\"><strong>Non per principianti.<\/strong> Questa variet\u00e0 \u00e8 progettata per un impegno totale.<\/p>\n<\/div>\n\n\n\n<div id=\"wd-c78be697\" class=\"wp-block-wd-column\">\n<h2 id=\"wd-491a5234\" class=\"wp-block-wd-title title\">Come usarlo:<\/h2>\n\n\n\n<ul class=\"wp-block-list\">\n<li>Assumi <strong>crudi<\/strong> a stomaco vuoto<\/li>\n\n\n\n<li>Mastica lentamente o prepara come t\u00e8 senza zucchero<\/li>\n\n\n\n<li>Scegli un ambiente rilassato, divertente e sicuro<\/li>\n\n\n\n<li>Un <strong>trip sitter<\/strong> \u00e8 opzionale ma utile per dosi forti<\/li>\n<\/ul>\n\n\n\n<h2 id=\"wd-58fbe819\" class=\"wp-block-wd-title title\">Conservazione:<\/h2>\n\n\n\n<ul class=\"wp-block-list\">\n<li>Tartufi freschi: Frigo (2\u20138\u00b0C) per 2\u20133 settimane<\/li>\n\n\n\n<li>Asciuga completamente per una conservazione a lungo termine (fino a 6 mesi in un contenitore sigillato e fresco)<\/li>\n<\/ul>\n<\/div>\n<\/div>\n","protected":false},"excerpt":{"rendered":"<h4 class=\"\" data-start=\"397\" data-end=\"434\">\u26a1 Livello di Intensit\u00e0: Estremo + Spettro Completo<\/h4>\n<p><strong data-start=\"237\" data-end=\"296\">Visioni da paura. Introspezione profonda. Forza cosmica.  <\/strong><\/p>\n<p class=\"\" data-start=\"462\" data-end=\"746\"><strong data-start=\"462\" data-end=\"471\">Vanir<\/strong> \u00e8 tra i <strong data-start=\"485\" data-end=\"526\">tartufi magici pi\u00f9 potenti al mondo<\/strong>, coltivati solo per i cercatori seri. Massicci nella forma e nell&#8217;energia, questa variet\u00e0 induce visioni travolgenti, dissoluzione dell&#8217;ego e gravit\u00e0 spirituale. Una dose ti ricorder\u00e0 che non stai solo facendo un trip, stai assistendo a qualcosa di straordinario.  <\/p>\n<p data-start=\"462\" data-end=\"746\"><strong data-start=\"1843\" data-end=\"1935\">Per i coraggiosi. Per quelli che si sono aperti. Per quelli pronti a dissolversi e tornare diversi.  <\/strong><\/p>\n","protected":false},"featured_media":2396,"comment_status":"open","ping_status":"closed","template":"","meta":[],"product_brand":[],"product_cat":[135],"product_tag":[185,187,189],"class_list":{"0":"post-2717","1":"product","2":"type-product","3":"status-publish","4":"has-post-thumbnail","6":"product_cat-truffles-it","7":"product_tag-psilocibina","8":"product_tag-psilocybe-it","9":"product_tag-tartufi","11":"first","12":"outofstock","13":"shipping-taxable","14":"purchasable","15":"product-type-simple"},"_links":{"self":[{"href":"https:\/\/herbalhorizons.co\/it\/wp-json\/wp\/v2\/product\/2717","targetHints":{"allow":["GET"]}}],"collection":[{"href":"https:\/\/herbalhorizons.co\/it\/wp-json\/wp\/v2\/product"}],"about":[{"href":"https:\/\/herbalhorizons.co\/it\/wp-json\/wp\/v2\/types\/product"}],"replies":[{"embeddable":true,"href":"https:\/\/herbalhorizons.co\/it\/wp-json\/wp\/v2\/comments?post=2717"}],"wp:featuredmedia":[{"embeddable":true,"href":"https:\/\/herbalhorizons.co\/it\/wp-json\/wp\/v2\/media\/2396"}],"wp:attachment":[{"href":"https:\/\/herbalhorizons.co\/it\/wp-json\/wp\/v2\/media?parent=2717"}],"wp:term":[{"taxonomy":"product_brand","embeddable":true,"href":"https:\/\/herbalhorizons.co\/it\/wp-json\/wp\/v2\/product_brand?post=2717"},{"taxonomy":"product_cat","embeddable":true,"href":"https:\/\/herbalhorizons.co\/it\/wp-json\/wp\/v2\/product_cat?post=2717"},{"taxonomy":"product_tag","embeddable":true,"href":"https:\/\/herbalhorizons.co\/it\/wp-json\/wp\/v2\/product_tag?post=2717"}],"curies":[{"name":"wp","href":"https:\/\/api.w.org\/{rel}","templated":true}]}}