{"id":2935,"date":"2024-07-22T14:03:39","date_gmt":"2024-07-22T14:03:39","guid":{"rendered":"https:\/\/herbalhorizons.co\/product\/golden-teacher-kit-de-culture-de-champignons-magiques\/"},"modified":"2025-04-23T11:46:41","modified_gmt":"2025-04-23T11:46:41","slug":"golden-teacher-kit-de-culture-de-champignons-magiques","status":"publish","type":"product","link":"https:\/\/herbalhorizons.co\/fr\/produit\/golden-teacher-kit-de-culture-de-champignons-magiques\/","title":{"rendered":"Golden Teacher &#8211; Kit de culture de champignons magiques"},"content":{"rendered":"\n<div id=\"wd-67ebcd5c\" class=\"wp-block-wd-row\">\n<div id=\"wd-af8a8c9f\" class=\"wp-block-wd-column\">\n<h2 id=\"wd-3cbb8ed8\" class=\"wp-block-wd-title title\">Pourquoi un Golden Teacher ?<\/h2>\n\n\n\n<ul class=\"wp-block-list\">\n<li><strong>Puissance : <\/strong>Permet de vivre des exp\u00e9riences profondes et philosophiques avec un \u00e9clat visuel et une clart\u00e9 \u00e9motionnelle.<\/li>\n\n\n\n<li><strong>Rendement :<\/strong> On peut s&rsquo;attendre \u00e0 <strong>400-500 g<\/strong> de champignons frais si l&rsquo;on prend soin de la plante et si l&rsquo;on proc\u00e8de \u00e0 plusieurs pouss\u00e9es.<\/li>\n\n\n\n<li><strong>Facilit\u00e9 : <\/strong>culture simple et propre. Pas de spores, pas de d\u00e9sordre &#8211; il suffit de cultiver et de partir. <\/li>\n<\/ul>\n<\/div>\n\n\n\n<div id=\"wd-33e24f4e\" class=\"wp-block-wd-column\">\n<div id=\"wd-cf5fd1b7\" class=\"wp-block-wd-table\">\n<figure class=\"wp-block-table\"><table><thead><tr><th>Caract\u00e9ristiques techniques<\/th><\/tr><\/thead><tbody><tr><td><strong>Graine : <\/strong>Golden Teacher (Psilocybe Cubensis)<\/td><\/tr><tr><td><strong>Schwierigkeitsgrad:<\/strong> Leicht<\/td><\/tr><tr><td><strong>Temps de colonisation : <\/strong>12-14 jours (28-30\u00b0C)<\/td><\/tr><tr><td><strong>P\u00e9riode de fructification : <\/strong>14-21 jours (23-26\u00b0C)<\/td><\/tr><tr><td><strong>Stockage :<\/strong> Peut \u00eatre r\u00e9frig\u00e9r\u00e9 (max 1 mois avant utilisation)<\/td><\/tr><\/tbody><\/table><\/figure>\n<\/div>\n<\/div>\n\n\n\n<div id=\"wd-c78be697\" class=\"wp-block-wd-column\">\n<h2 id=\"wd-491a5234\" class=\"wp-block-wd-title title\">Ce que vous obtenez<\/h2>\n\n\n\n<ul class=\"wp-block-list\">\n<li>Bo\u00eete de culture de 1200cc remplie de 100% de myc\u00e9lium actif<\/li>\n\n\n\n<li>Sac de culture filtr\u00e9 pour cr\u00e9er un microclimat id\u00e9al<\/li>\n\n\n\n<li>Trombone(s) pour une fermeture s\u00fbre<\/li>\n\n\n\n<li>Instructions compl\u00e8tes pour un \u00e9pinglage, une fructification et une r\u00e9colte r\u00e9ussis.<\/li>\n<\/ul>\n<\/div>\n<\/div>\n","protected":false},"excerpt":{"rendered":"<p class=\"\" data-start=\"674\" data-end=\"848\">Cultivez le l\u00e9gendaire <strong data-start=\"693\" data-end=\"730\">Psilocybe Cubensis Golden Teacher<\/strong> &#8211; un favori pour ses capuchons dor\u00e9s, sa puissance moyenne \u00e0 \u00e9lev\u00e9e et sa capacit\u00e9 \u00e0 d\u00e9bloquer des voyages introspectifs et significatifs.<\/p>\n<p class=\"\" data-start=\"850\" data-end=\"932\">Pr\u00e9-inocul\u00e9, facile \u00e0 utiliser et con\u00e7u pour les d\u00e9butants comme pour les cultivateurs chevronn\u00e9s.<\/p>\n","protected":false},"featured_media":2298,"comment_status":"open","ping_status":"closed","template":"","meta":[],"product_brand":[],"product_cat":[156],"product_tag":[228,229,184],"class_list":{"0":"post-2935","1":"product","2":"type-product","3":"status-publish","4":"has-post-thumbnail","6":"product_cat-mushroom-kits-fr","7":"product_tag-kits-de-champignons","8":"product_tag-kits-de-culture","9":"product_tag-psilocybine-fr","11":"first","12":"outofstock","13":"shipping-taxable","14":"purchasable","15":"product-type-simple"},"_links":{"self":[{"href":"https:\/\/herbalhorizons.co\/fr\/wp-json\/wp\/v2\/product\/2935","targetHints":{"allow":["GET"]}}],"collection":[{"href":"https:\/\/herbalhorizons.co\/fr\/wp-json\/wp\/v2\/product"}],"about":[{"href":"https:\/\/herbalhorizons.co\/fr\/wp-json\/wp\/v2\/types\/product"}],"replies":[{"embeddable":true,"href":"https:\/\/herbalhorizons.co\/fr\/wp-json\/wp\/v2\/comments?post=2935"}],"wp:featuredmedia":[{"embeddable":true,"href":"https:\/\/herbalhorizons.co\/fr\/wp-json\/wp\/v2\/media\/2298"}],"wp:attachment":[{"href":"https:\/\/herbalhorizons.co\/fr\/wp-json\/wp\/v2\/media?parent=2935"}],"wp:term":[{"taxonomy":"product_brand","embeddable":true,"href":"https:\/\/herbalhorizons.co\/fr\/wp-json\/wp\/v2\/product_brand?post=2935"},{"taxonomy":"product_cat","embeddable":true,"href":"https:\/\/herbalhorizons.co\/fr\/wp-json\/wp\/v2\/product_cat?post=2935"},{"taxonomy":"product_tag","embeddable":true,"href":"https:\/\/herbalhorizons.co\/fr\/wp-json\/wp\/v2\/product_tag?post=2935"}],"curies":[{"name":"wp","href":"https:\/\/api.w.org\/{rel}","templated":true}]}}