{"id":2924,"date":"2025-04-13T09:54:23","date_gmt":"2025-04-13T09:54:23","guid":{"rendered":"https:\/\/herbalhorizons.co\/product\/mckennaii-kit-de-culture-de-champignons-magiques\/"},"modified":"2025-04-23T11:15:30","modified_gmt":"2025-04-23T11:15:30","slug":"mckennaii-kit-de-culture-de-champignons-magiques","status":"publish","type":"product","link":"https:\/\/herbalhorizons.co\/fr\/produit\/mckennaii-kit-de-culture-de-champignons-magiques\/","title":{"rendered":"McKennaii &#8211; Kit de culture de champignons magiques"},"content":{"rendered":"\n<div id=\"wd-67ebcd5c\" class=\"wp-block-wd-row\">\n<div id=\"wd-af8a8c9f\" class=\"wp-block-wd-column\">\n<h2 id=\"wd-3cbb8ed8\" class=\"wp-block-wd-title title\">Pourquoi McKennaii ?<\/h2>\n\n\n\n<ul class=\"wp-block-list\">\n<li><strong>Effets :<\/strong> Hallucinations vives, distorsion du temps, t\u00e9l\u00e9chargements cosmiques<\/li>\n\n\n\n<li><strong>Puissance :<\/strong> \u00c9lev\u00e9e &#8211; pour les voyageurs exp\u00e9riment\u00e9s ou les courageux initi\u00e9s<\/li>\n\n\n\n<li><strong>R\u00e9colte : <\/strong>400-500g avec des soins appropri\u00e9s et des pouss\u00e9es multiples<\/li>\n\n\n\n<li><strong>Vibe : <\/strong>Croissance rapide, forte fructification, impact intense<\/li>\n<\/ul>\n<\/div>\n\n\n\n<div id=\"wd-33e24f4e\" class=\"wp-block-wd-column\">\n<div id=\"wd-cf5fd1b7\" class=\"wp-block-wd-table\">\n<figure class=\"wp-block-table\"><table><thead><tr><th>Caract\u00e9ristiques techniques<\/th><\/tr><\/thead><tbody><tr><td><strong>Souche : <\/strong>Psilocybe McKennaii<\/td><\/tr><tr><td><strong>Difficult\u00e9 :<\/strong> Facile<\/td><\/tr><tr><td><strong>Puissance : <\/strong>\u00c9lev\u00e9e<\/td><\/tr><tr><td><strong>Temps de colonisation : <\/strong>12-14 jours (28-30\u00b0C)<\/td><\/tr><tr><td><strong>P\u00e9riode de fructification :<\/strong> 14-21 jours (18-27\u00b0C)<\/td><\/tr><tr><td><strong>Stockage :<\/strong> R\u00e9frig\u00e9rer jusqu&rsquo;\u00e0 1 mois avant utilisation.<\/td><\/tr><\/tbody><\/table><\/figure>\n<\/div>\n<\/div>\n\n\n\n<div id=\"wd-c78be697\" class=\"wp-block-wd-column\">\n<h2 id=\"wd-491a5234\" class=\"wp-block-wd-title title\">Ce que vous obtenez<\/h2>\n\n\n\n<ul class=\"wp-block-list\">\n<li>1200cc growbox (100% myc\u00e9lium actif)<\/li>\n\n\n\n<li>Sac de culture filtr\u00e9 pour cr\u00e9er un microclimat ad\u00e9quat<\/li>\n\n\n\n<li>Trombones pour une fermeture simple<\/li>\n\n\n\n<li>Instructions compl\u00e8tes pour la culture, du d\u00e9but \u00e0 la fin<\/li>\n<\/ul>\n<\/div>\n<\/div>\n","protected":false},"excerpt":{"rendered":"<p class=\"\" data-start=\"271\" data-end=\"305\"><strong data-start=\"273\" data-end=\"338\">Des images intenses. Introspection radicale. Nomm\u00e9 d&rsquo;apr\u00e8s une l\u00e9gende.  <\/strong><\/p>\n<p class=\"\" data-start=\"627\" data-end=\"883\">Cette vari\u00e9t\u00e9 est un hommage \u00e0 <strong data-start=\"655\" data-end=\"674\">Terence McKenna<\/strong> &#8211; psychonaute, philosophe et parrain de la pens\u00e9e psych\u00e9d\u00e9lique profonde. Attendez-vous \u00e0 l&rsquo;inattendu : des images intenses, une distorsion de l&rsquo;ego, et des id\u00e9es pointues et en spirale. C&rsquo;est une vari\u00e9t\u00e9 pour les audacieux, pas pour les curieux.  <\/p>\n<p data-start=\"627\" data-end=\"883\"><strong data-start=\"1735\" data-end=\"1780\">Pas pour les faibles. C&rsquo;est le vrai voyage. <\/strong><br data-start=\"1780\" data-end=\"1783\">Les champignons McKennaii sont destin\u00e9s \u00e0 ceux qui veulent plus que des images &#8211; ils sont destin\u00e9s \u00e0 ceux qui recherchent la v\u00e9rit\u00e9 brute.<\/p>\n","protected":false},"featured_media":2310,"comment_status":"open","ping_status":"closed","template":"","meta":[],"product_brand":[],"product_cat":[156],"product_tag":[228,229,184],"class_list":{"0":"post-2924","1":"product","2":"type-product","3":"status-publish","4":"has-post-thumbnail","6":"product_cat-mushroom-kits-fr","7":"product_tag-kits-de-champignons","8":"product_tag-kits-de-culture","9":"product_tag-psilocybine-fr","11":"first","12":"outofstock","13":"shipping-taxable","14":"purchasable","15":"product-type-simple"},"_links":{"self":[{"href":"https:\/\/herbalhorizons.co\/fr\/wp-json\/wp\/v2\/product\/2924","targetHints":{"allow":["GET"]}}],"collection":[{"href":"https:\/\/herbalhorizons.co\/fr\/wp-json\/wp\/v2\/product"}],"about":[{"href":"https:\/\/herbalhorizons.co\/fr\/wp-json\/wp\/v2\/types\/product"}],"replies":[{"embeddable":true,"href":"https:\/\/herbalhorizons.co\/fr\/wp-json\/wp\/v2\/comments?post=2924"}],"wp:featuredmedia":[{"embeddable":true,"href":"https:\/\/herbalhorizons.co\/fr\/wp-json\/wp\/v2\/media\/2310"}],"wp:attachment":[{"href":"https:\/\/herbalhorizons.co\/fr\/wp-json\/wp\/v2\/media?parent=2924"}],"wp:term":[{"taxonomy":"product_brand","embeddable":true,"href":"https:\/\/herbalhorizons.co\/fr\/wp-json\/wp\/v2\/product_brand?post=2924"},{"taxonomy":"product_cat","embeddable":true,"href":"https:\/\/herbalhorizons.co\/fr\/wp-json\/wp\/v2\/product_cat?post=2924"},{"taxonomy":"product_tag","embeddable":true,"href":"https:\/\/herbalhorizons.co\/fr\/wp-json\/wp\/v2\/product_tag?post=2924"}],"curies":[{"name":"wp","href":"https:\/\/api.w.org\/{rel}","templated":true}]}}