{"id":2899,"date":"2025-04-14T15:53:02","date_gmt":"2025-04-14T15:53:02","guid":{"rendered":"https:\/\/herbalhorizons.co\/product\/purple-sunset-graines-de-cannabis-a-floraison-automatique\/"},"modified":"2025-04-23T10:28:52","modified_gmt":"2025-04-23T10:28:52","slug":"purple-sunset-graines-de-cannabis-a-floraison-automatique","status":"publish","type":"product","link":"https:\/\/herbalhorizons.co\/fr\/produit\/purple-sunset-graines-de-cannabis-a-floraison-automatique\/","title":{"rendered":"Purple Sunset \u2013 Graines de Cannabis \u00e0 Floraison Automatique"},"content":{"rendered":"\n<div id=\"wd-67ebcd5c\" class=\"wp-block-wd-row\">\n<div id=\"wd-af8a8c9f\" class=\"wp-block-wd-column\">\n<h2 id=\"wd-3cbb8ed8\" class=\"wp-block-wd-title title\">Effets :<\/h2>\n\n\n\n<ul class=\"wp-block-list\">\n<li>\u00c9l\u00e9vation euphorique avec une redescente en douceur<\/li>\n\n\n\n<li>Stimulation mentale \u00e9quilibr\u00e9e + relaxation corporelle<\/li>\n\n\n\n<li>Excellent pour l&rsquo;am\u00e9lioration de l&rsquo;humeur et le soulagement du stress<\/li>\n\n\n\n<li>Effet durable sans \u00eatre accablant<\/li>\n<\/ul>\n\n\n\n<h2 id=\"wd-58fbe819\" class=\"wp-block-wd-title title\">Saveur et Ar\u00f4me :<\/h2>\n\n\n\n<ul class=\"wp-block-list\">\n<li>Base cr\u00e9meuse de biscuit avec des couches de fruits tropicaux<\/li>\n\n\n\n<li>Notes de baies, d&rsquo;agrumes et de vanille<\/li>\n\n\n\n<li>Inhalation douce, expiration sucr\u00e9e \u2014 un dessert \u00e0 chaque bouff\u00e9e<\/li>\n<\/ul>\n<\/div>\n\n\n\n<div id=\"wd-33e24f4e\" class=\"wp-block-wd-column\">\n<div id=\"wd-cf5fd1b7\" class=\"wp-block-wd-table\">\n<figure class=\"wp-block-table\"><table><thead><tr><th>Ce que vous obtenez :<\/th><\/tr><\/thead><tbody><tr><td><strong>G\u00e9n\u00e9tique :<\/strong> Purple Punch x Sunset Sherbet<\/td><\/tr><tr><td><strong>Type de graine :<\/strong> \u00c0 floraison automatique<\/td><\/tr><tr><td><strong>Ratio Sativa\/Indica :<\/strong> 50% Sativa \/ 50% Indica<\/td><\/tr><tr><td><strong>Rendement en int\u00e9rieur :<\/strong> 550\u2013650g\/m\u00b2<\/td><\/tr><tr><td><strong>Rendement en ext\u00e9rieur :<\/strong> 100\u2013200g par plante<\/td><\/tr><tr><td><strong>Temps de floraison :<\/strong> 11 semaines \u00e0 partir de la graine<\/td><\/tr><tr><td><strong>Hauteur en int\u00e9rieur :<\/strong> 80\u2013110cm \/ <strong>Hauteur en ext\u00e9rieur :<\/strong> 80\u2013110cm<\/td><\/tr><tr><td><strong>THC :<\/strong> 27\u201330% \/ <strong>CBD :<\/strong> Moyen<\/td><\/tr><tr><td><strong>R\u00e9sistance aux moisissures :<\/strong> Moyenne<\/td><\/tr><\/tbody><\/table><\/figure>\n<\/div>\n<\/div>\n\n\n\n<div id=\"wd-c78be697\" class=\"wp-block-wd-column\">\n<h2 id=\"wd-5b579f2e\" class=\"wp-block-wd-title title\">Pourquoi choisir Purple Sunset Auto ?<\/h2>\n\n\n\n<ul class=\"wp-block-list\">\n<li>Profil gustatif audacieux, rappelant un dessert<\/li>\n\n\n\n<li>Effets puissants mais \u00e9quilibr\u00e9s<\/li>\n\n\n\n<li>Bourgeons hautement esth\u00e9tiques aux teintes violettes profondes<\/li>\n\n\n\n<li>Facile \u00e0 cultiver avec un rendement satisfaisant<\/li>\n<\/ul>\n\n\n\n<h2 id=\"wd-f4daca0b\" class=\"wp-block-wd-title title\">Conseils de culture :<\/h2>\n\n\n\n<ul class=\"wp-block-list\">\n<li>R\u00e9agit bien \u00e0 un LST l\u00e9ger en d\u00e9but de croissance<\/li>\n\n\n\n<li>Attendez-vous \u00e0 des teintes violettes en fin de floraison sous des temp\u00e9ratures fra\u00eeches<\/li>\n\n\n\n<li>Assurez une circulation d&rsquo;air solide pour pr\u00e9venir la moisissure<\/li>\n\n\n\n<li>Utilisez des nutriments riches en terp\u00e8nes pour am\u00e9liorer la saveur<\/li>\n\n\n\n<li>Laissez passer les 11 semaines compl\u00e8tes pour maximiser le THC et la saveur<\/li>\n<\/ul>\n\n\n\n<h2 id=\"wd-37c5c520\" class=\"wp-block-wd-title title\">Id\u00e9al Pour :<\/h2>\n\n\n\n<ul class=\"wp-block-list\">\n<li>Amateurs de saveurs et chasseurs de terp\u00e8nes<\/li>\n\n\n\n<li>Utilisation \u00e9quilibr\u00e9e de jour ou de soir<\/li>\n\n\n\n<li>Cultivateurs \u00e0 la recherche de vari\u00e9t\u00e9s uniques en couleur + ar\u00f4me<\/li>\n\n\n\n<li>Amateurs de bourgeons givr\u00e9s dignes d&rsquo;Instagram<\/li>\n<\/ul>\n<\/div>\n<\/div>\n","protected":false},"excerpt":{"rendered":"<h4 class=\"\" data-start=\"397\" data-end=\"434\"><strong data-start=\"222\" data-end=\"273\">\ud83d\udd25 Vibrations tropicales. Effets euphorisants de cr\u00e8me de biscuit. <br data-start=\"258\" data-end=\"261\"><\/strong><\/h4>\n<p>27\u201330% THC | Purple Punch x Sunset Sherbet | Saveur audacieuse, effet \u00e9quilibr\u00e9.<\/p>\n<p class=\"\" data-start=\"460\" data-end=\"718\">La vari\u00e9t\u00e9 <strong data-start=\"460\" data-end=\"482\">Purple Sunset Auto<\/strong> allie le punch enrob\u00e9 de sucre du <strong data-start=\"516\" data-end=\"532\">Purple Punch<\/strong> au funk cr\u00e9meux et citronn\u00e9 du <strong data-start=\"564\" data-end=\"582\">Sunset Sherbet<\/strong>. Cet hybride parfaitement \u00e9quilibr\u00e9 50\/50 offre une saveur luxuriante, des effets puissants et un attrait visuel stup\u00e9fiant dans un format autofloraison facile \u00e0 cultiver. <\/p>\n","protected":false},"featured_media":2544,"comment_status":"open","ping_status":"closed","template":"","meta":[],"product_brand":[],"product_cat":[115,125],"product_tag":[181,179,180],"class_list":{"0":"post-2899","1":"product","2":"type-product","3":"status-publish","4":"has-post-thumbnail","6":"product_cat-cannabis-seeds-fr","7":"product_cat-autoflowering-seeds-fr-2","8":"product_tag-autoflower-fr","9":"product_tag-cannabis-fr","10":"product_tag-graines","12":"first","13":"outofstock","14":"shipping-taxable","15":"purchasable","16":"product-type-simple"},"_links":{"self":[{"href":"https:\/\/herbalhorizons.co\/fr\/wp-json\/wp\/v2\/product\/2899","targetHints":{"allow":["GET"]}}],"collection":[{"href":"https:\/\/herbalhorizons.co\/fr\/wp-json\/wp\/v2\/product"}],"about":[{"href":"https:\/\/herbalhorizons.co\/fr\/wp-json\/wp\/v2\/types\/product"}],"replies":[{"embeddable":true,"href":"https:\/\/herbalhorizons.co\/fr\/wp-json\/wp\/v2\/comments?post=2899"}],"wp:featuredmedia":[{"embeddable":true,"href":"https:\/\/herbalhorizons.co\/fr\/wp-json\/wp\/v2\/media\/2544"}],"wp:attachment":[{"href":"https:\/\/herbalhorizons.co\/fr\/wp-json\/wp\/v2\/media?parent=2899"}],"wp:term":[{"taxonomy":"product_brand","embeddable":true,"href":"https:\/\/herbalhorizons.co\/fr\/wp-json\/wp\/v2\/product_brand?post=2899"},{"taxonomy":"product_cat","embeddable":true,"href":"https:\/\/herbalhorizons.co\/fr\/wp-json\/wp\/v2\/product_cat?post=2899"},{"taxonomy":"product_tag","embeddable":true,"href":"https:\/\/herbalhorizons.co\/fr\/wp-json\/wp\/v2\/product_tag?post=2899"}],"curies":[{"name":"wp","href":"https:\/\/api.w.org\/{rel}","templated":true}]}}