{"id":2896,"date":"2025-04-14T14:43:25","date_gmt":"2025-04-14T14:43:25","guid":{"rendered":"https:\/\/herbalhorizons.co\/product\/bruce-banner-graines-de-cannabis-feminisees\/"},"modified":"2025-04-23T10:28:39","modified_gmt":"2025-04-23T10:28:39","slug":"bruce-banner-graines-de-cannabis-feminisees","status":"publish","type":"product","link":"https:\/\/herbalhorizons.co\/fr\/produit\/bruce-banner-graines-de-cannabis-feminisees\/","title":{"rendered":"Bruce Banner \u2013 Graines de Cannabis F\u00e9minis\u00e9es"},"content":{"rendered":"\n<div id=\"wd-67ebcd5c\" class=\"wp-block-wd-row\">\n<div id=\"wd-af8a8c9f\" class=\"wp-block-wd-column\">\n<h2 id=\"wd-3cbb8ed8\" class=\"wp-block-wd-title title\">Effets :<\/h2>\n\n\n\n<ul class=\"wp-block-list\">\n<li>Stimulation c\u00e9r\u00e9brale instantan\u00e9e et \u00e9l\u00e9vation de l&rsquo;humeur<\/li>\n\n\n\n<li>Transition en douceur vers une relaxation corporelle apaisante<\/li>\n\n\n\n<li>Hautement cr\u00e9ative et socialement stimulante<\/li>\n\n\n\n<li>Double usage : Concentration diurne ou d\u00e9tente nocturne<\/li>\n<\/ul>\n\n\n\n<h2 id=\"wd-58fbe819\" class=\"wp-block-wd-title title\">Saveur et Ar\u00f4me :<\/h2>\n\n\n\n<ul class=\"wp-block-list\">\n<li>Base terreuse de kush avec une note piquante de diesel<\/li>\n\n\n\n<li>Tonalit\u00e9s de baies pour une finale rappelant un dessert<\/li>\n\n\n\n<li>Complexe, audacieuse et satisfaisante pour les connaisseurs<\/li>\n<\/ul>\n<\/div>\n\n\n\n<div id=\"wd-33e24f4e\" class=\"wp-block-wd-column\">\n<div id=\"wd-cf5fd1b7\" class=\"wp-block-wd-table\">\n<figure class=\"wp-block-table\"><table><thead><tr><th>Ce que vous obtenez :<\/th><\/tr><\/thead><tbody><tr><td><strong>G\u00e9n\u00e9tique :<\/strong> OG Kush x Strawberry Diesel<\/td><\/tr><tr><td><strong>Type de graine :<\/strong> F\u00e9minis\u00e9e<\/td><\/tr><tr><td><strong>Rendement Int\u00e9rieur :<\/strong> 750+ g\/m\u00b2<\/td><\/tr><tr><td><strong>Rendement en ext\u00e9rieur :<\/strong> Jusqu&rsquo;\u00e0 800g par plante<\/td><\/tr><tr><td><strong>Temps de floraison :<\/strong> 9 semaines (Int\u00e9rieur)<\/td><\/tr><tr><td><strong>Mois de r\u00e9colte :<\/strong> Octobre (Ext\u00e9rieur \u2013 2\u00e8me semaine)<\/td><\/tr><tr><td><strong>Hauteur :<\/strong> 110\u2013150cm en int\u00e9rieur \/ 150\u2013180cm en ext\u00e9rieur<\/td><\/tr><tr><td><strong>THC :<\/strong> 30%, <strong>CBD :<\/strong> Moyen<\/td><\/tr><tr><td><strong>R\u00e9sistance aux moisissures :<\/strong> \u00c9lev\u00e9e<\/td><\/tr><\/tbody><\/table><\/figure>\n<\/div>\n<\/div>\n\n\n\n<div id=\"wd-c78be697\" class=\"wp-block-wd-column\">\n<h2 id=\"wd-5b579f2e\" class=\"wp-block-wd-title title\">Pourquoi choisir Bruce Banner ?<\/h2>\n\n\n\n<ul class=\"wp-block-list\">\n<li>Puissance extr\u00eame (jusqu&rsquo;\u00e0 30% de THC)<\/li>\n\n\n\n<li>Rendements \u00e9lev\u00e9s  floraison rapide<\/li>\n\n\n\n<li>Effets \u00e9quilibr\u00e9s pour le jour ou la nuit<\/li>\n\n\n\n<li>Explosion de saveurs diesel et baies<\/li>\n\n\n\n<li>G\u00e9n\u00e9tique robuste r\u00e9sistante aux moisissures<\/li>\n<\/ul>\n\n\n\n<h2 id=\"wd-f4daca0b\" class=\"wp-block-wd-title title\">Conseils de culture :<\/h2>\n\n\n\n<ul class=\"wp-block-list\">\n<li>R\u00e9agit bien \u00e0 l&rsquo;\u00e9t\u00eatage et \u00e0 la taille l\u00e9g\u00e8re<\/li>\n\n\n\n<li>Peut s&rsquo;\u00e9tirer consid\u00e9rablement en int\u00e9rieur \u2014 g\u00e9rer l&rsquo;espace vertical<\/li>\n\n\n\n<li>R\u00e9sistante aux moisissures et adapt\u00e9e aux r\u00e9coltes ext\u00e9rieures plus fra\u00eeches<\/li>\n\n\n\n<li>Excellent choix pour les cultivateurs en qu\u00eate de r\u00e9coltes \u00e0 haut rendement riches en r\u00e9sine<\/li>\n<\/ul>\n\n\n\n<h2 id=\"wd-37c5c520\" class=\"wp-block-wd-title title\">Id\u00e9al Pour :<\/h2>\n\n\n\n<ul class=\"wp-block-list\">\n<li>Amateurs de THC \u00e9lev\u00e9 et fumeurs exp\u00e9riment\u00e9s<\/li>\n\n\n\n<li>Travail cr\u00e9atif, musique et r\u00e9flexion<\/li>\n\n\n\n<li>D\u00e9compression apr\u00e8s le travail avec des effets durables<\/li>\n\n\n\n<li>Cultivateurs recherchant des rendements fiables de qualit\u00e9 sup\u00e9rieure en int\u00e9rieur ou ext\u00e9rieur<\/li>\n\n\n\n<li>Fumeurs privil\u00e9giant la saveur qui appr\u00e9cient les m\u00e9langes de diesel et de baies<\/li>\n<\/ul>\n<\/div>\n<\/div>\n","protected":false},"excerpt":{"rendered":"<h4 class=\"\" data-start=\"397\" data-end=\"434\"><strong data-start=\"222\" data-end=\"273\">\ud83d\udd25 Force de Hulk. Morsure diesel. Douceur de baies.  <br data-start=\"258\" data-end=\"261\"><\/strong><\/h4>\n<p>Jusqu&rsquo;\u00e0 30% de THC | Rendements monstrueux | Souche \u00e9quilibr\u00e9e puissante<\/p>\n<p class=\"\" data-start=\"491\" data-end=\"854\"><strong data-start=\"491\" data-end=\"511\">Bruce Banner III<\/strong> est un hybride l\u00e9gendaire cr\u00e9\u00e9 par Delta9 Labs \u00e0 partir de <strong data-start=\"559\" data-end=\"590\">OG Kush x Strawberry Diesel<\/strong>. R\u00e9put\u00e9e pour ses taux de THC exorbitants (jusqu&rsquo;\u00e0 30%) et ses rendements massifs, cette vari\u00e9t\u00e9 \u00e0 dominance Indica 70\/30 frappe fort avec une \u00e9l\u00e9vation euphorique avant de glisser dans un calme profond et corporel. Que vous recherchiez l&rsquo;inspiration cr\u00e9ative ou la d\u00e9tente en fin de journ\u00e9e, Bruce Banner r\u00e9pond pr\u00e9sent.  <\/p>\n","protected":false},"featured_media":2496,"comment_status":"open","ping_status":"closed","template":"","meta":[],"product_brand":[],"product_cat":[115,128],"product_tag":[179,209,180],"class_list":{"0":"post-2896","1":"product","2":"type-product","3":"status-publish","4":"has-post-thumbnail","6":"product_cat-cannabis-seeds-fr","7":"product_cat-feminized-seeds-fr-2","8":"product_tag-cannabis-fr","9":"product_tag-feminisee","10":"product_tag-graines","12":"first","13":"outofstock","14":"shipping-taxable","15":"purchasable","16":"product-type-simple"},"_links":{"self":[{"href":"https:\/\/herbalhorizons.co\/fr\/wp-json\/wp\/v2\/product\/2896","targetHints":{"allow":["GET"]}}],"collection":[{"href":"https:\/\/herbalhorizons.co\/fr\/wp-json\/wp\/v2\/product"}],"about":[{"href":"https:\/\/herbalhorizons.co\/fr\/wp-json\/wp\/v2\/types\/product"}],"replies":[{"embeddable":true,"href":"https:\/\/herbalhorizons.co\/fr\/wp-json\/wp\/v2\/comments?post=2896"}],"wp:featuredmedia":[{"embeddable":true,"href":"https:\/\/herbalhorizons.co\/fr\/wp-json\/wp\/v2\/media\/2496"}],"wp:attachment":[{"href":"https:\/\/herbalhorizons.co\/fr\/wp-json\/wp\/v2\/media?parent=2896"}],"wp:term":[{"taxonomy":"product_brand","embeddable":true,"href":"https:\/\/herbalhorizons.co\/fr\/wp-json\/wp\/v2\/product_brand?post=2896"},{"taxonomy":"product_cat","embeddable":true,"href":"https:\/\/herbalhorizons.co\/fr\/wp-json\/wp\/v2\/product_cat?post=2896"},{"taxonomy":"product_tag","embeddable":true,"href":"https:\/\/herbalhorizons.co\/fr\/wp-json\/wp\/v2\/product_tag?post=2896"}],"curies":[{"name":"wp","href":"https:\/\/api.w.org\/{rel}","templated":true}]}}