{"id":2885,"date":"2025-04-14T14:30:14","date_gmt":"2025-04-14T14:30:14","guid":{"rendered":"https:\/\/herbalhorizons.co\/product\/pink-glitterbomb-graines-de-cannabis-feminisees\/"},"modified":"2025-04-23T10:28:06","modified_gmt":"2025-04-23T10:28:06","slug":"pink-glitterbomb-graines-de-cannabis-feminisees","status":"publish","type":"product","link":"https:\/\/herbalhorizons.co\/fr\/produit\/pink-glitterbomb-graines-de-cannabis-feminisees\/","title":{"rendered":"Pink Glitterbomb \u2013 Graines de Cannabis F\u00e9minis\u00e9es"},"content":{"rendered":"\n<div id=\"wd-67ebcd5c\" class=\"wp-block-wd-row\">\n<div id=\"wd-af8a8c9f\" class=\"wp-block-wd-column\">\n<h2 id=\"wd-3cbb8ed8\" class=\"wp-block-wd-title title\">Effets :<\/h2>\n\n\n\n<ul class=\"wp-block-list\">\n<li>\u00c9l\u00e9vation c\u00e9r\u00e9brale euphorique<\/li>\n\n\n\n<li>Calme relaxant dans tout le corps<\/li>\n\n\n\n<li>Apaise les sautes d&rsquo;humeur, le stress et l&rsquo;insomnie<\/li>\n\n\n\n<li>M\u00e9lange parfait de clart\u00e9 c\u00e9r\u00e9brale et de confort propice \u00e0 la d\u00e9tente<\/li>\n<\/ul>\n\n\n\n<h2 id=\"wd-58fbe819\" class=\"wp-block-wd-title title\">Saveur et Ar\u00f4me :<\/h2>\n\n\n\n<ul class=\"wp-block-list\">\n<li>Notes dominantes de vanille cr\u00e9meuse et de douces effluves florales<\/li>\n\n\n\n<li>Arri\u00e8re-plan l\u00e9ger de pin et de terre<\/li>\n\n\n\n<li>Inhalation douce, rappelant un dessert<\/li>\n\n\n\n<li>Finale sucr\u00e9e persistante<\/li>\n<\/ul>\n<\/div>\n\n\n\n<div id=\"wd-33e24f4e\" class=\"wp-block-wd-column\">\n<div id=\"wd-cf5fd1b7\" class=\"wp-block-wd-table\">\n<figure class=\"wp-block-table\"><table><thead><tr><th>Ce que vous obtenez :<\/th><\/tr><\/thead><tbody><tr><td><strong>G\u00e9n\u00e9tique<\/strong> = Indica\/Sativa<\/td><\/tr><tr><td><strong>Type de graine :<\/strong> F\u00e9minis\u00e9e<\/td><\/tr><tr><td><strong>Rendement Int\u00e9rieur :<\/strong> 750+ g\/m\u00b2<\/td><\/tr><tr><td><strong>Rendement Ext\u00e9rieur :<\/strong> 600\u2013750g par plante<\/td><\/tr><tr><td><strong>Temps de Floraison :<\/strong> 8 semaines (Int\u00e9rieur)<\/td><\/tr><tr><td><strong>Mois de R\u00e9colte :<\/strong> Septembre (Ext\u00e9rieur)<\/td><\/tr><tr><td><strong>Hauteur :<\/strong> 80\u2013100cm Int\u00e9rieur \/ 150\u2013200cm Ext\u00e9rieur<\/td><\/tr><tr><td><strong>THC :<\/strong> 30%+, <strong>CBD :<\/strong> Moyen (1\u20135%)<\/td><\/tr><tr><td><strong>R\u00e9sistance aux moisissures :<\/strong> \u00c9lev\u00e9e<\/td><\/tr><\/tbody><\/table><\/figure>\n<\/div>\n<\/div>\n\n\n\n<div id=\"wd-c78be697\" class=\"wp-block-wd-column\">\n<h2 id=\"wd-5b579f2e\" class=\"wp-block-wd-title title\">Apparence des bourgeons<\/h2>\n\n\n\n<ul class=\"wp-block-list\">\n<li>Bourgeons vert \u00e9meraude avec des teintes roses et violettes<\/li>\n\n\n\n<li>\u00c9paisse couche de trichomes scintillants<\/li>\n\n\n\n<li>Pistils orange vif<\/li>\n\n\n\n<li>Un chef-d&rsquo;\u0153uvre visuel givr\u00e9 et \u00e9tincelant<\/li>\n<\/ul>\n\n\n\n<h2 id=\"wd-f4daca0b\" class=\"wp-block-wd-title title\">Conseils de culture :<\/h2>\n\n\n\n<ul class=\"wp-block-list\">\n<li>Performante en culture int\u00e9rieure et en serre<\/li>\n\n\n\n<li>Maintenir une faible humidit\u00e9 durant les derni\u00e8res semaines pour maximiser l&rsquo;\u00e9clat des trichomes<\/li>\n\n\n\n<li>R\u00e9agit admirablement \u00e0 une l\u00e9g\u00e8re d\u00e9foliation<\/li>\n<\/ul>\n\n\n\n<h2 id=\"wd-37c5c520\" class=\"wp-block-wd-title title\">Id\u00e9al Pour :<\/h2>\n\n\n\n<ul class=\"wp-block-list\">\n<li>D\u00e9tente vesp\u00e9rale et relaxation corporelle totale<\/li>\n\n\n\n<li>Cultivateurs esth\u00e8tes appr\u00e9ciant la vivacit\u00e9 des couleurs des bourgeons<\/li>\n\n\n\n<li>\u00c9quilibre de l&rsquo;humeur, soulagement du stress et s\u00e9dation douce<\/li>\n\n\n\n<li>Relaxation r\u00e9cr\u00e9ative ou usage m\u00e9dical l\u00e9ger<\/li>\n\n\n\n<li>Amateurs de saveurs et collectionneurs de bourgeons d&rsquo;exception<\/li>\n<\/ul>\n<\/div>\n<\/div>\n","protected":false},"excerpt":{"rendered":"<h4 class=\"\" data-start=\"397\" data-end=\"434\"><strong data-start=\"222\" data-end=\"273\">\ud83d\udd25 Vanille cr\u00e9meuse. Givre rose. Puissance massive.  <br data-start=\"258\" data-end=\"261\"><\/strong><\/h4>\n<p>30%+ THC | Bourgeons scintillants aux teintes roses | Effets euphoriques sur tout le corps<\/p>\n<p class=\"\" data-start=\"488\" data-end=\"815\"><strong data-start=\"488\" data-end=\"508\">Pink Glitterbomb<\/strong> est une beaut\u00e9 rare issue du croisement entre <strong data-start=\"536\" data-end=\"569\">Starfighter x Cookies  Cream<\/strong>, offrant des bourgeons magnifiques aux teintes roses et une saveur d\u00e9licieusement cr\u00e9meuse de vanille. Avec jusqu&rsquo;\u00e0 <strong data-start=\"658\" data-end=\"669\">30% de THC<\/strong>, cette vari\u00e9t\u00e9 procure une euphorie c\u00e9r\u00e9brale suivie d&rsquo;un effet corporel profond\u00e9ment apaisant \u2014 id\u00e9al pour se d\u00e9tendre ou dissiper le stress et les tensions. <\/p>\n","protected":false},"featured_media":2490,"comment_status":"open","ping_status":"closed","template":"","meta":[],"product_brand":[],"product_cat":[115,128],"product_tag":[179,209,180],"class_list":{"0":"post-2885","1":"product","2":"type-product","3":"status-publish","4":"has-post-thumbnail","6":"product_cat-cannabis-seeds-fr","7":"product_cat-feminized-seeds-fr-2","8":"product_tag-cannabis-fr","9":"product_tag-feminisee","10":"product_tag-graines","12":"first","13":"outofstock","14":"shipping-taxable","15":"purchasable","16":"product-type-simple"},"_links":{"self":[{"href":"https:\/\/herbalhorizons.co\/fr\/wp-json\/wp\/v2\/product\/2885","targetHints":{"allow":["GET"]}}],"collection":[{"href":"https:\/\/herbalhorizons.co\/fr\/wp-json\/wp\/v2\/product"}],"about":[{"href":"https:\/\/herbalhorizons.co\/fr\/wp-json\/wp\/v2\/types\/product"}],"replies":[{"embeddable":true,"href":"https:\/\/herbalhorizons.co\/fr\/wp-json\/wp\/v2\/comments?post=2885"}],"wp:featuredmedia":[{"embeddable":true,"href":"https:\/\/herbalhorizons.co\/fr\/wp-json\/wp\/v2\/media\/2490"}],"wp:attachment":[{"href":"https:\/\/herbalhorizons.co\/fr\/wp-json\/wp\/v2\/media?parent=2885"}],"wp:term":[{"taxonomy":"product_brand","embeddable":true,"href":"https:\/\/herbalhorizons.co\/fr\/wp-json\/wp\/v2\/product_brand?post=2885"},{"taxonomy":"product_cat","embeddable":true,"href":"https:\/\/herbalhorizons.co\/fr\/wp-json\/wp\/v2\/product_cat?post=2885"},{"taxonomy":"product_tag","embeddable":true,"href":"https:\/\/herbalhorizons.co\/fr\/wp-json\/wp\/v2\/product_tag?post=2885"}],"curies":[{"name":"wp","href":"https:\/\/api.w.org\/{rel}","templated":true}]}}