{"id":2884,"date":"2025-04-14T14:59:15","date_gmt":"2025-04-14T14:59:15","guid":{"rendered":"https:\/\/herbalhorizons.co\/product\/tropicana-wedding-cake-graines-de-cannabis-a-floraison-automatique\/"},"modified":"2025-04-23T10:27:59","modified_gmt":"2025-04-23T10:27:59","slug":"tropicana-wedding-cake-graines-de-cannabis-a-floraison-automatique","status":"publish","type":"product","link":"https:\/\/herbalhorizons.co\/fr\/produit\/tropicana-wedding-cake-graines-de-cannabis-a-floraison-automatique\/","title":{"rendered":"Tropicana Wedding Cake \u2013 Graines de Cannabis \u00e0 Floraison Automatique"},"content":{"rendered":"\n<div id=\"wd-67ebcd5c\" class=\"wp-block-wd-row\">\n<div id=\"wd-af8a8c9f\" class=\"wp-block-wd-column\">\n<h2 id=\"wd-3cbb8ed8\" class=\"wp-block-wd-title title\">Effets :<\/h2>\n\n\n\n<ul class=\"wp-block-list\">\n<li>D\u00e9but \u00e9nergisant avec clart\u00e9 mentale<\/li>\n\n\n\n<li>Cr\u00e9ative, picotante et euphorisante<\/li>\n\n\n\n<li>Sensation corporelle apaisante sans s\u00e9dation<\/li>\n\n\n\n<li>Excellente pour un usage tant m\u00e9dical que r\u00e9cr\u00e9atif<\/li>\n<\/ul>\n\n\n\n<h2 id=\"wd-58fbe819\" class=\"wp-block-wd-title title\">Saveur et Ar\u00f4me :<\/h2>\n\n\n\n<ul class=\"wp-block-list\">\n<li>Agrumes doux + g\u00e2teau vanill\u00e9 cr\u00e9meux<\/li>\n\n\n\n<li>Notes d&rsquo;orange acidul\u00e9e et de p\u00e2te \u00e0 biscuits<\/li>\n\n\n\n<li>Onctuosit\u00e9 de dessert et intens\u00e9ment aromatique<\/li>\n<\/ul>\n<\/div>\n\n\n\n<div id=\"wd-33e24f4e\" class=\"wp-block-wd-column\">\n<div id=\"wd-cf5fd1b7\" class=\"wp-block-wd-table\">\n<figure class=\"wp-block-table\"><table><thead><tr><th>Ce que vous obtenez :<\/th><\/tr><\/thead><tbody><tr><td><strong>G\u00e9n\u00e9tique :<\/strong> Wedding Cake x Tangie<\/td><\/tr><tr><td><strong>Type de graine :<\/strong> \u00c0 floraison automatique<\/td><\/tr><tr><td><strong>Ratio Sativa\/Indica :<\/strong> 50% Sativa \/ 50% Indica<\/td><\/tr><tr><td><strong>Rendement en int\u00e9rieur :<\/strong> 550\u2013650g\/m\u00b2<\/td><\/tr><tr><td><strong>Rendement en ext\u00e9rieur :<\/strong> 50\u2013100g par plante<\/td><\/tr><tr><td><strong>Temps de floraison :<\/strong> 11 semaines (\u00e0 partir de la graine)<\/td><\/tr><tr><td><strong>Hauteur :<\/strong> 85\u2013110cm en int\u00e9rieur \/ 80\u2013185cm en ext\u00e9rieur<\/td><\/tr><tr><td><strong>THC :<\/strong> 27\u201330%, <strong>CBD :<\/strong> Faible<\/td><\/tr><tr><td><strong>R\u00e9sistance aux moisissures :<\/strong> Moyenne<\/td><\/tr><\/tbody><\/table><\/figure>\n<\/div>\n<\/div>\n\n\n\n<div id=\"wd-c78be697\" class=\"wp-block-wd-column\">\n<h2 id=\"wd-5b579f2e\" class=\"wp-block-wd-title title\">Pourquoi choisir Tropicana Wedding Cake ?<\/h2>\n\n\n\n<ul class=\"wp-block-list\">\n<li>THC \u00e9lev\u00e9  effets \u00e9quilibr\u00e9s<\/li>\n\n\n\n<li>Saveur exquise avec une finition givr\u00e9e<\/li>\n\n\n\n<li>Rendements int\u00e9rieurs \u00e9lev\u00e9s pour une structure compacte<\/li>\n\n\n\n<li>Rapide, savoureuse et parfaite pour les vari\u00e9t\u00e9s automatiques<\/li>\n<\/ul>\n\n\n\n<h2 id=\"wd-f4daca0b\" class=\"wp-block-wd-title title\">Conseils de culture :<\/h2>\n\n\n\n<ul class=\"wp-block-list\">\n<li>Maintenir des temp\u00e9ratures chaudes pour des r\u00e9sultats optimaux en ext\u00e9rieur<\/li>\n\n\n\n<li>Performances optimales dans un sol riche ou du coco avec un \u00e9clairage puissant<\/li>\n\n\n\n<li>Fertilisation mod\u00e9r\u00e9e \u2013 \u00e9viter la sur-fertilisation<\/li>\n\n\n\n<li>Une bonne circulation d&rsquo;air = des bourgeons plus fournis et givr\u00e9s<\/li>\n\n\n\n<li>Une l\u00e9g\u00e8re d\u00e9foliation pendant la floraison augmente le rendement et la r\u00e9sine<\/li>\n<\/ul>\n\n\n\n<h2 id=\"wd-37c5c520\" class=\"wp-block-wd-title title\">Id\u00e9al Pour :<\/h2>\n\n\n\n<ul class=\"wp-block-list\">\n<li>Utilisation tout au long de la journ\u00e9e \u2014 sociale, concentr\u00e9e ou d\u00e9tendue<\/li>\n\n\n\n<li>Amateurs de vari\u00e9t\u00e9s aux saveurs douces de dessert<\/li>\n\n\n\n<li>Cultivateurs en int\u00e9rieur disposant d&rsquo;un espace vertical limit\u00e9<\/li>\n\n\n\n<li>Soulagement diurne de la douleur ou du stress<\/li>\n<\/ul>\n<\/div>\n<\/div>\n","protected":false},"excerpt":{"rendered":"<h4 class=\"\" data-start=\"397\" data-end=\"434\"><strong data-start=\"222\" data-end=\"273\">\ud83d\udd25 Douce, agrum\u00e9e et toujours de saison.<br data-start=\"258\" data-end=\"261\"><\/strong><\/h4>\n<p>27\u201330% THC | Hybride \u00e9quilibr\u00e9 | Puissance automatique avec saveur de dessert.<\/p>\n<p class=\"\" data-start=\"511\" data-end=\"768\">La <strong data-start=\"511\" data-end=\"542\">Tropicana Wedding Cake Auto<\/strong> fusionne le meilleur de la <strong data-start=\"562\" data-end=\"598\">Tropicana Cookies x Wedding Cake<\/strong> en un hybride \u00e0 floraison rapide ax\u00e9 sur la saveur. Anticipez une motivation stimulante avec un effet corporel apaisant et harmonieux \u2014 id\u00e9al pour une utilisation \u00e0 tout moment et particuli\u00e8rement adapt\u00e9e aux amateurs d&rsquo;agrumes. <\/p>\n","protected":false},"featured_media":2508,"comment_status":"open","ping_status":"closed","template":"","meta":[],"product_brand":[],"product_cat":[115,125],"product_tag":[181,179,180],"class_list":{"0":"post-2884","1":"product","2":"type-product","3":"status-publish","4":"has-post-thumbnail","6":"product_cat-cannabis-seeds-fr","7":"product_cat-autoflowering-seeds-fr-2","8":"product_tag-autoflower-fr","9":"product_tag-cannabis-fr","10":"product_tag-graines","12":"first","13":"outofstock","14":"shipping-taxable","15":"purchasable","16":"product-type-simple"},"_links":{"self":[{"href":"https:\/\/herbalhorizons.co\/fr\/wp-json\/wp\/v2\/product\/2884","targetHints":{"allow":["GET"]}}],"collection":[{"href":"https:\/\/herbalhorizons.co\/fr\/wp-json\/wp\/v2\/product"}],"about":[{"href":"https:\/\/herbalhorizons.co\/fr\/wp-json\/wp\/v2\/types\/product"}],"replies":[{"embeddable":true,"href":"https:\/\/herbalhorizons.co\/fr\/wp-json\/wp\/v2\/comments?post=2884"}],"wp:featuredmedia":[{"embeddable":true,"href":"https:\/\/herbalhorizons.co\/fr\/wp-json\/wp\/v2\/media\/2508"}],"wp:attachment":[{"href":"https:\/\/herbalhorizons.co\/fr\/wp-json\/wp\/v2\/media?parent=2884"}],"wp:term":[{"taxonomy":"product_brand","embeddable":true,"href":"https:\/\/herbalhorizons.co\/fr\/wp-json\/wp\/v2\/product_brand?post=2884"},{"taxonomy":"product_cat","embeddable":true,"href":"https:\/\/herbalhorizons.co\/fr\/wp-json\/wp\/v2\/product_cat?post=2884"},{"taxonomy":"product_tag","embeddable":true,"href":"https:\/\/herbalhorizons.co\/fr\/wp-json\/wp\/v2\/product_tag?post=2884"}],"curies":[{"name":"wp","href":"https:\/\/api.w.org\/{rel}","templated":true}]}}