{"id":2880,"date":"2025-04-14T14:36:08","date_gmt":"2025-04-14T14:36:08","guid":{"rendered":"https:\/\/herbalhorizons.co\/product\/the-real-amnesia-graines-de-cannabis-feminisees\/"},"modified":"2025-04-23T10:27:47","modified_gmt":"2025-04-23T10:27:47","slug":"the-real-amnesia-graines-de-cannabis-feminisees","status":"publish","type":"product","link":"https:\/\/herbalhorizons.co\/fr\/produit\/the-real-amnesia-graines-de-cannabis-feminisees\/","title":{"rendered":"The Real Amnesia \u2013 Graines de Cannabis F\u00e9minis\u00e9es"},"content":{"rendered":"\n<div id=\"wd-67ebcd5c\" class=\"wp-block-wd-row\">\n<div id=\"wd-af8a8c9f\" class=\"wp-block-wd-column\">\n<h2 id=\"wd-3cbb8ed8\" class=\"wp-block-wd-title title\">Effets :<\/h2>\n\n\n\n<ul class=\"wp-block-list\">\n<li>Forte stimulation c\u00e9r\u00e9brale avec une \u00e9nergie durable<\/li>\n\n\n\n<li>Puissante stimulation mentale sans anxi\u00e9t\u00e9<\/li>\n\n\n\n<li>Excellente pour la cr\u00e9ativit\u00e9, les conversations profondes ou les journ\u00e9es charg\u00e9es<\/li>\n\n\n\n<li>Euphorie de type sativa avec des redescentes en douceur<\/li>\n<\/ul>\n\n\n\n<h2 id=\"wd-58fbe819\" class=\"wp-block-wd-title title\">Saveur et Ar\u00f4me :<\/h2>\n\n\n\n<ul class=\"wp-block-list\">\n<li><strong>Haze au citron piquant<\/strong> classique<\/li>\n\n\n\n<li>Base \u00e9pic\u00e9e et herbac\u00e9e avec une complexit\u00e9 douce de haze<\/li>\n\n\n\n<li>Fid\u00e8le au clone original de l&rsquo;Amnesia n\u00e9erlandaise<\/li>\n\n\n\n<li>Saveur intense qui persiste et \u00e9veille les sens<\/li>\n<\/ul>\n<\/div>\n\n\n\n<div id=\"wd-33e24f4e\" class=\"wp-block-wd-column\">\n<div id=\"wd-cf5fd1b7\" class=\"wp-block-wd-table\">\n<figure class=\"wp-block-table\"><table><thead><tr><th>Ce que vous obtenez :<\/th><\/tr><\/thead><tbody><tr><td><strong>G\u00e9n\u00e9tique :<\/strong> Amnesia x Amnesia<\/td><\/tr><tr><td><strong>Type de graine :<\/strong> F\u00e9minis\u00e9e<\/td><\/tr><tr><td><strong>Rendement en int\u00e9rieur :<\/strong> 650\u2013750g\/m\u00b2<\/td><\/tr><tr><td><strong>Rendement en ext\u00e9rieur :<\/strong> 750g+ par plante<\/td><\/tr><tr><td><strong>Temps de floraison :<\/strong> 9 semaines (Int\u00e9rieur)<\/td><\/tr><tr><td><strong>Mois de r\u00e9colte :<\/strong> Fin octobre (Ext\u00e9rieur)<\/td><\/tr><tr><td><strong>Hauteur :<\/strong> 130\u2013160cm Int\u00e9rieur \/ 200\u2013240cm Ext\u00e9rieur<\/td><\/tr><tr><td><strong>THC :<\/strong> 24\u201326%, <strong>CBD :<\/strong> Faible<\/td><\/tr><tr><td><strong>R\u00e9sistance aux moisissures :<\/strong> \u00c9lev\u00e9e<\/td><\/tr><\/tbody><\/table><\/figure>\n<\/div>\n<\/div>\n\n\n\n<div id=\"wd-c78be697\" class=\"wp-block-wd-column\">\n<h2 id=\"wd-5b579f2e\" class=\"wp-block-wd-title title\">Apparence des bourgeons<\/h2>\n\n\n\n<ul class=\"wp-block-list\">\n<li>Bourgeons vert \u00e9meraude avec des teintes roses et violettes<\/li>\n\n\n\n<li>\u00c9paisse couche de trichomes scintillants<\/li>\n\n\n\n<li>Pistils orange vif<\/li>\n\n\n\n<li>Un chef-d&rsquo;\u0153uvre visuel givr\u00e9 et \u00e9tincelant<\/li>\n<\/ul>\n\n\n\n<h2 id=\"wd-f4daca0b\" class=\"wp-block-wd-title title\">Conseils de culture :<\/h2>\n\n\n\n<ul class=\"wp-block-list\">\n<li>Sativa \u00e9lanc\u00e9e \u2014 un support peut \u00eatre n\u00e9cessaire en int\u00e9rieur<\/li>\n\n\n\n<li>S&rsquo;adapte facilement aux climats chauds et froids<\/li>\n\n\n\n<li>Structure gratifiante avec des colas denses et une r\u00e9sine scintillante<\/li>\n\n\n\n<li>Forte r\u00e9sistance aux moisissures, id\u00e9ale pour les r\u00e9coltes ext\u00e9rieures de fin octobre<\/li>\n<\/ul>\n\n\n\n<h2 id=\"wd-37c5c520\" class=\"wp-block-wd-title title\">Id\u00e9al Pour :<\/h2>\n\n\n\n<ul class=\"wp-block-list\">\n<li>Connaisseurs \u00e0 la recherche de la v\u00e9ritable saveur de l&rsquo;Amnesia n\u00e9erlandaise<\/li>\n\n\n\n<li>Cultivateurs souhaitant des rendements \u00e9lev\u00e9s avec d&rsquo;authentiques caract\u00e9ristiques haze<\/li>\n\n\n\n<li>Concentration mentale et stimulation diurne<\/li>\n\n\n\n<li>S\u00e9lectionneurs \u00e0 la recherche de g\u00e9n\u00e9tiques haze pures \u2014 sans implication de vari\u00e9t\u00e9s White<\/li>\n<\/ul>\n<\/div>\n<\/div>\n","protected":false},"excerpt":{"rendered":"<h4 class=\"\" data-start=\"397\" data-end=\"434\"><strong data-start=\"222\" data-end=\"273\">\ud83d\udd25 La l\u00e9gende rena\u00eet. Haze n\u00e9erlandaise pure. Aucun croisement blanc.  <br data-start=\"258\" data-end=\"261\"><\/strong><\/h4>\n<p>La seule v\u00e9ritable Amnesia issue de la lign\u00e9e clonale n\u00e9erlandaise originale.<\/p>\n<p class=\"\" data-start=\"526\" data-end=\"797\">Apr\u00e8s 1,5 an de s\u00e9lection m\u00e9ticuleuse, <strong data-start=\"566\" data-end=\"586\">The Real Amnesia<\/strong> est l\u00e0 \u2014 ni un hybride, ni un croisement, mais l&rsquo;authentique <strong data-start=\"640\" data-end=\"668\">Amnesia n\u00e9erlandaise clone-only<\/strong>, d\u00e9sormais sous forme de graines. Pas de White Widow. Pas de dilution. Simplement 100% de v\u00e9ritable haze avec une saveur explosive d&rsquo;agrumes \u00e9pic\u00e9s et une puissance stimulante.   <\/p>\n<p data-start=\"526\" data-end=\"797\"><strong data-start=\"2456\" data-end=\"2543\">N&rsquo;acceptez aucune imitation. Voici la v\u00e9ritable Amnesia \u2014 directement du clone n\u00e9erlandais \u00e0 la graine. <\/strong><\/p>\n","protected":false},"featured_media":2502,"comment_status":"open","ping_status":"closed","template":"","meta":[],"product_brand":[],"product_cat":[115,128],"product_tag":[179,209,180],"class_list":{"0":"post-2880","1":"product","2":"type-product","3":"status-publish","4":"has-post-thumbnail","6":"product_cat-cannabis-seeds-fr","7":"product_cat-feminized-seeds-fr-2","8":"product_tag-cannabis-fr","9":"product_tag-feminisee","10":"product_tag-graines","12":"first","13":"outofstock","14":"shipping-taxable","15":"purchasable","16":"product-type-simple"},"_links":{"self":[{"href":"https:\/\/herbalhorizons.co\/fr\/wp-json\/wp\/v2\/product\/2880","targetHints":{"allow":["GET"]}}],"collection":[{"href":"https:\/\/herbalhorizons.co\/fr\/wp-json\/wp\/v2\/product"}],"about":[{"href":"https:\/\/herbalhorizons.co\/fr\/wp-json\/wp\/v2\/types\/product"}],"replies":[{"embeddable":true,"href":"https:\/\/herbalhorizons.co\/fr\/wp-json\/wp\/v2\/comments?post=2880"}],"wp:featuredmedia":[{"embeddable":true,"href":"https:\/\/herbalhorizons.co\/fr\/wp-json\/wp\/v2\/media\/2502"}],"wp:attachment":[{"href":"https:\/\/herbalhorizons.co\/fr\/wp-json\/wp\/v2\/media?parent=2880"}],"wp:term":[{"taxonomy":"product_brand","embeddable":true,"href":"https:\/\/herbalhorizons.co\/fr\/wp-json\/wp\/v2\/product_brand?post=2880"},{"taxonomy":"product_cat","embeddable":true,"href":"https:\/\/herbalhorizons.co\/fr\/wp-json\/wp\/v2\/product_cat?post=2880"},{"taxonomy":"product_tag","embeddable":true,"href":"https:\/\/herbalhorizons.co\/fr\/wp-json\/wp\/v2\/product_tag?post=2880"}],"curies":[{"name":"wp","href":"https:\/\/api.w.org\/{rel}","templated":true}]}}