{"id":2858,"date":"2025-04-14T11:41:02","date_gmt":"2025-04-14T11:41:02","guid":{"rendered":"https:\/\/herbalhorizons.co\/product\/tropicana-cookies-stylo-vapoteur-hhc\/"},"modified":"2025-04-23T10:27:18","modified_gmt":"2025-04-23T10:27:18","slug":"tropicana-cookies-stylo-vapoteur-hhc","status":"publish","type":"product","link":"https:\/\/herbalhorizons.co\/fr\/produit\/tropicana-cookies-stylo-vapoteur-hhc\/","title":{"rendered":"Tropicana Cookies \u2013 Stylo Vapoteur HHC"},"content":{"rendered":"\n<div id=\"wd-67ebcd5c\" class=\"wp-block-wd-row\">\n<div id=\"wd-af8a8c9f\" class=\"wp-block-wd-column\">\n<h2 id=\"wd-3cbb8ed8\" class=\"wp-block-wd-title title\">Effets :<\/h2>\n\n\n\n<ul class=\"wp-block-list\">\n<li>Ambiances joyeuses, loquaces et cr\u00e9atives<\/li>\n\n\n\n<li>L\u00e9g\u00e8re sensation corporelle et high en douceur<\/li>\n\n\n\n<li>Parfait pour les contextes sociaux ou les sessions en solo l\u00e9g\u00e8res<\/li>\n\n\n\n<li>Effet rapide avec une redescente paisible<\/li>\n<\/ul>\n<\/div>\n\n\n\n<div id=\"wd-33e24f4e\" class=\"wp-block-wd-column\">\n<div id=\"wd-cf5fd1b7\" class=\"wp-block-wd-table\">\n<figure class=\"wp-block-table\"><table><thead><tr><th>Ce que vous obtenez :<\/th><\/tr><\/thead><tbody><tr><td>1000mg d&rsquo;<strong>Hexahydrocannabinol (HHC)<\/strong><\/td><\/tr><tr><td><strong>600\u2013800 bouff\u00e9es<\/strong> par stylo jetable<\/td><\/tr><tr><td><strong>0% de THC<\/strong> \u2013 \u00e0 consommer l\u00e9galement et sans inqui\u00e9tude<\/td><\/tr><tr><td>Compos\u00e9s aromatiques naturels<\/td><\/tr><tr><td>Aucun agent de remplissage synth\u00e9tique<\/td><\/tr><\/tbody><\/table><\/figure>\n<\/div>\n<\/div>\n\n\n\n<div id=\"wd-c78be697\" class=\"wp-block-wd-column\">\n<h2 id=\"wd-58fbe819\" class=\"wp-block-wd-title title\">Pourquoi Choisir Ce Vaporisateur ?<\/h2>\n\n\n\n<ul class=\"wp-block-list\">\n<li><strong>Bonne humeur toute la journ\u00e9e<\/strong> dans votre poche<\/li>\n\n\n\n<li>Saveur constante de la premi\u00e8re \u00e0 la derni\u00e8re bouff\u00e9e<\/li>\n\n\n\n<li>Pas de THC, pas de parano\u00efa, uniquement de bonnes vibrations<\/li>\n<\/ul>\n<\/div>\n<\/div>\n","protected":false},"excerpt":{"rendered":"<h4 class=\"\" data-start=\"397\" data-end=\"434\">\u26a1  <strong data-start=\"223\" data-end=\"276\">\u00c9vasion fruit\u00e9e. Flux de bien-\u00eatre. Euphorie tropicale.  <\/strong><\/h4>\n<p>Appr\u00e9ci\u00e9 par les vapoteurs en qu\u00eate de soleil et de s\u00e9rotonine. <strong data-start=\"1528\" data-end=\"1585\">Un go\u00fbt paradisiaque. Une sensation de permission de se d\u00e9tendre. <\/strong><\/p>\n<p class=\"\" data-start=\"441\" data-end=\"680\">Le <strong data-start=\"441\" data-end=\"462\">Tropicana Cookies<\/strong> apporte une saveur d&rsquo;agrumes vibrante et une \u00e9nergie insouciante \u2014 tel un voyage que l&rsquo;on vapote. Il est jovial, cr\u00e9atif, et juste ce qu&rsquo;il faut de fantaisiste. Id\u00e9al pour les moments de d\u00e9tente diurnes, les \u00e9tincelles cr\u00e9atives, ou les escapades en solitaire \u00e0 travers votre liste de lecture.  <\/p>\n","protected":false},"featured_media":2412,"comment_status":"open","ping_status":"closed","template":"","meta":[],"product_brand":[],"product_cat":[144],"product_tag":[199,198],"class_list":{"0":"post-2858","1":"product","2":"type-product","3":"status-publish","4":"has-post-thumbnail","6":"product_cat-vapes-fr-2","7":"product_tag-vaporisateur","8":"product_tag-vaporisateurs","10":"first","11":"outofstock","12":"shipping-taxable","13":"purchasable","14":"product-type-simple"},"_links":{"self":[{"href":"https:\/\/herbalhorizons.co\/fr\/wp-json\/wp\/v2\/product\/2858","targetHints":{"allow":["GET"]}}],"collection":[{"href":"https:\/\/herbalhorizons.co\/fr\/wp-json\/wp\/v2\/product"}],"about":[{"href":"https:\/\/herbalhorizons.co\/fr\/wp-json\/wp\/v2\/types\/product"}],"replies":[{"embeddable":true,"href":"https:\/\/herbalhorizons.co\/fr\/wp-json\/wp\/v2\/comments?post=2858"}],"wp:featuredmedia":[{"embeddable":true,"href":"https:\/\/herbalhorizons.co\/fr\/wp-json\/wp\/v2\/media\/2412"}],"wp:attachment":[{"href":"https:\/\/herbalhorizons.co\/fr\/wp-json\/wp\/v2\/media?parent=2858"}],"wp:term":[{"taxonomy":"product_brand","embeddable":true,"href":"https:\/\/herbalhorizons.co\/fr\/wp-json\/wp\/v2\/product_brand?post=2858"},{"taxonomy":"product_cat","embeddable":true,"href":"https:\/\/herbalhorizons.co\/fr\/wp-json\/wp\/v2\/product_cat?post=2858"},{"taxonomy":"product_tag","embeddable":true,"href":"https:\/\/herbalhorizons.co\/fr\/wp-json\/wp\/v2\/product_tag?post=2858"}],"curies":[{"name":"wp","href":"https:\/\/api.w.org\/{rel}","templated":true}]}}