{"id":2853,"date":"2025-04-14T13:20:38","date_gmt":"2025-04-14T13:20:38","guid":{"rendered":"https:\/\/herbalhorizons.co\/product\/sticky-wasabi-graines-feminisees-f1-triploides\/"},"modified":"2025-04-23T10:26:59","modified_gmt":"2025-04-23T10:26:59","slug":"sticky-wasabi-graines-feminisees-f1-triploides","status":"publish","type":"product","link":"https:\/\/herbalhorizons.co\/fr\/produit\/sticky-wasabi-graines-feminisees-f1-triploides\/","title":{"rendered":"Sticky Wasabi \u2013 Graines f\u00e9minis\u00e9es F1 triplo\u00efdes"},"content":{"rendered":"\n<div id=\"wd-67ebcd5c\" class=\"wp-block-wd-row\">\n<div id=\"wd-af8a8c9f\" class=\"wp-block-wd-column\">\n<h2 id=\"wd-3cbb8ed8\" class=\"wp-block-wd-title title\">Effets :<\/h2>\n\n\n\n<ul class=\"wp-block-list\">\n<li>Euphorie c\u00e9r\u00e9brale \u00e9nergisante avec une fin corporelle relaxante<\/li>\n\n\n\n<li>Id\u00e9ale pour la concentration, la cr\u00e9ativit\u00e9 et l&rsquo;usage diurne<\/li>\n\n\n\n<li>Excellente pour le soulagement du stress, la gestion de la douleur et l&rsquo;\u00e9l\u00e9vation de l&rsquo;humeur<\/li>\n\n\n\n<li>Sociale et c\u00e9r\u00e9brale sans lourdeur<\/li>\n<\/ul>\n\n\n\n<h2 id=\"wd-58fbe819\" class=\"wp-block-wd-title title\">Ar\u00f4me  Saveur :<\/h2>\n\n\n\n<ul class=\"wp-block-list\">\n<li>Coup de pied \u00e9pic\u00e9 au wasabi<\/li>\n\n\n\n<li>Notes de fond terreuses avec un zeste d&rsquo;agrumes<\/li>\n\n\n\n<li>Twist gazeux et poivr\u00e9<\/li>\n\n\n\n<li>Explosion de terp\u00e8nes persistante qui stimule le palais<\/li>\n<\/ul>\n<\/div>\n\n\n\n<div id=\"wd-33e24f4e\" class=\"wp-block-wd-column\">\n<div id=\"wd-cf5fd1b7\" class=\"wp-block-wd-table\">\n<figure class=\"wp-block-table\"><table><thead><tr><th>Ce que vous obtenez :<\/th><\/tr><\/thead><tbody><tr><td><strong>G\u00e9n\u00e9tique Triplo\u00efde F1<\/strong> = rendement sup\u00e9rieur, sans graines<\/td><\/tr><tr><td><strong>Type de Graine :<\/strong> F\u00e9minis\u00e9e, Triplo\u00efde F1<\/td><\/tr><tr><td><strong>Rendement Int\u00e9rieur :<\/strong> 750+ g\/m\u00b2<\/td><\/tr><tr><td><strong>Rendement Ext\u00e9rieur :<\/strong> 600\u2013750g par plante<\/td><\/tr><tr><td><strong>Temps de Floraison :<\/strong> 8 semaines (Int\u00e9rieur)<\/td><\/tr><tr><td><strong>Mois de R\u00e9colte :<\/strong> Septembre (Ext\u00e9rieur)<\/td><\/tr><tr><td><strong>Hauteur :<\/strong> 80\u2013100cm Int\u00e9rieur \/ 150\u2013200cm Ext\u00e9rieur<\/td><\/tr><tr><td><strong>THC :<\/strong> 30%+, <strong>CBD :<\/strong> Faible<\/td><\/tr><tr><td><strong>R\u00e9sistance aux moisissures :<\/strong> \u00c9lev\u00e9e<\/td><\/tr><\/tbody><\/table><\/figure>\n<\/div>\n<\/div>\n\n\n\n<div id=\"wd-c78be697\" class=\"wp-block-wd-column\">\n<h2 id=\"wd-5b579f2e\" class=\"wp-block-wd-title title\">Pourquoi Triplo\u00efde F1 ?<\/h2>\n\n\n\n<ul class=\"wp-block-list\">\n<li><strong>G\u00e9n\u00e9tique sans graines<\/strong> = plus de cannabino\u00efdes, plus de saveur, aucun risque de pollinisation<\/li>\n\n\n\n<li><strong>Cycle de croissance plus rapide<\/strong> = finition rapide en 8 semaines<\/li>\n\n\n\n<li><strong>Bourgeons denses \u00e0 haut rendement<\/strong> parfaits pour usage personnel ou production premium<\/li>\n<\/ul>\n\n\n\n<h2 id=\"wd-f4daca0b\" class=\"wp-block-wd-title title\">Conseils de culture :<\/h2>\n\n\n\n<ul class=\"wp-block-list\">\n<li>R\u00e9agit bien \u00e0 une <strong>l\u00e9g\u00e8re d\u00e9foliation<\/strong> et \u00e0 la circulation de l&rsquo;air<\/li>\n\n\n\n<li>S&rsquo;adapte facilement aux cultures int\u00e9rieures, ext\u00e9rieures ou en serre<\/li>\n\n\n\n<li>Accessible aux d\u00e9butants tout en offrant des performances d&rsquo;\u00e9lite<\/li>\n<\/ul>\n\n\n\n<h2 id=\"wd-37c5c520\" class=\"wp-block-wd-title title\">Id\u00e9al Pour :<\/h2>\n\n\n\n<ul class=\"wp-block-list\">\n<li>Concentration cr\u00e9ative et travail approfondi<\/li>\n\n\n\n<li>Fabricants d&rsquo;extraits de cannabis (haschisch, r\u00e9sine, huiles)<\/li>\n\n\n\n<li>Fumeurs privil\u00e9giant la saveur et recherchant des profils terp\u00e9niques intenses<\/li>\n\n\n\n<li>Utilisateurs diurnes n\u00e9cessitant \u00e9nergie et \u00e9quilibre<\/li>\n\n\n\n<li>Collectionneurs \u00e0 la recherche de g\u00e9n\u00e9tiques triplo\u00efdes rares et performantes<\/li>\n<\/ul>\n<\/div>\n<\/div>\n","protected":false},"excerpt":{"rendered":"<h4 class=\"\" data-start=\"397\" data-end=\"434\"><strong data-start=\"222\" data-end=\"273\">\ud83d\udd25 Givr\u00e9e. \u00c9pic\u00e9e. Puissance de nouvelle g\u00e9n\u00e9ration.  <br data-start=\"258\" data-end=\"261\"><\/strong><\/h4>\n<p class=\"\" data-start=\"541\" data-end=\"854\">Nous vous pr\u00e9sentons le <strong data-start=\"553\" data-end=\"582\">Sticky Wasabi Triplo\u00efde F1<\/strong>, un hybride parfaitement \u00e9quilibr\u00e9 <strong data-start=\"605\" data-end=\"628\">50\/50 Indica-Sativa<\/strong> dot\u00e9 d&rsquo;une puissance enivrante et d&rsquo;une saveur qui frappe comme un coup de wasabi. Cette <strong data-start=\"722\" data-end=\"741\">souche triplo\u00efde<\/strong> de nouvelle g\u00e9n\u00e9ration offre des rendements massifs, des bourgeons sans graines et une r\u00e9sine dense \u2014 id\u00e9ale pour les extracteurs, les fumeurs et les collectionneurs connaisseurs. <\/p>\n<p data-start=\"428\" data-end=\"672\"><strong data-start=\"1934\" data-end=\"2003\">Cultiv\u00e9e pour les cultivateurs audacieux. Aliment\u00e9e par l&rsquo;innovation. Aromatis\u00e9e comme le feu.  <\/strong><\/p>\n","protected":false},"featured_media":2472,"comment_status":"open","ping_status":"closed","template":"","meta":[],"product_brand":[],"product_cat":[115,128],"product_tag":[179,209,180],"class_list":{"0":"post-2853","1":"product","2":"type-product","3":"status-publish","4":"has-post-thumbnail","6":"product_cat-cannabis-seeds-fr","7":"product_cat-feminized-seeds-fr-2","8":"product_tag-cannabis-fr","9":"product_tag-feminisee","10":"product_tag-graines","12":"first","13":"outofstock","14":"shipping-taxable","15":"purchasable","16":"product-type-simple"},"_links":{"self":[{"href":"https:\/\/herbalhorizons.co\/fr\/wp-json\/wp\/v2\/product\/2853","targetHints":{"allow":["GET"]}}],"collection":[{"href":"https:\/\/herbalhorizons.co\/fr\/wp-json\/wp\/v2\/product"}],"about":[{"href":"https:\/\/herbalhorizons.co\/fr\/wp-json\/wp\/v2\/types\/product"}],"replies":[{"embeddable":true,"href":"https:\/\/herbalhorizons.co\/fr\/wp-json\/wp\/v2\/comments?post=2853"}],"wp:featuredmedia":[{"embeddable":true,"href":"https:\/\/herbalhorizons.co\/fr\/wp-json\/wp\/v2\/media\/2472"}],"wp:attachment":[{"href":"https:\/\/herbalhorizons.co\/fr\/wp-json\/wp\/v2\/media?parent=2853"}],"wp:term":[{"taxonomy":"product_brand","embeddable":true,"href":"https:\/\/herbalhorizons.co\/fr\/wp-json\/wp\/v2\/product_brand?post=2853"},{"taxonomy":"product_cat","embeddable":true,"href":"https:\/\/herbalhorizons.co\/fr\/wp-json\/wp\/v2\/product_cat?post=2853"},{"taxonomy":"product_tag","embeddable":true,"href":"https:\/\/herbalhorizons.co\/fr\/wp-json\/wp\/v2\/product_tag?post=2853"}],"curies":[{"name":"wp","href":"https:\/\/api.w.org\/{rel}","templated":true}]}}