{"id":2841,"date":"2025-04-14T11:44:54","date_gmt":"2025-04-14T11:44:54","guid":{"rendered":"https:\/\/herbalhorizons.co\/product\/cheesecake-au-citron-stylo-vape-hhc\/"},"modified":"2025-04-23T10:26:48","modified_gmt":"2025-04-23T10:26:48","slug":"cheesecake-au-citron-stylo-vape-hhc","status":"publish","type":"product","link":"https:\/\/herbalhorizons.co\/fr\/produit\/cheesecake-au-citron-stylo-vape-hhc\/","title":{"rendered":"Cheesecake au Citron \u2013 Stylo Vape HHC"},"content":{"rendered":"\n<div id=\"wd-67ebcd5c\" class=\"wp-block-wd-row\">\n<div id=\"wd-af8a8c9f\" class=\"wp-block-wd-column\">\n<h2 id=\"wd-3cbb8ed8\" class=\"wp-block-wd-title title\">Effets :<\/h2>\n\n\n\n<ul class=\"wp-block-list\">\n<li>Calme euphorique accompagn\u00e9 d&rsquo;une sensation cr\u00e9meuse c\u00e9r\u00e9brale<\/li>\n\n\n\n<li>\u00c9l\u00e9vation de l&rsquo;humeur empreinte de l\u00e9g\u00e8ret\u00e9 et propice au rire<\/li>\n\n\n\n<li>Parfait pour les soir\u00e9es, les s\u00e9ances cin\u00e9matographiques et les rencontres d\u00e9contract\u00e9es<\/li>\n\n\n\n<li>Fin d&rsquo;effet nette sans phase de l\u00e9thargie d\u00e9sagr\u00e9able<\/li>\n<\/ul>\n<\/div>\n\n\n\n<div id=\"wd-33e24f4e\" class=\"wp-block-wd-column\">\n<div id=\"wd-cf5fd1b7\" class=\"wp-block-wd-table\">\n<figure class=\"wp-block-table\"><table><thead><tr><th>Ce que vous obtenez :<\/th><\/tr><\/thead><tbody><tr><td>1000mg d&rsquo;<strong>Hexahydrocannabinol (HHC)<\/strong><\/td><\/tr><tr><td><strong>600\u2013800 bouff\u00e9es<\/strong> par stylo jetable<\/td><\/tr><tr><td><strong>0% de THC<\/strong> \u2013 \u00e0 consommer l\u00e9galement et sans inqui\u00e9tude<\/td><\/tr><tr><td>Compos\u00e9s aromatiques naturels<\/td><\/tr><tr><td>Formulation aromatique enti\u00e8rement naturelle<\/td><\/tr><\/tbody><\/table><\/figure>\n<\/div>\n<\/div>\n\n\n\n<div id=\"wd-c78be697\" class=\"wp-block-wd-column\">\n<h2 id=\"wd-58fbe819\" class=\"wp-block-wd-title title\">Pourquoi Choisir Ce Vaporisateur ?<\/h2>\n\n\n\n<ul class=\"wp-block-list\">\n<li><strong>Relaxation guid\u00e9e par les saveurs<\/strong><\/li>\n\n\n\n<li><strong>Facile \u00e0 transporter et \u00e0 utiliser<\/strong><\/li>\n\n\n\n<li>Ambiance dessert, effets du cannabis, sans THC<\/li>\n<\/ul>\n<\/div>\n<\/div>\n","protected":false},"excerpt":{"rendered":"<h4 class=\"\" data-start=\"397\" data-end=\"434\">\u26a1  <strong data-start=\"225\" data-end=\"268\">Soulagement d\u00e9lectable. Qui\u00e9tude acidul\u00e9e. F\u00e9licit\u00e9 cr\u00e9meuse.  <\/strong><\/h4>\n<p class=\"\" data-start=\"430\" data-end=\"664\"><strong data-start=\"430\" data-end=\"450\">Cheesecake au Citron<\/strong> marie les notes acidul\u00e9es d&rsquo;agrumes et la douceur cr\u00e9meuse pour cr\u00e9er une exp\u00e9rience euphorisante rappelant un dessert, caract\u00e9ris\u00e9e par sa nature apaisante, r\u00e9confortante et id\u00e9ale pour la d\u00e9tente en fin de journ\u00e9e. Que vous cherchiez \u00e0 vous d\u00e9lasser en solitaire ou \u00e0 partager des moments de franche hilarit\u00e9 entre amis, il s&rsquo;agit l\u00e0 d&rsquo;un v\u00e9ritable r\u00e9confort sous forme de vapeur. <\/p>\n","protected":false},"featured_media":2418,"comment_status":"open","ping_status":"closed","template":"","meta":[],"product_brand":[],"product_cat":[144],"product_tag":[199,198],"class_list":{"0":"post-2841","1":"product","2":"type-product","3":"status-publish","4":"has-post-thumbnail","6":"product_cat-vapes-fr-2","7":"product_tag-vaporisateur","8":"product_tag-vaporisateurs","10":"first","11":"outofstock","12":"shipping-taxable","13":"purchasable","14":"product-type-simple"},"_links":{"self":[{"href":"https:\/\/herbalhorizons.co\/fr\/wp-json\/wp\/v2\/product\/2841","targetHints":{"allow":["GET"]}}],"collection":[{"href":"https:\/\/herbalhorizons.co\/fr\/wp-json\/wp\/v2\/product"}],"about":[{"href":"https:\/\/herbalhorizons.co\/fr\/wp-json\/wp\/v2\/types\/product"}],"replies":[{"embeddable":true,"href":"https:\/\/herbalhorizons.co\/fr\/wp-json\/wp\/v2\/comments?post=2841"}],"wp:featuredmedia":[{"embeddable":true,"href":"https:\/\/herbalhorizons.co\/fr\/wp-json\/wp\/v2\/media\/2418"}],"wp:attachment":[{"href":"https:\/\/herbalhorizons.co\/fr\/wp-json\/wp\/v2\/media?parent=2841"}],"wp:term":[{"taxonomy":"product_brand","embeddable":true,"href":"https:\/\/herbalhorizons.co\/fr\/wp-json\/wp\/v2\/product_brand?post=2841"},{"taxonomy":"product_cat","embeddable":true,"href":"https:\/\/herbalhorizons.co\/fr\/wp-json\/wp\/v2\/product_cat?post=2841"},{"taxonomy":"product_tag","embeddable":true,"href":"https:\/\/herbalhorizons.co\/fr\/wp-json\/wp\/v2\/product_tag?post=2841"}],"curies":[{"name":"wp","href":"https:\/\/api.w.org\/{rel}","templated":true}]}}