{"id":2840,"date":"2025-04-14T11:47:29","date_gmt":"2025-04-14T11:47:29","guid":{"rendered":"https:\/\/herbalhorizons.co\/product\/gateau-de-mariage-stylo-vapoteur-hhc\/"},"modified":"2025-04-23T10:26:48","modified_gmt":"2025-04-23T10:26:48","slug":"gateau-de-mariage-stylo-vapoteur-hhc","status":"publish","type":"product","link":"https:\/\/herbalhorizons.co\/fr\/produit\/gateau-de-mariage-stylo-vapoteur-hhc\/","title":{"rendered":"G\u00e2teau de Mariage \u2013 Stylo Vapoteur HHC"},"content":{"rendered":"\n<div id=\"wd-67ebcd5c\" class=\"wp-block-wd-row\">\n<div id=\"wd-af8a8c9f\" class=\"wp-block-wd-column\">\n<h2 id=\"wd-3cbb8ed8\" class=\"wp-block-wd-title title\">Effets :<\/h2>\n\n\n\n<ul class=\"wp-block-list\">\n<li>\u00c9nergie cr\u00e9ative centr\u00e9e<\/li>\n\n\n\n<li>Apaisement corporel doux avec clart\u00e9 euphorique<\/li>\n\n\n\n<li>Id\u00e9al pour les conversations, les listes de lecture, ou les rituels de d\u00e9tente<\/li>\n\n\n\n<li>Finition douce et nette sans lourdeur<\/li>\n<\/ul>\n<\/div>\n\n\n\n<div id=\"wd-33e24f4e\" class=\"wp-block-wd-column\">\n<div id=\"wd-cf5fd1b7\" class=\"wp-block-wd-table\">\n<figure class=\"wp-block-table\"><table><thead><tr><th>Ce que vous obtenez :<\/th><\/tr><\/thead><tbody><tr><td>1000mg d&rsquo;<strong>Hexahydrocannabinol (HHC)<\/strong><\/td><\/tr><tr><td><strong>600\u2013800 bouff\u00e9es<\/strong> par stylo jetable<\/td><\/tr><tr><td><strong>0% THC<\/strong> \u2013 l\u00e9gal dans la plupart des pays<\/td><\/tr><tr><td>Ar\u00f4mes enti\u00e8rement naturels<\/td><\/tr><tr><td>Aucun agent de remplissage synth\u00e9tique ni additif<\/td><\/tr><\/tbody><\/table><\/figure>\n<\/div>\n<\/div>\n\n\n\n<div id=\"wd-c78be697\" class=\"wp-block-wd-column\">\n<h2 id=\"wd-58fbe819\" class=\"wp-block-wd-title title\">Pourquoi Choisir Ce Vaporisateur ?<\/h2>\n\n\n\n<ul class=\"wp-block-list\">\n<li><strong>Saveur esth\u00e9tique pour des moments de bien-\u00eatre<\/strong><\/li>\n\n\n\n<li>Utilisation durable et peu exigeante<\/li>\n\n\n\n<li>Puissance subtile dans un format de poche<\/li>\n<\/ul>\n<\/div>\n<\/div>\n","protected":false},"excerpt":{"rendered":"<h4 class=\"\" data-start=\"397\" data-end=\"434\">\u26a1  <strong data-start=\"248\" data-end=\"305\">Saveur \u00e9l\u00e9gante. Calme euphorique. C\u00e9l\u00e9bration en une bouff\u00e9e  <\/strong><\/h4>\n<p class=\"\" data-start=\"458\" data-end=\"674\">Le <strong data-start=\"458\" data-end=\"474\">G\u00e2teau de Mariage<\/strong> offre une riche douceur vanill\u00e9e aux subtiles notes terreuses, procurant une exp\u00e9rience enivrante douce et satisfaisante, parfaite pour les moments marquants ou l&rsquo;indulgence en solitaire. D\u00e9tendu, \u00e9quilibr\u00e9, et juste ce qu&rsquo;il faut d&rsquo;\u00e9l\u00e9vation. <\/p>\n<p data-start=\"458\" data-end=\"674\"><strong data-start=\"1410\" data-end=\"1472\">Offrez-vous un plaisir. Portez un toast \u00e0 l&rsquo;instant pr\u00e9sent. Vapotez le c\u00f4t\u00e9 doux de l&rsquo;ivresse.  <\/strong><\/p>\n","protected":false},"featured_media":2424,"comment_status":"open","ping_status":"closed","template":"","meta":[],"product_brand":[],"product_cat":[144],"product_tag":[199,198],"class_list":{"0":"post-2840","1":"product","2":"type-product","3":"status-publish","4":"has-post-thumbnail","6":"product_cat-vapes-fr-2","7":"product_tag-vaporisateur","8":"product_tag-vaporisateurs","10":"first","11":"outofstock","12":"shipping-taxable","13":"purchasable","14":"product-type-simple"},"_links":{"self":[{"href":"https:\/\/herbalhorizons.co\/fr\/wp-json\/wp\/v2\/product\/2840","targetHints":{"allow":["GET"]}}],"collection":[{"href":"https:\/\/herbalhorizons.co\/fr\/wp-json\/wp\/v2\/product"}],"about":[{"href":"https:\/\/herbalhorizons.co\/fr\/wp-json\/wp\/v2\/types\/product"}],"replies":[{"embeddable":true,"href":"https:\/\/herbalhorizons.co\/fr\/wp-json\/wp\/v2\/comments?post=2840"}],"wp:featuredmedia":[{"embeddable":true,"href":"https:\/\/herbalhorizons.co\/fr\/wp-json\/wp\/v2\/media\/2424"}],"wp:attachment":[{"href":"https:\/\/herbalhorizons.co\/fr\/wp-json\/wp\/v2\/media?parent=2840"}],"wp:term":[{"taxonomy":"product_brand","embeddable":true,"href":"https:\/\/herbalhorizons.co\/fr\/wp-json\/wp\/v2\/product_brand?post=2840"},{"taxonomy":"product_cat","embeddable":true,"href":"https:\/\/herbalhorizons.co\/fr\/wp-json\/wp\/v2\/product_cat?post=2840"},{"taxonomy":"product_tag","embeddable":true,"href":"https:\/\/herbalhorizons.co\/fr\/wp-json\/wp\/v2\/product_tag?post=2840"}],"curies":[{"name":"wp","href":"https:\/\/api.w.org\/{rel}","templated":true}]}}