{"id":2831,"date":"2025-04-14T13:04:53","date_gmt":"2025-04-14T13:04:53","guid":{"rendered":"https:\/\/herbalhorizons.co\/product\/rainbow-candy-graines-de-cannabis-a-floraison-automatique\/"},"modified":"2025-04-23T10:26:33","modified_gmt":"2025-04-23T10:26:33","slug":"rainbow-candy-graines-de-cannabis-a-floraison-automatique","status":"publish","type":"product","link":"https:\/\/herbalhorizons.co\/fr\/produit\/rainbow-candy-graines-de-cannabis-a-floraison-automatique\/","title":{"rendered":"Rainbow Candy \u2013 Graines de Cannabis \u00e0 Floraison Automatique"},"content":{"rendered":"\n<div id=\"wd-67ebcd5c\" class=\"wp-block-wd-row\">\n<div id=\"wd-af8a8c9f\" class=\"wp-block-wd-column\">\n<h2 id=\"wd-3cbb8ed8\" class=\"wp-block-wd-title title\">Effets :<\/h2>\n\n\n\n<ul class=\"wp-block-list\">\n<li>Stimulant et limpide<\/li>\n\n\n\n<li>L\u00e9g\u00e8re euphorie sans \u00e9puisement<\/li>\n\n\n\n<li>Excellente pour une utilisation du jour au soir<\/li>\n\n\n\n<li>Parfaite pour la socialisation, la cr\u00e9ativit\u00e9 ou la d\u00e9tente en solitaire<\/li>\n<\/ul>\n\n\n\n<h2 id=\"wd-58fbe819\" class=\"wp-block-wd-title title\">Ar\u00f4me  Saveur :<\/h2>\n\n\n\n<ul class=\"wp-block-list\">\n<li>Fruit tropical<\/li>\n\n\n\n<li>Agrumes sucr\u00e9s<\/li>\n\n\n\n<li>Notes de bonbon et de terre herbac\u00e9e<\/li>\n\n\n\n<li>Arri\u00e8re-go\u00fbt sucr\u00e9 persistant qui enrobe le palais<\/li>\n<\/ul>\n<\/div>\n\n\n\n<div id=\"wd-33e24f4e\" class=\"wp-block-wd-column\">\n<div id=\"wd-cf5fd1b7\" class=\"wp-block-wd-table\">\n<figure class=\"wp-block-table\"><table><thead><tr><th>Ce que vous obtenez :<\/th><\/tr><\/thead><tbody><tr><td><strong>Graines \u00e0 floraison automatique<\/strong> : pack de 5 ou pack de 10<\/td><\/tr><tr><td>G\u00e9n\u00e9tique : <strong>Zkittlez x Dosidos Auto<\/strong><\/td><\/tr><tr><td>Hauteur : Courte \u00e0 moyenne<\/td><\/tr><tr><td>Temps de floraison : <strong>9\u201310 semaines \u00e0 partir de la graine<\/strong><\/td><\/tr><tr><td>Adapt\u00e9e aux d\u00e9butants  tr\u00e8s indulgente<\/td><\/tr><tr><td>Bourgeons vibrants en vert, violet et blanc cristallin<\/td><\/tr><\/tbody><\/table><\/figure>\n<\/div>\n<\/div>\n\n\n\n<div id=\"wd-c78be697\" class=\"wp-block-wd-column\">\n<h2 id=\"wd-5b579f2e\" class=\"wp-block-wd-title title\">Pourquoi Rainbow Candy ?<\/h2>\n\n\n\n<ul class=\"wp-block-list\">\n<li><strong>Cannabino\u00efde \u00e0 haute puissance avec des effets durables<\/strong><\/li>\n\n\n\n<li>Discr\u00e8te et facile \u00e0 doser<\/li>\n\n\n\n<li>Ingr\u00e9dients purs, r\u00e9sultats audacieux<\/li>\n<\/ul>\n\n\n\n<h2 id=\"wd-f4daca0b\" class=\"wp-block-wd-title title\">Conseils de culture :<\/h2>\n\n\n\n<ul class=\"wp-block-list\">\n<li>Performante tant en <strong>terre qu&rsquo;en hydroponie<\/strong><\/li>\n\n\n\n<li><strong>Une forte circulation d&rsquo;air<\/strong> = des bourgeons plus volumineux<\/li>\n\n\n\n<li>Une l\u00e9g\u00e8re d\u00e9foliation pendant la floraison aide \u00e0 maximiser la r\u00e9sine et la couleur<\/li>\n\n\n\n<li>Id\u00e9ale pour les cultivateurs avec des contraintes d&rsquo;espace<\/li>\n<\/ul>\n\n\n\n<h2 id=\"wd-37c5c520\" class=\"wp-block-wd-title title\">Id\u00e9al Pour :<\/h2>\n\n\n\n<ul class=\"wp-block-list\">\n<li>\u00c9l\u00e9vation de l&rsquo;humeur et soulagement du stress<\/li>\n\n\n\n<li>Cr\u00e9ateurs, chercheurs de d\u00e9tente et amateurs de saveurs<\/li>\n\n\n\n<li>Quiconque souhaite des r\u00e9coltes rapides et color\u00e9es sans entretien intensif<\/li>\n<\/ul>\n<\/div>\n<\/div>\n","protected":false},"excerpt":{"rendered":"<h4 class=\"\" data-start=\"397\" data-end=\"434\"><strong data-start=\"222\" data-end=\"273\">\ud83d\udd25 Bourgeons color\u00e9s. Punch fruit\u00e9. Joie pure du cultivateur.  <br \/><\/strong><\/h4>\n<p>Appr\u00e9ci\u00e9e par les micro-cultivateurs et les passionn\u00e9s de saveurs<\/p>\n<p class=\"\" data-start=\"471\" data-end=\"702\"><strong data-start=\"471\" data-end=\"488\">Rainbow Candy<\/strong> apporte une \u00e9nergie de confiserie \u00e0 votre jardin \u2014 des saveurs audacieuses de fruits tropicaux avec un funk terreux et un high clair et d\u00e9contract\u00e9. Compacte, color\u00e9e et facile \u00e0 cultiver, elle est parfaite pour les espaces int\u00e9rieurs ou les endroits ext\u00e9rieurs discrets. <\/p>\n","protected":false},"featured_media":2454,"comment_status":"open","ping_status":"closed","template":"","meta":[],"product_brand":[],"product_cat":[115,125],"product_tag":[181,247],"class_list":{"0":"post-2831","1":"product","2":"type-product","3":"status-publish","4":"has-post-thumbnail","6":"product_cat-cannabis-seeds-fr","7":"product_cat-autoflowering-seeds-fr-2","8":"product_tag-autoflower-fr","9":"product_tag-graines-de-cannabis","11":"first","12":"outofstock","13":"shipping-taxable","14":"purchasable","15":"product-type-simple"},"_links":{"self":[{"href":"https:\/\/herbalhorizons.co\/fr\/wp-json\/wp\/v2\/product\/2831","targetHints":{"allow":["GET"]}}],"collection":[{"href":"https:\/\/herbalhorizons.co\/fr\/wp-json\/wp\/v2\/product"}],"about":[{"href":"https:\/\/herbalhorizons.co\/fr\/wp-json\/wp\/v2\/types\/product"}],"replies":[{"embeddable":true,"href":"https:\/\/herbalhorizons.co\/fr\/wp-json\/wp\/v2\/comments?post=2831"}],"wp:featuredmedia":[{"embeddable":true,"href":"https:\/\/herbalhorizons.co\/fr\/wp-json\/wp\/v2\/media\/2454"}],"wp:attachment":[{"href":"https:\/\/herbalhorizons.co\/fr\/wp-json\/wp\/v2\/media?parent=2831"}],"wp:term":[{"taxonomy":"product_brand","embeddable":true,"href":"https:\/\/herbalhorizons.co\/fr\/wp-json\/wp\/v2\/product_brand?post=2831"},{"taxonomy":"product_cat","embeddable":true,"href":"https:\/\/herbalhorizons.co\/fr\/wp-json\/wp\/v2\/product_cat?post=2831"},{"taxonomy":"product_tag","embeddable":true,"href":"https:\/\/herbalhorizons.co\/fr\/wp-json\/wp\/v2\/product_tag?post=2831"}],"curies":[{"name":"wp","href":"https:\/\/api.w.org\/{rel}","templated":true}]}}