{"id":2813,"date":"2025-04-14T08:37:15","date_gmt":"2025-04-14T08:37:15","guid":{"rendered":"https:\/\/herbalhorizons.co\/product\/golden-teacher-truffes-magiques-psilocybe\/"},"modified":"2025-04-23T10:26:12","modified_gmt":"2025-04-23T10:26:12","slug":"golden-teacher-truffes-magiques-psilocybe","status":"publish","type":"product","link":"https:\/\/herbalhorizons.co\/fr\/produit\/golden-teacher-truffes-magiques-psilocybe\/","title":{"rendered":"Golden Teacher \u2013 Truffes Magiques Psilocybe"},"content":{"rendered":"\n<div id=\"wd-67ebcd5c\" class=\"wp-block-wd-row\">\n<div id=\"wd-af8a8c9f\" class=\"wp-block-wd-column\">\n<h2 id=\"wd-3cbb8ed8\" class=\"wp-block-wd-title title\">Effets :<\/h2>\n\n\n\n<ul class=\"wp-block-list\">\n<li>Hallucinations visuelles et am\u00e9lioration des couleurs<\/li>\n\n\n\n<li>Ouverture \u00e9motionnelle et empathie<\/li>\n\n\n\n<li>Essor de cr\u00e9ativit\u00e9, stimulation sensorielle<\/li>\n\n\n\n<li>\u00c9tats euphoriques et l\u00e9g\u00e8res sensations corporelles<\/li>\n\n\n\n<li>D\u00e9but : 30\u201360 minutes<\/li>\n\n\n\n<li>Dur\u00e9e : 4 \u00e0 8 heures<\/li>\n\n\n\n<li>Redescente douce et progressive<\/li>\n<\/ul>\n<\/div>\n\n\n\n<div id=\"wd-33e24f4e\" class=\"wp-block-wd-column\">\n<div id=\"wd-cf5fd1b7\" class=\"wp-block-wd-table\">\n<figure class=\"wp-block-table\"><table><thead><tr><th>Intensit\u00e9 de l&rsquo;exp\u00e9rience<\/th><th>Montant<\/th><\/tr><\/thead><tbody><tr><td>Clair<\/td><td>5-8g<\/td><\/tr><tr><td>Moyen<\/td><td>8 \u00e0 14g<\/td><\/tr><tr><td>Fort<\/td><td>14 \u00e0 20g<\/td><\/tr><\/tbody><\/table><\/figure>\n<\/div>\n\n\n\n<p id=\"wd-23181eb4\" class=\"wp-block-wd-paragraph\">Il est toujours recommand\u00e9 de commencer par une dose l\u00e9g\u00e8re et d&rsquo;\u00e9valuer la r\u00e9action de votre corps et de votre esprit.<\/p>\n<\/div>\n\n\n\n<div id=\"wd-c78be697\" class=\"wp-block-wd-column\">\n<h2 id=\"wd-491a5234\" class=\"wp-block-wd-title title\">Mode d&rsquo;Emploi :<\/h2>\n\n\n\n<ul class=\"wp-block-list\">\n<li>Id\u00e9alement consomm\u00e9 cru \u00e0 <strong>jeun<\/strong><\/li>\n\n\n\n<li>M\u00e2cher soigneusement, ou infuser en th\u00e9 (sans sucre)<\/li>\n\n\n\n<li>Pr\u00e9parez un espace confortable et s\u00e9curis\u00e9<\/li>\n\n\n\n<li>Un <strong>accompagnateur<\/strong> est recommand\u00e9 pour les doses plus \u00e9lev\u00e9es<\/li>\n<\/ul>\n\n\n\n<h2 id=\"wd-58fbe819\" class=\"wp-block-wd-title title\">Conservation :<\/h2>\n\n\n\n<ul class=\"wp-block-list\">\n<li>Conserver au r\u00e9frig\u00e9rateur (2\u20138\u00b0C)<\/li>\n\n\n\n<li>Les emballages non ouverts se conservent 1 mois ; consommer frais pour une efficacit\u00e9 maximale<\/li>\n\n\n\n<li>Pour une conservation \u00e0 long terme : <strong>s\u00e9cher compl\u00e8tement<\/strong>, puis sceller dans un endroit frais et sec (se conserve jusqu&rsquo;\u00e0 6 mois)<\/li>\n<\/ul>\n<\/div>\n<\/div>\n","protected":false},"excerpt":{"rendered":"<h4 class=\"\" data-start=\"459\" data-end=\"491\">\u26a1 Niveau d&rsquo;intensit\u00e9 : Doux + Expansif<\/h4>\n<p class=\"\" data-start=\"492\" data-end=\"741\"><strong data-start=\"280\" data-end=\"326\">Inspiration. Connexion. Clart\u00e9 euphorique.  <\/strong><\/p>\n<p class=\"\" data-start=\"573\" data-end=\"792\">Les truffes Golden Teacher sont id\u00e9ales pour les psychonautes novices et exp\u00e9riment\u00e9s recherchant une introspection r\u00e9fl\u00e9chie, des visions chaleureuses et une perception accrue. Parfaites pour stimuler la cr\u00e9ativit\u00e9, atteindre la clart\u00e9 \u00e9motionnelle et se connecter \u00e0 la nature. <br \/><strong data-start=\"1884\" data-end=\"1961\">Laissez Golden Teacher guider votre prochaine exp\u00e9rience vers la cr\u00e9ativit\u00e9, la joie et l&rsquo;\u00e9merveillement.<\/strong><br data-start=\"1961\" data-end=\"1964\"><\/p>\n","protected":false},"featured_media":2352,"comment_status":"open","ping_status":"closed","template":"","meta":[],"product_brand":[],"product_cat":[136],"product_tag":[186,184,188],"class_list":{"0":"post-2813","1":"product","2":"type-product","3":"status-publish","4":"has-post-thumbnail","6":"product_cat-truffles-fr-2","7":"product_tag-psilocybe-fr","8":"product_tag-psilocybine-fr","9":"product_tag-truffes","11":"first","12":"outofstock","13":"shipping-taxable","14":"purchasable","15":"product-type-simple"},"_links":{"self":[{"href":"https:\/\/herbalhorizons.co\/fr\/wp-json\/wp\/v2\/product\/2813","targetHints":{"allow":["GET"]}}],"collection":[{"href":"https:\/\/herbalhorizons.co\/fr\/wp-json\/wp\/v2\/product"}],"about":[{"href":"https:\/\/herbalhorizons.co\/fr\/wp-json\/wp\/v2\/types\/product"}],"replies":[{"embeddable":true,"href":"https:\/\/herbalhorizons.co\/fr\/wp-json\/wp\/v2\/comments?post=2813"}],"wp:featuredmedia":[{"embeddable":true,"href":"https:\/\/herbalhorizons.co\/fr\/wp-json\/wp\/v2\/media\/2352"}],"wp:attachment":[{"href":"https:\/\/herbalhorizons.co\/fr\/wp-json\/wp\/v2\/media?parent=2813"}],"wp:term":[{"taxonomy":"product_brand","embeddable":true,"href":"https:\/\/herbalhorizons.co\/fr\/wp-json\/wp\/v2\/product_brand?post=2813"},{"taxonomy":"product_cat","embeddable":true,"href":"https:\/\/herbalhorizons.co\/fr\/wp-json\/wp\/v2\/product_cat?post=2813"},{"taxonomy":"product_tag","embeddable":true,"href":"https:\/\/herbalhorizons.co\/fr\/wp-json\/wp\/v2\/product_tag?post=2813"}],"curies":[{"name":"wp","href":"https:\/\/api.w.org\/{rel}","templated":true}]}}