{"id":2793,"date":"2025-04-14T10:52:39","date_gmt":"2025-04-14T10:52:39","guid":{"rendered":"https:\/\/herbalhorizons.co\/product\/psilocybe-atlantis-truffes-magiques\/"},"modified":"2025-04-23T10:25:46","modified_gmt":"2025-04-23T10:25:46","slug":"psilocybe-atlantis-truffes-magiques","status":"publish","type":"product","link":"https:\/\/herbalhorizons.co\/fr\/produit\/psilocybe-atlantis-truffes-magiques\/","title":{"rendered":"Psilocybe Atlantis \u2013 Truffes Magiques"},"content":{"rendered":"\n<div id=\"wd-67ebcd5c\" class=\"wp-block-wd-row\">\n<div id=\"wd-af8a8c9f\" class=\"wp-block-wd-column\">\n<h2 id=\"wd-3cbb8ed8\" class=\"wp-block-wd-title title\">Effets :<\/h2>\n\n\n\n<ul class=\"wp-block-list\">\n<li>\u00c9l\u00e9vation euphorique, chaleur corporelle g\u00e9n\u00e9rale<\/li>\n\n\n\n<li>Calme introspectif et clart\u00e9 \u00e9motionnelle<\/li>\n\n\n\n<li>Visions douces, surr\u00e9alistes et oniriques<\/li>\n\n\n\n<li>Empathie accrue et appr\u00e9ciation musicale amplifi\u00e9e<\/li>\n\n\n\n<li>D\u00e9but des effets : 30\u201345 minutes<\/li>\n\n\n\n<li>Dur\u00e9e : 4 \u00e0 6 heures (+ l\u00e9g\u00e8re r\u00e9manence de 2 \u00e0 6 heures)<\/li>\n<\/ul>\n<\/div>\n\n\n\n<div id=\"wd-33e24f4e\" class=\"wp-block-wd-column\">\n<div id=\"wd-cf5fd1b7\" class=\"wp-block-wd-table\">\n<figure class=\"wp-block-table\"><table><thead><tr><th>Intensit\u00e9 de l&rsquo;exp\u00e9rience<\/th><th>Montant<\/th><\/tr><\/thead><tbody><tr><td>Clair<\/td><td>6g<\/td><\/tr><tr><td>Moyen<\/td><td>9g<\/td><\/tr><tr><td>Fort<\/td><td>10\u201315g<\/td><\/tr><\/tbody><\/table><\/figure>\n<\/div>\n\n\n\n<p id=\"wd-23181eb4\" class=\"wp-block-wd-paragraph\">Commencez doucement si c&rsquo;est votre premi\u00e8re exp\u00e9rience avec cette souche \u2014 Atlantis est calme, mais pas superficielle.<\/p>\n<\/div>\n\n\n\n<div id=\"wd-c78be697\" class=\"wp-block-wd-column\">\n<h2 id=\"wd-491a5234\" class=\"wp-block-wd-title title\">Mode d&rsquo;Emploi :<\/h2>\n\n\n\n<ul class=\"wp-block-list\">\n<li>Id\u00e9alement \u00e0 <strong>jeun<\/strong><\/li>\n\n\n\n<li>M\u00e2chez soigneusement ou infusez en th\u00e9 (sans sucre)<\/li>\n\n\n\n<li>Choisissez un <strong>environnement s\u00fbr et familier<\/strong><\/li>\n\n\n\n<li>Un accompagnateur est fortement recommand\u00e9 pour les doses compl\u00e8tes<\/li>\n<\/ul>\n\n\n\n<h2 id=\"wd-58fbe819\" class=\"wp-block-wd-title title\">Conservation :<\/h2>\n\n\n\n<ul class=\"wp-block-list\">\n<li>Conserver au r\u00e9frig\u00e9rateur (2\u20138\u00b0C)<\/li>\n\n\n\n<li>Les emballages non ouverts se conservent 1 mois ; consommer frais pour une efficacit\u00e9 maximale<\/li>\n\n\n\n<li>Pour une conservation \u00e0 long terme : <strong>s\u00e9cher compl\u00e8tement<\/strong>, puis sceller dans un endroit frais et sec (se conserve jusqu&rsquo;\u00e0 6 mois)<\/li>\n<\/ul>\n<\/div>\n<\/div>\n","protected":false},"excerpt":{"rendered":"<h4 class=\"\" data-start=\"397\" data-end=\"434\">\u26a1 Niveau d&rsquo;intensit\u00e9 : Mod\u00e9r\u00e9ment profond + Onirique<\/h4>\n<p><strong data-start=\"1916\" data-end=\"1989\">Une plong\u00e9e lucide vers l&rsquo;int\u00e9rieur. Une d\u00e9rive surr\u00e9aliste et \u00e9motionnelle. Bienvenue \u00e0 Atlantis.  <\/strong><\/p>\n<p class=\"\" data-start=\"540\" data-end=\"834\">Les <strong data-start=\"540\" data-end=\"562\">Psilocybe Atlantis<\/strong> offrent une exp\u00e9rience r\u00e9flexive, \u00e9motionnelle et immersive \u2014 l&rsquo;une des souches les plus introspectives de la famille des <strong data-start=\"667\" data-end=\"682\">Tampanensis<\/strong>.<br \/>R\u00e9put\u00e9es pour leurs visions oniriques, leurs douces r\u00e9v\u00e9lations et leur connexion euphorique. Atlantis est un voyage harmonieux et enchanteur, particuli\u00e8rement adapt\u00e9 aux esprits exp\u00e9riment\u00e9s. <\/p>\n","protected":false},"featured_media":2370,"comment_status":"open","ping_status":"closed","template":"","meta":[],"product_brand":[],"product_cat":[136],"product_tag":[186,184,188],"class_list":{"0":"post-2793","1":"product","2":"type-product","3":"status-publish","4":"has-post-thumbnail","6":"product_cat-truffles-fr-2","7":"product_tag-psilocybe-fr","8":"product_tag-psilocybine-fr","9":"product_tag-truffes","11":"first","12":"outofstock","13":"shipping-taxable","14":"purchasable","15":"product-type-simple"},"_links":{"self":[{"href":"https:\/\/herbalhorizons.co\/fr\/wp-json\/wp\/v2\/product\/2793","targetHints":{"allow":["GET"]}}],"collection":[{"href":"https:\/\/herbalhorizons.co\/fr\/wp-json\/wp\/v2\/product"}],"about":[{"href":"https:\/\/herbalhorizons.co\/fr\/wp-json\/wp\/v2\/types\/product"}],"replies":[{"embeddable":true,"href":"https:\/\/herbalhorizons.co\/fr\/wp-json\/wp\/v2\/comments?post=2793"}],"wp:featuredmedia":[{"embeddable":true,"href":"https:\/\/herbalhorizons.co\/fr\/wp-json\/wp\/v2\/media\/2370"}],"wp:attachment":[{"href":"https:\/\/herbalhorizons.co\/fr\/wp-json\/wp\/v2\/media?parent=2793"}],"wp:term":[{"taxonomy":"product_brand","embeddable":true,"href":"https:\/\/herbalhorizons.co\/fr\/wp-json\/wp\/v2\/product_brand?post=2793"},{"taxonomy":"product_cat","embeddable":true,"href":"https:\/\/herbalhorizons.co\/fr\/wp-json\/wp\/v2\/product_cat?post=2793"},{"taxonomy":"product_tag","embeddable":true,"href":"https:\/\/herbalhorizons.co\/fr\/wp-json\/wp\/v2\/product_tag?post=2793"}],"curies":[{"name":"wp","href":"https:\/\/api.w.org\/{rel}","templated":true}]}}