{"id":2792,"date":"2025-04-14T10:56:07","date_gmt":"2025-04-14T10:56:07","guid":{"rendered":"https:\/\/herbalhorizons.co\/product\/psilocybe-mexicana-chair-des-dieux\/"},"modified":"2025-04-23T10:25:46","modified_gmt":"2025-04-23T10:25:46","slug":"psilocybe-mexicana-chair-des-dieux","status":"publish","type":"product","link":"https:\/\/herbalhorizons.co\/fr\/produit\/psilocybe-mexicana-chair-des-dieux\/","title":{"rendered":"Psilocybe Mexicana \u2013 Chair des Dieux"},"content":{"rendered":"\n<div id=\"wd-67ebcd5c\" class=\"wp-block-wd-row\">\n<div id=\"wd-af8a8c9f\" class=\"wp-block-wd-column\">\n<h2 id=\"wd-3cbb8ed8\" class=\"wp-block-wd-title title\">Effets :<\/h2>\n\n\n\n<ul class=\"wp-block-list\">\n<li>Euphorie et conscience paisible<\/li>\n\n\n\n<li>Visualisations douces et changements de couleurs<\/li>\n\n\n\n<li>Cr\u00e9ativit\u00e9 accrue et connexion avec la nature<\/li>\n\n\n\n<li>Rire, empathie et \u00e9nergie chaleureuse<\/li>\n\n\n\n<li>D\u00e9but des effets : 30\u201345 minutes<\/li>\n\n\n\n<li>Dur\u00e9e : 4\u20136 heures<\/li>\n<\/ul>\n<\/div>\n\n\n\n<div id=\"wd-33e24f4e\" class=\"wp-block-wd-column\">\n<div id=\"wd-cf5fd1b7\" class=\"wp-block-wd-table\">\n<figure class=\"wp-block-table\"><table><thead><tr><th>Intensit\u00e9 de l&rsquo;exp\u00e9rience<\/th><th>Montant<\/th><\/tr><\/thead><tbody><tr><td>Clair<\/td><td>6\u201310g<\/td><\/tr><tr><td>Moyen<\/td><td>10\u201315g<\/td><\/tr><tr><td>Fort<\/td><td>15\u201320g<\/td><\/tr><\/tbody><\/table><\/figure>\n<\/div>\n\n\n\n<p id=\"wd-23181eb4\" class=\"wp-block-wd-paragraph\">Pour les explorateurs en plein air, c&rsquo;est un incontournable. Essayez-le sous les arbres ou en plein soleil. <\/p>\n<\/div>\n\n\n\n<div id=\"wd-c78be697\" class=\"wp-block-wd-column\">\n<h2 id=\"wd-491a5234\" class=\"wp-block-wd-title title\">Mode d&rsquo;Emploi :<\/h2>\n\n\n\n<ul class=\"wp-block-list\">\n<li>Id\u00e9alement \u00e0 <strong>jeun<\/strong><\/li>\n\n\n\n<li>M\u00e2chez soigneusement ou infusez en th\u00e9 (sans sucre)<\/li>\n\n\n\n<li>Choisissez un <strong>environnement s\u00fbr et familier<\/strong><\/li>\n\n\n\n<li>Un accompagnateur est fortement recommand\u00e9 pour les doses compl\u00e8tes<\/li>\n<\/ul>\n\n\n\n<h2 id=\"wd-58fbe819\" class=\"wp-block-wd-title title\">Conservation :<\/h2>\n\n\n\n<ul class=\"wp-block-list\">\n<li>Conserver au r\u00e9frig\u00e9rateur entre 2 et 8\u00b0C (jusqu&rsquo;\u00e0 3 semaines \u00e0 l&rsquo;\u00e9tat frais)<\/li>\n\n\n\n<li>Pour un stockage prolong\u00e9 : <strong>s\u00e9cher compl\u00e8tement<\/strong> et sceller herm\u00e9tiquement jusqu&rsquo;\u00e0 6 mois<\/li>\n<\/ul>\n<\/div>\n<\/div>\n","protected":false},"excerpt":{"rendered":"<h4 class=\"\" data-start=\"397\" data-end=\"434\">\u26a1 Niveau d&rsquo;intensit\u00e9 : Mod\u00e9r\u00e9 + \u00c9nerg\u00e9tique<\/h4>\n<p><strong data-start=\"1824\" data-end=\"1901\">D&rsquo;origine ancestrale. \u00c9ternel dans ses r\u00e9v\u00e9lations. Cultiv\u00e9 pour ceux qui sont pr\u00eats \u00e0 se souvenir.  <\/strong><\/p>\n<p class=\"\" data-start=\"535\" data-end=\"800\"><strong data-start=\"535\" data-end=\"557\">Psilocybe Mexicana<\/strong> procure un voyage \u00e9levant et harmonieux, enracin\u00e9 dans un usage c\u00e9r\u00e9moniel ancien. Connu sous le nom de <em data-start=\"635\" data-end=\"648\">teonan\u00e1catl<\/em> par les Azt\u00e8ques \u2014 \u00ab chair des dieux \u00bb \u2014 ce truffe est id\u00e9al pour les explorateurs spirituels en qu\u00eate de connexion, de visualisations l\u00e9g\u00e8res et d&rsquo;un voyage centr\u00e9 sur le c\u0153ur. <\/p>\n","protected":false},"featured_media":2376,"comment_status":"open","ping_status":"closed","template":"","meta":[],"product_brand":[],"product_cat":[136],"product_tag":[186,184,188],"class_list":{"0":"post-2792","1":"product","2":"type-product","3":"status-publish","4":"has-post-thumbnail","6":"product_cat-truffles-fr-2","7":"product_tag-psilocybe-fr","8":"product_tag-psilocybine-fr","9":"product_tag-truffes","11":"first","12":"outofstock","13":"shipping-taxable","14":"purchasable","15":"product-type-simple"},"_links":{"self":[{"href":"https:\/\/herbalhorizons.co\/fr\/wp-json\/wp\/v2\/product\/2792","targetHints":{"allow":["GET"]}}],"collection":[{"href":"https:\/\/herbalhorizons.co\/fr\/wp-json\/wp\/v2\/product"}],"about":[{"href":"https:\/\/herbalhorizons.co\/fr\/wp-json\/wp\/v2\/types\/product"}],"replies":[{"embeddable":true,"href":"https:\/\/herbalhorizons.co\/fr\/wp-json\/wp\/v2\/comments?post=2792"}],"wp:featuredmedia":[{"embeddable":true,"href":"https:\/\/herbalhorizons.co\/fr\/wp-json\/wp\/v2\/media\/2376"}],"wp:attachment":[{"href":"https:\/\/herbalhorizons.co\/fr\/wp-json\/wp\/v2\/media?parent=2792"}],"wp:term":[{"taxonomy":"product_brand","embeddable":true,"href":"https:\/\/herbalhorizons.co\/fr\/wp-json\/wp\/v2\/product_brand?post=2792"},{"taxonomy":"product_cat","embeddable":true,"href":"https:\/\/herbalhorizons.co\/fr\/wp-json\/wp\/v2\/product_cat?post=2792"},{"taxonomy":"product_tag","embeddable":true,"href":"https:\/\/herbalhorizons.co\/fr\/wp-json\/wp\/v2\/product_tag?post=2792"}],"curies":[{"name":"wp","href":"https:\/\/api.w.org\/{rel}","templated":true}]}}