{"id":2784,"date":"2025-04-14T10:27:35","date_gmt":"2025-04-14T10:27:35","guid":{"rendered":"https:\/\/herbalhorizons.co\/product\/dragons-dynamite-psilocybe-pajateros\/"},"modified":"2025-04-23T10:25:36","modified_gmt":"2025-04-23T10:25:36","slug":"dragons-dynamite-psilocybe-pajateros","status":"publish","type":"product","link":"https:\/\/herbalhorizons.co\/fr\/produit\/dragons-dynamite-psilocybe-pajateros\/","title":{"rendered":"Dragon&rsquo;s Dynamite \u2013 Psilocybe Pajateros"},"content":{"rendered":"\n<div id=\"wd-67ebcd5c\" class=\"wp-block-wd-row\">\n<div id=\"wd-af8a8c9f\" class=\"wp-block-wd-column\">\n<h2 id=\"wd-3cbb8ed8\" class=\"wp-block-wd-title title\">Effets :<\/h2>\n\n\n\n<ul class=\"wp-block-list\">\n<li>D\u00e9but d&rsquo;action rapide (30-45 minutes)<\/li>\n\n\n\n<li>Visions surr\u00e9alistes et cin\u00e9matographiques<\/li>\n\n\n\n<li>\u00c9nergie \u00e9lev\u00e9e, fous rires et sensations corporelles chaleureuses<\/li>\n\n\n\n<li>\u00c9motions accentu\u00e9es et \u00e9tincelles cr\u00e9atives<\/li>\n\n\n\n<li>Dur\u00e9e totale : 4-6 heures<\/li>\n<\/ul>\n<\/div>\n\n\n\n<div id=\"wd-33e24f4e\" class=\"wp-block-wd-column\">\n<div id=\"wd-cf5fd1b7\" class=\"wp-block-wd-table\">\n<figure class=\"wp-block-table\"><table><thead><tr><th>Intensit\u00e9 de l&rsquo;exp\u00e9rience<\/th><th>Montant<\/th><\/tr><\/thead><tbody><tr><td>Clair<\/td><td>7g<\/td><\/tr><tr><td>Moyen<\/td><td>10g<\/td><\/tr><tr><td>Fort<\/td><td>15g<\/td><\/tr><\/tbody><\/table><\/figure>\n<\/div>\n\n\n\n<p id=\"wd-23181eb4\" class=\"wp-block-wd-paragraph\">Mesurez toujours avec pr\u00e9caution \u2014 cette vari\u00e9t\u00e9 agit avec intensit\u00e9.<\/p>\n<\/div>\n\n\n\n<div id=\"wd-c78be697\" class=\"wp-block-wd-column\">\n<h2 id=\"wd-491a5234\" class=\"wp-block-wd-title title\">Mode d&rsquo;Emploi :<\/h2>\n\n\n\n<ul class=\"wp-block-list\">\n<li>Id\u00e9alement \u00e0 <strong>jeun<\/strong><\/li>\n\n\n\n<li>M\u00e2chez soigneusement ou infusez en th\u00e9 (sans sucre)<\/li>\n\n\n\n<li>Choisissez un <strong>environnement s\u00fbr et familier<\/strong><\/li>\n\n\n\n<li>Un accompagnateur est fortement recommand\u00e9 pour les doses compl\u00e8tes<\/li>\n<\/ul>\n\n\n\n<h2 id=\"wd-58fbe819\" class=\"wp-block-wd-title title\">Conservation :<\/h2>\n\n\n\n<ul class=\"wp-block-list\">\n<li>Conserver au r\u00e9frig\u00e9rateur (2\u20138\u00b0C)<\/li>\n\n\n\n<li>Les emballages non ouverts se conservent 1 mois ; consommer frais pour une efficacit\u00e9 maximale<\/li>\n\n\n\n<li>Pour une conservation \u00e0 long terme : <strong>s\u00e9cher compl\u00e8tement<\/strong>, puis sceller dans un endroit frais et sec (se conserve jusqu&rsquo;\u00e0 6 mois)<\/li>\n<\/ul>\n<\/div>\n<\/div>\n","protected":false},"excerpt":{"rendered":"<h4 class=\"\" data-start=\"397\" data-end=\"434\">\u26a1 Niveau d&rsquo;intensit\u00e9 : \u00c9lev\u00e9 + Rapide<\/h4>\n<p class=\"\" data-start=\"492\" data-end=\"741\"><strong data-start=\"229\" data-end=\"286\">Clart\u00e9 explosive. Visions intenses. D\u00e9conseill\u00e9 aux \u00e2mes sensibles.  <\/strong><\/p>\n<p class=\"\" data-start=\"435\" data-end=\"667\"><strong data-start=\"435\" data-end=\"456\">Dragon&rsquo;s Dynamite<\/strong> est r\u00e9put\u00e9 pour son action rapide et puissante. Attendez-vous \u00e0 des visions nettes, une \u00e9nergie \u00e9lev\u00e9e, des \u00e9lans cr\u00e9atifs et une sensation surr\u00e9aliste de contr\u00f4le. Ce voyage s&rsquo;adresse \u00e0 ceux qui sont pr\u00eats \u00e0 allumer la m\u00e8che et \u00e0 plonger directement dans le feu.  <br \/><strong data-start=\"1666\" data-end=\"1720\">Lib\u00e9rez le dragon. Ma\u00eetrisez le voyage. Br\u00fblez la carte.  <\/strong><br data-start=\"1720\" data-end=\"1723\"><\/p>\n","protected":false},"featured_media":2358,"comment_status":"open","ping_status":"closed","template":"","meta":[],"product_brand":[],"product_cat":[136],"product_tag":[186,184,188],"class_list":{"0":"post-2784","1":"product","2":"type-product","3":"status-publish","4":"has-post-thumbnail","6":"product_cat-truffles-fr-2","7":"product_tag-psilocybe-fr","8":"product_tag-psilocybine-fr","9":"product_tag-truffes","11":"first","12":"outofstock","13":"shipping-taxable","14":"purchasable","15":"product-type-simple"},"_links":{"self":[{"href":"https:\/\/herbalhorizons.co\/fr\/wp-json\/wp\/v2\/product\/2784","targetHints":{"allow":["GET"]}}],"collection":[{"href":"https:\/\/herbalhorizons.co\/fr\/wp-json\/wp\/v2\/product"}],"about":[{"href":"https:\/\/herbalhorizons.co\/fr\/wp-json\/wp\/v2\/types\/product"}],"replies":[{"embeddable":true,"href":"https:\/\/herbalhorizons.co\/fr\/wp-json\/wp\/v2\/comments?post=2784"}],"wp:featuredmedia":[{"embeddable":true,"href":"https:\/\/herbalhorizons.co\/fr\/wp-json\/wp\/v2\/media\/2358"}],"wp:attachment":[{"href":"https:\/\/herbalhorizons.co\/fr\/wp-json\/wp\/v2\/media?parent=2784"}],"wp:term":[{"taxonomy":"product_brand","embeddable":true,"href":"https:\/\/herbalhorizons.co\/fr\/wp-json\/wp\/v2\/product_brand?post=2784"},{"taxonomy":"product_cat","embeddable":true,"href":"https:\/\/herbalhorizons.co\/fr\/wp-json\/wp\/v2\/product_cat?post=2784"},{"taxonomy":"product_tag","embeddable":true,"href":"https:\/\/herbalhorizons.co\/fr\/wp-json\/wp\/v2\/product_tag?post=2784"}],"curies":[{"name":"wp","href":"https:\/\/api.w.org\/{rel}","templated":true}]}}