{"id":2776,"date":"2025-04-14T08:19:29","date_gmt":"2025-04-14T08:19:29","guid":{"rendered":"https:\/\/herbalhorizons.co\/product\/high-hawaiians-psilocybe-tampelandia\/"},"modified":"2025-04-23T10:25:27","modified_gmt":"2025-04-23T10:25:27","slug":"high-hawaiians-psilocybe-tampelandia","status":"publish","type":"product","link":"https:\/\/herbalhorizons.co\/fr\/produit\/high-hawaiians-psilocybe-tampelandia\/","title":{"rendered":"High Hawaiians \u2013 Psilocybe Tampelandia"},"content":{"rendered":"\n<div id=\"wd-67ebcd5c\" class=\"wp-block-wd-row\">\n<div id=\"wd-af8a8c9f\" class=\"wp-block-wd-column\">\n<h2 id=\"wd-3cbb8ed8\" class=\"wp-block-wd-title title\">Effets :<\/h2>\n\n\n\n<ul class=\"wp-block-list\">\n<li>Fortes hallucinations visuelles<\/li>\n\n\n\n<li>Euphorie et ouverture \u00e9motionnelle<\/li>\n\n\n\n<li>\u00c9lans corporels et sensations \u00e9lev\u00e9es de picotement<\/li>\n\n\n\n<li>Cr\u00e9ativit\u00e9 et connexion accrues<\/li>\n\n\n\n<li>D\u00e9but des effets : 30\u201345 minutes<\/li>\n\n\n\n<li>Dur\u00e9e : 4\u20136 heures<\/li>\n<\/ul>\n<\/div>\n\n\n\n<div id=\"wd-33e24f4e\" class=\"wp-block-wd-column\">\n<div id=\"wd-cf5fd1b7\" class=\"wp-block-wd-table\">\n<figure class=\"wp-block-table\"><table><thead><tr><th>Intensit\u00e9 de l&rsquo;exp\u00e9rience<\/th><th>Montant<\/th><\/tr><\/thead><tbody><tr><td>Clair<\/td><td>7\u201310g<\/td><\/tr><tr><td>Moyen<\/td><td>10\u201315g<\/td><\/tr><tr><td>Fort<\/td><td>15\u201322g<\/td><\/tr><\/tbody><\/table><\/figure>\n<\/div>\n\n\n\n<p id=\"wd-23181eb4\" class=\"wp-block-wd-paragraph\">Commencez doucement. <span class=\"wd-highlight\">Respectez la dose<\/span>. Celles-ci frappent plus fort que la plupart. <\/p>\n<\/div>\n\n\n\n<div id=\"wd-c78be697\" class=\"wp-block-wd-column\">\n<h2 id=\"wd-491a5234\" class=\"wp-block-wd-title title\">Mode d&rsquo;Emploi :<\/h2>\n\n\n\n<ul class=\"wp-block-list\">\n<li>Optimal sur un estomac vide<\/li>\n\n\n\n<li>M\u00e2chez soigneusement, ou infusez dans un th\u00e9 sans sucre<\/li>\n\n\n\n<li>Restez hydrat\u00e9 et <strong>pr\u00e9parez votre environnement ad\u00e9quatement<\/strong><\/li>\n\n\n\n<li><strong>Un accompagnateur est recommand\u00e9<\/strong> pour les premiers voyages intenses<\/li>\n<\/ul>\n\n\n\n<h2 id=\"wd-0d008b22\" class=\"wp-block-wd-title title\">Conservation :<\/h2>\n\n\n\n<ul class=\"wp-block-list\">\n<li>Conserver au r\u00e9frig\u00e9rateur (2\u20138\u00b0C)<\/li>\n\n\n\n<li>Les emballages non ouverts se conservent 1 mois ; consommer frais pour une efficacit\u00e9 maximale<\/li>\n\n\n\n<li>Pour une conservation \u00e0 long terme : <strong>s\u00e9cher compl\u00e8tement<\/strong>, puis sceller dans un endroit frais et sec (se conserve jusqu&rsquo;\u00e0 6 mois)<\/li>\n<\/ul>\n<\/div>\n<\/div>\n","protected":false},"excerpt":{"rendered":"<h4 class=\"\" data-start=\"459\" data-end=\"491\">\u26a1 Niveau d&rsquo;intensit\u00e9 : Sauvage<\/h4>\n<p class=\"\" data-start=\"492\" data-end=\"741\">Les <strong data-start=\"492\" data-end=\"510\">High Hawaiians<\/strong> ne sont pas une collation psych\u00e9d\u00e9lique ordinaire. Ces truffes sont charg\u00e9es de psilocybine et sont r\u00e9put\u00e9es pour provoquer des voyages intenses et complets. Des visions profondes, des vagues \u00e9motionnelles, une euphorie corporelle \u2014 et des heures d&rsquo;\u00e9nergie pour explorer l&rsquo;univers.  <\/p>\n<p class=\"\" data-start=\"743\" data-end=\"849\">Parfait pour les <strong data-start=\"755\" data-end=\"780\">explorateurs exp\u00e9riment\u00e9s<\/strong>, les chercheurs d&rsquo;\u00e2me profonds, ou ceux qui sont pr\u00eats \u00e0 se rencontrer eux-m\u00eames \u00e0 la limite.<\/p>\n","protected":false},"featured_media":2346,"comment_status":"open","ping_status":"closed","template":"","meta":[],"product_brand":[],"product_cat":[136],"product_tag":[186,184,188],"class_list":{"0":"post-2776","1":"product","2":"type-product","3":"status-publish","4":"has-post-thumbnail","6":"product_cat-truffles-fr-2","7":"product_tag-psilocybe-fr","8":"product_tag-psilocybine-fr","9":"product_tag-truffes","11":"first","12":"outofstock","13":"shipping-taxable","14":"purchasable","15":"product-type-simple"},"_links":{"self":[{"href":"https:\/\/herbalhorizons.co\/fr\/wp-json\/wp\/v2\/product\/2776","targetHints":{"allow":["GET"]}}],"collection":[{"href":"https:\/\/herbalhorizons.co\/fr\/wp-json\/wp\/v2\/product"}],"about":[{"href":"https:\/\/herbalhorizons.co\/fr\/wp-json\/wp\/v2\/types\/product"}],"replies":[{"embeddable":true,"href":"https:\/\/herbalhorizons.co\/fr\/wp-json\/wp\/v2\/comments?post=2776"}],"wp:featuredmedia":[{"embeddable":true,"href":"https:\/\/herbalhorizons.co\/fr\/wp-json\/wp\/v2\/media\/2346"}],"wp:attachment":[{"href":"https:\/\/herbalhorizons.co\/fr\/wp-json\/wp\/v2\/media?parent=2776"}],"wp:term":[{"taxonomy":"product_brand","embeddable":true,"href":"https:\/\/herbalhorizons.co\/fr\/wp-json\/wp\/v2\/product_brand?post=2776"},{"taxonomy":"product_cat","embeddable":true,"href":"https:\/\/herbalhorizons.co\/fr\/wp-json\/wp\/v2\/product_cat?post=2776"},{"taxonomy":"product_tag","embeddable":true,"href":"https:\/\/herbalhorizons.co\/fr\/wp-json\/wp\/v2\/product_tag?post=2776"}],"curies":[{"name":"wp","href":"https:\/\/api.w.org\/{rel}","templated":true}]}}