{"id":2741,"date":"2025-04-14T14:21:19","date_gmt":"2025-04-14T14:21:19","guid":{"rendered":"https:\/\/herbalhorizons.co\/product\/sangria-glacee-graines-feminisees-triploides-f1\/"},"modified":"2025-04-23T10:24:40","modified_gmt":"2025-04-23T10:24:40","slug":"sangria-glacee-graines-feminisees-triploides-f1","status":"publish","type":"product","link":"https:\/\/herbalhorizons.co\/fr\/produit\/sangria-glacee-graines-feminisees-triploides-f1\/","title":{"rendered":"Sangria Glac\u00e9e \u2013 Graines F\u00e9minis\u00e9es Triplo\u00efdes F1"},"content":{"rendered":"\n<div id=\"wd-67ebcd5c\" class=\"wp-block-wd-row\">\n<div id=\"wd-af8a8c9f\" class=\"wp-block-wd-column\">\n<h2 id=\"wd-3cbb8ed8\" class=\"wp-block-wd-title title\">Effets :<\/h2>\n\n\n\n<ul class=\"wp-block-list\">\n<li>Concentration accrue et \u00e9tincelle cr\u00e9ative<\/li>\n\n\n\n<li>Sensation corporelle douce et relaxante<\/li>\n\n\n\n<li>Sociale, loquace et d\u00e9tendue<\/li>\n\n\n\n<li>Sans s\u00e9dation lourde ni effet couchant<\/li>\n<\/ul>\n\n\n\n<h2 id=\"wd-58fbe819\" class=\"wp-block-wd-title title\">Saveur et Ar\u00f4me :<\/h2>\n\n\n\n<ul class=\"wp-block-list\">\n<li>Explosion de saveurs de baies sucr\u00e9es<\/li>\n\n\n\n<li>Zeste d&rsquo;agrumes et de fruits tropicaux \u00e0 l&rsquo;expiration<\/li>\n\n\n\n<li>Base herbac\u00e9e l\u00e9g\u00e8re avec une fra\u00eecheur givr\u00e9e<\/li>\n\n\n\n<li>Une vari\u00e9t\u00e9 dessert avec du caract\u00e8re<\/li>\n<\/ul>\n<\/div>\n\n\n\n<div id=\"wd-33e24f4e\" class=\"wp-block-wd-column\">\n<div id=\"wd-cf5fd1b7\" class=\"wp-block-wd-table\">\n<figure class=\"wp-block-table\"><table><thead><tr><th>Ce que vous obtenez :<\/th><\/tr><\/thead><tbody><tr><td><strong>G\u00e9n\u00e9tique Triplo\u00efde F1<\/strong> = rendement sup\u00e9rieur, sans graines<\/td><\/tr><tr><td><strong>Type de Graine :<\/strong> F\u00e9minis\u00e9e, Triplo\u00efde F1<\/td><\/tr><tr><td><strong>Rendement Int\u00e9rieur :<\/strong> 750+ g\/m\u00b2<\/td><\/tr><tr><td><strong>Rendement Ext\u00e9rieur :<\/strong> 600\u2013750g par plante<\/td><\/tr><tr><td><strong>Temps de Floraison :<\/strong> 8 semaines (Int\u00e9rieur)<\/td><\/tr><tr><td><strong>Mois de R\u00e9colte :<\/strong> Septembre (Ext\u00e9rieur)<\/td><\/tr><tr><td><strong>Hauteur :<\/strong> 80\u2013100cm Int\u00e9rieur \/ 150\u2013200cm Ext\u00e9rieur<\/td><\/tr><tr><td><strong>THC :<\/strong> 30%+, <strong>CBD :<\/strong> Moyen (1\u20135%)<\/td><\/tr><tr><td><strong>R\u00e9sistance aux moisissures :<\/strong> \u00c9lev\u00e9e<\/td><\/tr><\/tbody><\/table><\/figure>\n<\/div>\n<\/div>\n\n\n\n<div id=\"wd-c78be697\" class=\"wp-block-wd-column\">\n<h2 id=\"wd-5b579f2e\" class=\"wp-block-wd-title title\">Pourquoi Triplo\u00efde F1 ?<\/h2>\n\n\n\n<ul class=\"wp-block-list\">\n<li><strong>G\u00e9n\u00e9tique sans graines<\/strong> = plus de cannabino\u00efdes, plus de saveur, aucun risque de pollinisation<\/li>\n\n\n\n<li><strong>Cycle de croissance plus rapide<\/strong> = finition rapide en 8 semaines<\/li>\n\n\n\n<li><strong>Bourgeons denses \u00e0 haut rendement<\/strong> parfaits pour usage personnel ou production premium<\/li>\n<\/ul>\n\n\n\n<h2 id=\"wd-f4daca0b\" class=\"wp-block-wd-title title\">Conseils de culture :<\/h2>\n\n\n\n<ul class=\"wp-block-list\">\n<li>Plante touffue \u2014 r\u00e9pond bien \u00e0 la formation et \u00e0 la circulation d&rsquo;air<\/li>\n\n\n\n<li>Meilleurs r\u00e9sultats avec une d\u00e9foliation mod\u00e9r\u00e9e en phase de floraison<\/li>\n\n\n\n<li>Tr\u00e8s r\u00e9sistante \u00e0 la moisissure et aux fluctuations environnementales<\/li>\n<\/ul>\n\n\n\n<h2 id=\"wd-37c5c520\" class=\"wp-block-wd-title title\">Id\u00e9al Pour :<\/h2>\n\n\n\n<ul class=\"wp-block-list\">\n<li>Art, musique et projets cr\u00e9atifs<\/li>\n\n\n\n<li>Rassemblements sociaux amusants ou festivals<\/li>\n\n\n\n<li>Artistes d&rsquo;extraction recherchant une riche production de trichomes<\/li>\n\n\n\n<li>Fabrication de haschisch, pressage de r\u00e9sine ou t\u00eates de fleurs savoureuses<\/li>\n\n\n\n<li>Cultivateurs dans des zones ext\u00e9rieures \u00e0 risque de pollen a\u00e9roport\u00e9 ou de moisissure<\/li>\n<\/ul>\n<\/div>\n<\/div>\n","protected":false},"excerpt":{"rendered":"<h4 class=\"\" data-start=\"397\" data-end=\"434\"><strong data-start=\"222\" data-end=\"273\">\ud83d\udd25 Fruit\u00e9e, givr\u00e9e et 100% sans graines.<br data-start=\"258\" data-end=\"261\"><\/strong><\/h4>\n<p>30%+ THC | Saveur de baies et d&rsquo;agrumes | Rendements massifs charg\u00e9s de r\u00e9sine<\/p>\n<p class=\"\" data-start=\"490\" data-end=\"813\"><strong data-start=\"490\" data-end=\"518\">Sangria Glac\u00e9e Triplo\u00efde F1<\/strong> est un hybride luxuriant <strong data-start=\"529\" data-end=\"556\">60% Indica \/ 40% Sativa<\/strong> qui allie une saveur premium \u00e0 une puissance cristalline. Cette souche Triplo\u00efde F1 de nouvelle g\u00e9n\u00e9ration offre une intense douceur de baies, une \u00e9nergie stimulante et une clart\u00e9 apaisante \u2014 le tout envelopp\u00e9 dans des bourgeons sans graines riches en r\u00e9sine, con\u00e7us pour le haschisch, les extraits et les amateurs de saveurs. <\/p>\n","protected":false},"featured_media":2484,"comment_status":"open","ping_status":"closed","template":"","meta":[],"product_brand":[],"product_cat":[115,128],"product_tag":[179,209,180],"class_list":{"0":"post-2741","1":"product","2":"type-product","3":"status-publish","4":"has-post-thumbnail","6":"product_cat-cannabis-seeds-fr","7":"product_cat-feminized-seeds-fr-2","8":"product_tag-cannabis-fr","9":"product_tag-feminisee","10":"product_tag-graines","12":"first","13":"outofstock","14":"shipping-taxable","15":"purchasable","16":"product-type-simple"},"_links":{"self":[{"href":"https:\/\/herbalhorizons.co\/fr\/wp-json\/wp\/v2\/product\/2741","targetHints":{"allow":["GET"]}}],"collection":[{"href":"https:\/\/herbalhorizons.co\/fr\/wp-json\/wp\/v2\/product"}],"about":[{"href":"https:\/\/herbalhorizons.co\/fr\/wp-json\/wp\/v2\/types\/product"}],"replies":[{"embeddable":true,"href":"https:\/\/herbalhorizons.co\/fr\/wp-json\/wp\/v2\/comments?post=2741"}],"wp:featuredmedia":[{"embeddable":true,"href":"https:\/\/herbalhorizons.co\/fr\/wp-json\/wp\/v2\/media\/2484"}],"wp:attachment":[{"href":"https:\/\/herbalhorizons.co\/fr\/wp-json\/wp\/v2\/media?parent=2741"}],"wp:term":[{"taxonomy":"product_brand","embeddable":true,"href":"https:\/\/herbalhorizons.co\/fr\/wp-json\/wp\/v2\/product_brand?post=2741"},{"taxonomy":"product_cat","embeddable":true,"href":"https:\/\/herbalhorizons.co\/fr\/wp-json\/wp\/v2\/product_cat?post=2741"},{"taxonomy":"product_tag","embeddable":true,"href":"https:\/\/herbalhorizons.co\/fr\/wp-json\/wp\/v2\/product_tag?post=2741"}],"curies":[{"name":"wp","href":"https:\/\/api.w.org\/{rel}","templated":true}]}}