{"id":2728,"date":"2025-04-14T11:14:37","date_gmt":"2025-04-14T11:14:37","guid":{"rendered":"https:\/\/herbalhorizons.co\/product\/cherry-zkittlez-stylo-vapoteur-hhc\/"},"modified":"2025-04-23T10:24:29","modified_gmt":"2025-04-23T10:24:29","slug":"cherry-zkittlez-stylo-vapoteur-hhc","status":"publish","type":"product","link":"https:\/\/herbalhorizons.co\/fr\/produit\/cherry-zkittlez-stylo-vapoteur-hhc\/","title":{"rendered":"Cherry Zkittlez \u2013 Stylo Vapoteur HHC"},"content":{"rendered":"\n<div id=\"wd-67ebcd5c\" class=\"wp-block-wd-row\">\n<div id=\"wd-af8a8c9f\" class=\"wp-block-wd-column\">\n<h2 id=\"wd-3cbb8ed8\" class=\"wp-block-wd-title title\">Effets :<\/h2>\n\n\n\n<ul class=\"wp-block-list\">\n<li>Sensation de d\u00e9tente profonde et c\u00e9r\u00e9brale<\/li>\n\n\n\n<li>L\u00e9g\u00e8re sensation de flottement corporel<\/li>\n\n\n\n<li>Am\u00e9lioration de l&rsquo;humeur et de la sociabilit\u00e9<\/li>\n\n\n\n<li>Stimulation l\u00e9g\u00e8re avec une clart\u00e9 apaisante<\/li>\n\n\n\n<li>Parfait pour la r\u00eaverie, l&rsquo;\u00e9coute de playlists, ou peindre entre amis<\/li>\n<\/ul>\n<\/div>\n\n\n\n<div id=\"wd-33e24f4e\" class=\"wp-block-wd-column\">\n<div id=\"wd-cf5fd1b7\" class=\"wp-block-wd-table\">\n<figure class=\"wp-block-table\"><table><thead><tr><th>Ce que vous obtenez :<\/th><\/tr><\/thead><tbody><tr><td>1000mg d&rsquo;<strong>Hexahydrocannabinol (HHC)<\/strong><\/td><\/tr><tr><td>Jusqu&rsquo;\u00e0 <strong>800 bouff\u00e9es savoureuses par stylo<\/strong><\/td><\/tr><tr><td><strong>0% de THC<\/strong> \u2013 \u00e0 consommer l\u00e9galement et sans inqui\u00e9tude<\/td><\/tr><tr><td>Profils aromatiques enti\u00e8rement naturels<\/td><\/tr><tr><td>Sans additifs chimiques<\/td><\/tr><\/tbody><\/table><\/figure>\n<\/div>\n<\/div>\n\n\n\n<div id=\"wd-c78be697\" class=\"wp-block-wd-column\">\n<h2 id=\"wd-58fbe819\" class=\"wp-block-wd-title title\">Pourquoi Choisir Ce Vaporisateur ?<\/h2>\n\n\n\n<ul class=\"wp-block-list\">\n<li><strong>Discret et portatif<\/strong> \u2013 format de poche pour des sessions en d\u00e9placement<\/li>\n\n\n\n<li><strong>Haute puissance<\/strong> \u2013 1000mg de HHC pour une utilisation prolong\u00e9e<\/li>\n\n\n\n<li><strong>Le go\u00fbt des bonbons, l&rsquo;effet du cannabis<\/strong><\/li>\n<\/ul>\n<\/div>\n<\/div>\n","protected":false},"excerpt":{"rendered":"<h4 class=\"\" data-start=\"397\" data-end=\"434\">\u26a1  <strong data-start=\"238\" data-end=\"276\">Saveurs fruit\u00e9es. Euphorique. D&rsquo;une douceur exquise.  <\/strong><\/h4>\n<p class=\"\" data-start=\"445\" data-end=\"674\">Le <strong data-start=\"445\" data-end=\"464\">Cherry Zkittlez<\/strong> apporte une touche sucr\u00e9e \u00e0 votre exp\u00e9rience \u2014 une cerise audacieuse en avant-go\u00fbt suivie d&rsquo;une finale ludique de Zkittlez. Doux, sucr\u00e9, et garantissant une \u00e9l\u00e9vation de l&rsquo;humeur. Id\u00e9al pour susciter la joie, la cr\u00e9ativit\u00e9, ou simplement se d\u00e9tendre dans un monde de couleurs.  <\/p>\n","protected":false},"featured_media":2400,"comment_status":"open","ping_status":"closed","template":"","meta":[],"product_brand":[],"product_cat":[144],"product_tag":[199,198],"class_list":{"0":"post-2728","1":"product","2":"type-product","3":"status-publish","4":"has-post-thumbnail","6":"product_cat-vapes-fr-2","7":"product_tag-vaporisateur","8":"product_tag-vaporisateurs","10":"first","11":"outofstock","12":"shipping-taxable","13":"purchasable","14":"product-type-simple"},"_links":{"self":[{"href":"https:\/\/herbalhorizons.co\/fr\/wp-json\/wp\/v2\/product\/2728","targetHints":{"allow":["GET"]}}],"collection":[{"href":"https:\/\/herbalhorizons.co\/fr\/wp-json\/wp\/v2\/product"}],"about":[{"href":"https:\/\/herbalhorizons.co\/fr\/wp-json\/wp\/v2\/types\/product"}],"replies":[{"embeddable":true,"href":"https:\/\/herbalhorizons.co\/fr\/wp-json\/wp\/v2\/comments?post=2728"}],"wp:featuredmedia":[{"embeddable":true,"href":"https:\/\/herbalhorizons.co\/fr\/wp-json\/wp\/v2\/media\/2400"}],"wp:attachment":[{"href":"https:\/\/herbalhorizons.co\/fr\/wp-json\/wp\/v2\/media?parent=2728"}],"wp:term":[{"taxonomy":"product_brand","embeddable":true,"href":"https:\/\/herbalhorizons.co\/fr\/wp-json\/wp\/v2\/product_brand?post=2728"},{"taxonomy":"product_cat","embeddable":true,"href":"https:\/\/herbalhorizons.co\/fr\/wp-json\/wp\/v2\/product_cat?post=2728"},{"taxonomy":"product_tag","embeddable":true,"href":"https:\/\/herbalhorizons.co\/fr\/wp-json\/wp\/v2\/product_tag?post=2728"}],"curies":[{"name":"wp","href":"https:\/\/api.w.org\/{rel}","templated":true}]}}